{"id":7,"date":"2019-08-22T16:49:13","date_gmt":"2019-08-22T14:49:13","guid":{"rendered":"https:\/\/saumon.agence71.com\/?page_id=7"},"modified":"2026-04-08T12:31:14","modified_gmt":"2026-04-08T10:31:14","slug":"accueil","status":"publish","type":"page","link":"https:\/\/saumonecossais.com\/fr\/","title":{"rendered":"Accueil"},"content":{"rendered":"\n\n\t\t<ul>\n\t\t\t\t<li>\n\t\t\t<img decoding=\"async\" loading=\"false\" src=\"https:\/\/saumonecossais.com\/fr\/wp-content\/uploads\/2024\/08\/selr-responsive-fr-1.jpg\" alt=\"\" \/>\t\t\t\n\t\t\t\t<img loading=\"lazy\" decoding=\"async\" title=\"logo label rouge\" src=\"https:\/\/saumonecossais.com\/fr\/wp-content\/uploads\/2024\/08\/logo-label-rouge.png\" alt=\"logo label rouge\" width=\"271\" height=\"196\" \/><br \/>\nSaumon \u00e9cossais<br \/>\nLabel Rouge<br \/>\nUne saveur incomparable\n\t\t<\/li>\n\t\t\t<li>\n\t\t\t<img decoding=\"async\" loading=\"false\" src=\"https:\/\/saumonecossais.com\/fr\/wp-content\/uploads\/2024\/08\/selr-responsive-fr-2.jpg\" alt=\"\" \/>\t\t\t\n\t\t\t\t<img loading=\"lazy\" decoding=\"async\" title=\"logo label rouge\" src=\"https:\/\/saumonecossais.com\/fr\/wp-content\/uploads\/2024\/08\/logo-label-rouge.png\" alt=\" logo label rouge\" width=\"271\" height=\"196\" \/><br \/>\nSaumon \u00e9cossais<br \/>\nLabel Rouge<br \/>\nN\u00e9 et \u00e9lev\u00e9 en \u00c9cosse\n\t\t<\/li>\n\t\t\t<li>\n\t\t\t<img decoding=\"async\" loading=\"false\" src=\"https:\/\/saumonecossais.com\/fr\/wp-content\/uploads\/2024\/08\/selr-responsive-fr-3-1.jpg\" alt=\"\" \/>\t\t\t\n\t\t\t\t<img loading=\"lazy\" decoding=\"async\" title=\"logo label rouge\" src=\"https:\/\/saumonecossais.com\/fr\/wp-content\/uploads\/2024\/08\/logo-label-rouge.png\" alt=\" logo label rouge\" width=\"271\" height=\"196\" \/><br \/>\nSaumon \u00e9cossais<br \/>\nLabel Rouge<br \/>\nQualit\u00e9 sup\u00e9rieure garantie\n\t\t<\/li>\n\t\t<\/ul>\n<figure itemscope itemtype=\"https:\/\/schema.org\/ImageObject\">\n\t\t\t\t<img decoding=\"async\" src=\"https:\/\/saumonecossais.com\/fr\/wp-content\/uploads\/2024\/04\/logo-salmon-scottish.png\" alt=\"logo salmon scottish\" height=\"568\" width=\"520\" title=\"logo salmon scottish\" onerror=\"this.style.display='none'\" loading=\"lazy\" \/>\n\t<\/figure>\n\t\t\t<a href=\"https:\/\/saumonecossais.com\/fr\/qualite\/#label-rouge\" title=\"Un label d&#039;excellence\" target=\"_self\"   role=\"button\" aria-label=\"Un label d&#039;excellence\">\n\t\t\t\t\t\t\tUn label d&rsquo;excellence\n\t\t<\/a>\n\t\t\t<a href=\"https:\/\/saumonecossais.com\/fr\/provenance\/\" title=\"Les origines\" target=\"_self\"   role=\"button\" aria-label=\"Les origines\">\n\t\t\t\t\t\t\tLes origines\n\t\t<\/a>\n\tSur le pouce<br \/>\nou fin gourmet ?\n<h2>\n\t\t\tInspirations culinaires\t<\/h2>\n<figure itemscope itemtype=\"https:\/\/schema.org\/ImageObject\">\n\t\t\t\t<img decoding=\"async\" src=\"https:\/\/saumonecossais.com\/fr\/wp-content\/uploads\/2024\/04\/saumon-chorizo.png\" alt=\"saumon chorizo\" height=\"340\" width=\"536\" title=\"saumon chorizo\" onerror=\"this.style.display='none'\" loading=\"lazy\" \/>\n\t<\/figure>\n\t20<br \/>\nmin\n\t<p>Ap\u00e9ritif<\/p>\n\tSaumon Ecossais<br \/>\nLabel Rouge<br \/>\nen cro\u00fbte de chorizo\n<figure itemscope itemtype=\"https:\/\/schema.org\/ImageObject\">\n\t\t\t\t<img decoding=\"async\" src=\"https:\/\/saumonecossais.com\/fr\/wp-content\/uploads\/2024\/04\/bagel.jpg\" alt=\"bagel\" height=\"340\" width=\"536\" title=\"bagel\" onerror=\"this.style.display='none'\" loading=\"lazy\" \/>\n\t<\/figure>\n\t20<br \/>\nmin\n\t<p>Entr\u00e9e<\/p>\n\tBagel au gravlax<br \/>\nde Saumon \u00c9cossais<br \/>\nLabel Rouge\n<figure itemscope itemtype=\"https:\/\/schema.org\/ImageObject\">\n\t\t\t\t<img decoding=\"async\" src=\"https:\/\/saumonecossais.com\/fr\/wp-content\/uploads\/2024\/04\/filet-saumon.jpg\" alt=\"filet saumon\" height=\"340\" width=\"536\" title=\"filet saumon\" onerror=\"this.style.display='none'\" loading=\"lazy\" \/>\n\t<\/figure>\n\t20<br \/>\nmin\n\t<p>Plat<\/p>\n\tFilet de saumon<br \/>\n\u00e9cossais Label Rouge<br \/>\nr\u00f4ti en cro\u00fbte de<br \/>\nBeaufort et pignons de pin\n<figure itemscope itemtype=\"https:\/\/schema.org\/ImageObject\">\n\t\t\t\t<img decoding=\"async\" src=\"https:\/\/saumonecossais.com\/fr\/wp-content\/uploads\/2024\/04\/roule-saumon.jpg\" alt=\"roule saumon\" height=\"340\" width=\"536\" title=\"roule saumon\" onerror=\"this.style.display='none'\" loading=\"lazy\" \/>\n\t<\/figure>\n\t20<br \/>\nmin\n\t<p>Plat<\/p>\n\tRoul\u00e9 de saumon<br \/>\nau nori\n\tTechniques culinaires<br \/>\npour les chefs\n<h2>\n\t\t\tTechniques de chef\t<\/h2>\n\t<strong>D\u00e9couvrez l&rsquo;excellence culinaire<\/strong><br \/>\n<strong>avec ce contenu professionnel <\/strong><br \/>\n<strong>d\u00e9di\u00e9 au Saumon \u00c9cossais Label Rouge.<\/strong>\nQue vous soyez un professionnel en qu\u00eate de techniques expertes, un \u00e9tudiant passionn\u00e9 ou un amateur de cuisine, plongez dans l&rsquo;univers des esp\u00e8ces<br \/>\nde saumon, des outils indispensables,<br \/>\ndes techniques de d\u00e9coupe<br \/>\net des m\u00e9thodes de cuisson.\n<h3>\n\t\t\tProducteurs <br \/>&#038; fournisseurs\t<\/h3>\n\t\t\t<a href=\"https:\/\/saumonecossais.com\/fr\/saumon-frais-entier\/\" title=\"\u00c9levage &amp; distribution\" target=\"_self\"   role=\"button\" aria-label=\"\u00c9levage &amp; distribution\">\n\t\t\t\t\t\t\t\u00c9levage &amp; distribution\n\t\t<\/a>\n<h3>\n\t\t\tEn poissonnerie\t<\/h3>\n\tD\u00e9couvrez le Clan des Poissonniers,<br \/>\nnos partenaires privil\u00e9gi\u00e9s, soucieux d&rsquo;offrir \u00e0 leur client\u00e8le le meilleur du saumon.\n\t\t\t<a href=\"https:\/\/saumonecossais.com\/fr\/le-clan-des-poissonniers\/\" title=\"Le clan des poissonniers\" target=\"_self\"   role=\"button\" aria-label=\"Le clan des poissonniers\">\n\t\t\t\t\t\t\tLe clan des poissonniers\n\t\t<\/a>\n<h2>\n\t\t\tAu restaurant\t<\/h2>\n\t<p>Explorez les partenariats exclusifs entre le Saumon \u00c9cossais Label Rouge et des chefs et des influenceurs passionn\u00e9s, pour une exp\u00e9rience gastronomique in\u00e9gal\u00e9e.<\/p>\n\tInspirer<br \/>\nPartager<br \/>\nSavourer\n<h2>\n\t\t\tActualit\u00e9s et \u00e9v\u00e9nements\t<\/h2>\n\t<meta itemscope itemprop=\"mainEntityOfPage\" itemtype=\"https:\/\/schema.org\/WebPage\" itemid=\"https:\/\/saumonecossais.com\/fr\/partenariat-avec-amandine-chaignot\/\" content=\"Partenariat avec Amandine Chaignot\" \/><meta itemprop=\"datePublished\" content=\"2022-09-21\" \/><meta itemprop=\"dateModified\" content=\"2022-09-30\" \/><meta itemprop=\"name\" content=\"Saumon \u00c9cossais Label Rouge\"\/><meta itemprop=\"url\" content=\"https:\/\/saumonecossais.com\/fr\/author\/maelyss\/\" \/><meta itemprop=\"name\" content=\"Maelyss Berteaud\" \/><meta itemprop=\"url\" content=\"https:\/\/saumonecossais.com\/fr\/wp-content\/uploads\/2022\/09\/amandine-chaignot-saumon-label-rouge-scaled.jpg\" \/><meta itemprop=\"width\" content=\"2047\" \/><meta itemprop=\"height\" content=\"2560\" \/><meta itemprop=\"interactionType\" content=\"https:\/\/schema.org\/CommentAction\" \/><meta itemprop=\"userInteractionCount\" content=\"0\" \/>\n\t\t<a href='https:\/\/saumonecossais.com\/fr\/partenariat-avec-amandine-chaignot\/' title='Partenariat avec Amandine Chaignot'><img width=\"819\" height=\"1024\" src=\"https:\/\/saumonecossais.com\/fr\/wp-content\/uploads\/2022\/09\/amandine-chaignot-saumon-label-rouge-819x1024.jpg\" alt=\"\" itemprop=\"image\" decoding=\"async\" loading=\"lazy\" srcset=\"https:\/\/saumonecossais.com\/fr\/wp-content\/uploads\/2022\/09\/amandine-chaignot-saumon-label-rouge-819x1024.jpg 819w, https:\/\/saumonecossais.com\/fr\/wp-content\/uploads\/2022\/09\/amandine-chaignot-saumon-label-rouge-240x300.jpg 240w, https:\/\/saumonecossais.com\/fr\/wp-content\/uploads\/2022\/09\/amandine-chaignot-saumon-label-rouge-768x961.jpg 768w, https:\/\/saumonecossais.com\/fr\/wp-content\/uploads\/2022\/09\/amandine-chaignot-saumon-label-rouge-1228x1536.jpg 1228w, https:\/\/saumonecossais.com\/fr\/wp-content\/uploads\/2022\/09\/amandine-chaignot-saumon-label-rouge-1637x2048.jpg 1637w, https:\/\/saumonecossais.com\/fr\/wp-content\/uploads\/2022\/09\/amandine-chaignot-saumon-label-rouge-scaled.jpg 2047w\" sizes=\"auto, (max-width: 819px) 100vw, 819px\" \/><\/a>\n<h4>Partenariats<\/h4>\n<h3><a href='https:\/\/saumonecossais.com\/fr\/partenariat-avec-amandine-chaignot\/' title='Partenariat avec Amandine Chaignot'>Partenariat avec Amandine Chaignot<\/a><\/h3>\n\n\t<a href='https:\/\/saumonecossais.com\/fr\/partenariat-avec-amandine-chaignot\/' title='Lire'>Lire<\/a>\n\n\t<meta itemscope itemprop=\"mainEntityOfPage\" itemtype=\"https:\/\/schema.org\/WebPage\" itemid=\"https:\/\/saumonecossais.com\/fr\/le-saumon-ecossais-label-rouge-fete-ses-30-ans\/\" content=\"Le saumon \u00e9cossais Label Rouge f\u00eate ses 30 ans\" \/><meta itemprop=\"datePublished\" content=\"2022-04-08\" \/><meta itemprop=\"dateModified\" content=\"2024-05-22\" \/><meta itemprop=\"name\" content=\"Saumon \u00c9cossais Label Rouge\"\/><meta itemprop=\"url\" content=\"https:\/\/saumonecossais.com\/fr\/author\/maelyss\/\" \/><meta itemprop=\"name\" content=\"Maelyss Berteaud\" \/><meta itemprop=\"url\" content=\"https:\/\/saumonecossais.com\/fr\/wp-content\/uploads\/2022\/04\/logo-selr-30-ans-scaled.jpg\" \/><meta itemprop=\"width\" content=\"2047\" \/><meta itemprop=\"height\" content=\"2560\" \/><meta itemprop=\"interactionType\" content=\"https:\/\/schema.org\/CommentAction\" \/><meta itemprop=\"userInteractionCount\" content=\"0\" \/>\n\t\t<a href='https:\/\/saumonecossais.com\/fr\/le-saumon-ecossais-label-rouge-fete-ses-30-ans\/' title='Le saumon \u00e9cossais Label Rouge f\u00eate ses 30 ans'><img width=\"819\" height=\"1024\" src=\"https:\/\/saumonecossais.com\/fr\/wp-content\/uploads\/2022\/04\/logo-selr-30-ans-819x1024.jpg\" alt=\"\" itemprop=\"image\" decoding=\"async\" loading=\"lazy\" srcset=\"https:\/\/saumonecossais.com\/fr\/wp-content\/uploads\/2022\/04\/logo-selr-30-ans-819x1024.jpg 819w, https:\/\/saumonecossais.com\/fr\/wp-content\/uploads\/2022\/04\/logo-selr-30-ans-240x300.jpg 240w, https:\/\/saumonecossais.com\/fr\/wp-content\/uploads\/2022\/04\/logo-selr-30-ans-768x961.jpg 768w, https:\/\/saumonecossais.com\/fr\/wp-content\/uploads\/2022\/04\/logo-selr-30-ans-1228x1536.jpg 1228w, https:\/\/saumonecossais.com\/fr\/wp-content\/uploads\/2022\/04\/logo-selr-30-ans-1637x2048.jpg 1637w, https:\/\/saumonecossais.com\/fr\/wp-content\/uploads\/2022\/04\/logo-selr-30-ans-scaled.jpg 2047w\" sizes=\"auto, (max-width: 819px) 100vw, 819px\" \/><\/a>\n<h4>Partenariats<\/h4>\n<h3><a href='https:\/\/saumonecossais.com\/fr\/le-saumon-ecossais-label-rouge-fete-ses-30-ans\/' title='Le saumon \u00e9cossais Label Rouge f\u00eate ses 30 ans'>Le saumon \u00e9cossais Label Rouge f\u00eate ses 30 ans<\/a><\/h3>\n\n\t<a href='https:\/\/saumonecossais.com\/fr\/le-saumon-ecossais-label-rouge-fete-ses-30-ans\/' title='Lire'>Lire<\/a>\n\n\t<meta itemscope itemprop=\"mainEntityOfPage\" itemtype=\"https:\/\/schema.org\/WebPage\" itemid=\"https:\/\/saumonecossais.com\/fr\/le-whisky-ecossais-avec-lucas-vivien\/\" content=\"Le Whisky \u00e9cossais avec Lucas Vivien\" \/><meta itemprop=\"datePublished\" content=\"2021-11-29\" \/><meta itemprop=\"dateModified\" content=\"2021-11-29\" \/><meta itemprop=\"name\" content=\"Saumon \u00c9cossais Label Rouge\"\/><meta itemprop=\"url\" content=\"https:\/\/saumonecossais.com\/fr\/author\/saumdmin\/\" \/><meta itemprop=\"name\" content=\"saum@dmin\" \/><meta itemprop=\"url\" content=\"https:\/\/saumonecossais.com\/fr\/wp-content\/uploads\/2021\/11\/GK5A8276-scaled.jpg\" \/><meta itemprop=\"width\" content=\"2560\" \/><meta itemprop=\"height\" content=\"2560\" \/><meta itemprop=\"interactionType\" content=\"https:\/\/schema.org\/CommentAction\" \/><meta itemprop=\"userInteractionCount\" content=\"0\" \/>\n\t\t<a href='https:\/\/saumonecossais.com\/fr\/le-whisky-ecossais-avec-lucas-vivien\/' title='Le Whisky \u00e9cossais avec Lucas Vivien'><img width=\"1024\" height=\"1024\" src=\"https:\/\/saumonecossais.com\/fr\/wp-content\/uploads\/2021\/11\/GK5A8276-1024x1024.jpg\" alt=\"Whisky-shop\" itemprop=\"image\" decoding=\"async\" loading=\"lazy\" srcset=\"https:\/\/saumonecossais.com\/fr\/wp-content\/uploads\/2021\/11\/GK5A8276-1024x1024.jpg 1024w, https:\/\/saumonecossais.com\/fr\/wp-content\/uploads\/2021\/11\/GK5A8276-300x300.jpg 300w, https:\/\/saumonecossais.com\/fr\/wp-content\/uploads\/2021\/11\/GK5A8276-150x150.jpg 150w, https:\/\/saumonecossais.com\/fr\/wp-content\/uploads\/2021\/11\/GK5A8276-768x768.jpg 768w, https:\/\/saumonecossais.com\/fr\/wp-content\/uploads\/2021\/11\/GK5A8276-1536x1536.jpg 1536w, https:\/\/saumonecossais.com\/fr\/wp-content\/uploads\/2021\/11\/GK5A8276-2048x2048.jpg 2048w\" sizes=\"auto, (max-width: 1024px) 100vw, 1024px\" \/><\/a>\n<h4>Partenariats<\/h4>\n<h3><a href='https:\/\/saumonecossais.com\/fr\/le-whisky-ecossais-avec-lucas-vivien\/' title='Le Whisky \u00e9cossais avec Lucas Vivien'>Le Whisky \u00e9cossais avec Lucas Vivien<\/a><\/h3>\n\n\t<a href='https:\/\/saumonecossais.com\/fr\/le-whisky-ecossais-avec-lucas-vivien\/' title='Lire'>Lire<\/a>\n\n\t<meta itemscope itemprop=\"mainEntityOfPage\" itemtype=\"https:\/\/schema.org\/WebPage\" itemid=\"https:\/\/saumonecossais.com\/fr\/a-la-rencontre-du-chef-hirose-abe-chef-sushi\/\" content=\"\u00c0 la rencontre du chef Hirose Abe, Chef Sushi\" \/><meta itemprop=\"datePublished\" content=\"2021-11-29\" \/><meta itemprop=\"dateModified\" content=\"2021-11-29\" \/><meta itemprop=\"name\" content=\"Saumon \u00c9cossais Label Rouge\"\/><meta itemprop=\"url\" content=\"https:\/\/saumonecossais.com\/fr\/author\/saumdmin\/\" \/><meta itemprop=\"name\" content=\"saum@dmin\" \/><meta itemprop=\"url\" content=\"https:\/\/saumonecossais.com\/fr\/wp-content\/uploads\/2021\/11\/GK5A8430.jpg\" \/><meta itemprop=\"width\" content=\"1200\" \/><meta itemprop=\"height\" content=\"1200\" \/><meta itemprop=\"interactionType\" content=\"https:\/\/schema.org\/CommentAction\" \/><meta itemprop=\"userInteractionCount\" content=\"0\" \/>\n\t\t<a href='https:\/\/saumonecossais.com\/fr\/a-la-rencontre-du-chef-hirose-abe-chef-sushi\/' title='\u00c0 la rencontre du chef Hirose Abe, Chef Sushi'><img width=\"1024\" height=\"1024\" src=\"https:\/\/saumonecossais.com\/fr\/wp-content\/uploads\/2021\/11\/GK5A8430-1024x1024.jpg\" alt=\"hirose-abe\" itemprop=\"image\" decoding=\"async\" loading=\"lazy\" srcset=\"https:\/\/saumonecossais.com\/fr\/wp-content\/uploads\/2021\/11\/GK5A8430-1024x1024.jpg 1024w, https:\/\/saumonecossais.com\/fr\/wp-content\/uploads\/2021\/11\/GK5A8430-300x300.jpg 300w, https:\/\/saumonecossais.com\/fr\/wp-content\/uploads\/2021\/11\/GK5A8430-150x150.jpg 150w, https:\/\/saumonecossais.com\/fr\/wp-content\/uploads\/2021\/11\/GK5A8430-768x768.jpg 768w, https:\/\/saumonecossais.com\/fr\/wp-content\/uploads\/2021\/11\/GK5A8430.jpg 1200w\" sizes=\"auto, (max-width: 1024px) 100vw, 1024px\" \/><\/a>\n<h4>Partenariats<\/h4>\n<h3><a href='https:\/\/saumonecossais.com\/fr\/a-la-rencontre-du-chef-hirose-abe-chef-sushi\/' title='\u00c0 la rencontre du chef Hirose Abe, Chef Sushi'>\u00c0 la rencontre du chef Hirose Abe, Chef Sushi<\/a><\/h3>\n\n\t<a href='https:\/\/saumonecossais.com\/fr\/a-la-rencontre-du-chef-hirose-abe-chef-sushi\/' title='Lire'>Lire<\/a>\n\n\n","protected":false},"excerpt":{"rendered":"<p>Saumon \u00e9cossais Label Rouge Une saveur incomparable Saumon \u00e9cossais Label Rouge N\u00e9 et \u00e9lev\u00e9 en \u00c9cosse Saumon \u00e9cossais Label Rouge Qualit\u00e9 sup\u00e9rieure garantie Un label d&rsquo;excellence Les origines Sur le pouce ou fin gourmet ? Inspirations culinaires 20 min Ap\u00e9ritif Saumon Ecossais Label Rouge en cro\u00fbte de chorizo 20 min Entr\u00e9e Bagel au gravlax de&hellip;<\/p>\n","protected":false},"author":1,"featured_media":0,"parent":0,"menu_order":0,"comment_status":"closed","ping_status":"closed","template":"","meta":{"footnotes":""},"class_list":["post-7","page","type-page","status-publish","hentry"],"yoast_head":"<!-- This site is optimized with the Yoast SEO plugin v27.4 - https:\/\/yoast.com\/product\/yoast-seo-wordpress\/ -->\n<title>Accueil - Saumon \u00c9cossais Label Rouge<\/title>\n<meta name=\"description\" content=\"D\u00e9couvrez le Saumon \u00c9cossais Label Rouge, le premier poisson \u00e0 obtenir le prestigieux Label Rouge. Qualit\u00e9 et origine garanties.\" \/>\n<meta name=\"robots\" content=\"index, follow, max-snippet:-1, max-image-preview:large, max-video-preview:-1\" \/>\n<link rel=\"canonical\" href=\"https:\/\/saumonecossais.com\/fr\/\" \/>\n<meta property=\"og:locale\" content=\"fr_FR\" \/>\n<meta property=\"og:type\" content=\"article\" \/>\n<meta property=\"og:title\" content=\"Accueil - Saumon \u00c9cossais Label Rouge\" \/>\n<meta property=\"og:description\" content=\"D\u00e9couvrez le Saumon \u00c9cossais Label Rouge, le premier poisson \u00e0 obtenir le prestigieux Label Rouge. Qualit\u00e9 et origine garanties.\" \/>\n<meta property=\"og:url\" content=\"https:\/\/saumonecossais.com\/fr\/\" \/>\n<meta property=\"og:site_name\" content=\"Saumon \u00c9cossais Label Rouge\" \/>\n<meta property=\"article:modified_time\" content=\"2026-04-08T10:31:14+00:00\" \/>\n<meta property=\"og:image\" content=\"https:\/\/saumonecossais.com\/fr\/wp-content\/uploads\/2024\/08\/selr-responsive-fr-1.jpg\" \/>\n<meta name=\"twitter:card\" content=\"summary_large_image\" \/>\n<meta name=\"twitter:label1\" content=\"Dur\u00e9e de lecture estim\u00e9e\" \/>\n\t<meta name=\"twitter:data1\" content=\"5 minutes\" \/>\n<script type=\"application\/ld+json\" class=\"yoast-schema-graph\">{\"@context\":\"https:\\\/\\\/schema.org\",\"@graph\":[{\"@type\":\"WebPage\",\"@id\":\"https:\\\/\\\/saumonecossais.com\\\/fr\\\/\",\"url\":\"https:\\\/\\\/saumonecossais.com\\\/fr\\\/\",\"name\":\"Accueil - Saumon \u00c9cossais Label Rouge\",\"isPartOf\":{\"@id\":\"https:\\\/\\\/saumonecossais.com\\\/fr\\\/#website\"},\"primaryImageOfPage\":{\"@id\":\"https:\\\/\\\/saumonecossais.com\\\/fr\\\/#primaryimage\"},\"image\":{\"@id\":\"https:\\\/\\\/saumonecossais.com\\\/fr\\\/#primaryimage\"},\"thumbnailUrl\":\"https:\\\/\\\/saumonecossais.com\\\/fr\\\/wp-content\\\/uploads\\\/2024\\\/08\\\/selr-responsive-fr-1.jpg\",\"datePublished\":\"2019-08-22T14:49:13+00:00\",\"dateModified\":\"2026-04-08T10:31:14+00:00\",\"description\":\"D\u00e9couvrez le Saumon \u00c9cossais Label Rouge, le premier poisson \u00e0 obtenir le prestigieux Label Rouge. Qualit\u00e9 et origine garanties.\",\"breadcrumb\":{\"@id\":\"https:\\\/\\\/saumonecossais.com\\\/fr\\\/#breadcrumb\"},\"inLanguage\":\"fr-FR\",\"potentialAction\":[{\"@type\":\"ReadAction\",\"target\":[\"https:\\\/\\\/saumonecossais.com\\\/fr\\\/\"]}]},{\"@type\":\"ImageObject\",\"inLanguage\":\"fr-FR\",\"@id\":\"https:\\\/\\\/saumonecossais.com\\\/fr\\\/#primaryimage\",\"url\":\"https:\\\/\\\/saumonecossais.com\\\/fr\\\/wp-content\\\/uploads\\\/2024\\\/08\\\/selr-responsive-fr-1.jpg\",\"contentUrl\":\"https:\\\/\\\/saumonecossais.com\\\/fr\\\/wp-content\\\/uploads\\\/2024\\\/08\\\/selr-responsive-fr-1.jpg\",\"width\":828,\"height\":1484},{\"@type\":\"BreadcrumbList\",\"@id\":\"https:\\\/\\\/saumonecossais.com\\\/fr\\\/#breadcrumb\",\"itemListElement\":[{\"@type\":\"ListItem\",\"position\":1,\"name\":\"Accueil\",\"item\":\"https:\\\/\\\/saumonecossais.com\\\/fr\\\/\"},{\"@type\":\"ListItem\",\"position\":2,\"name\":\"Accueil\"}]},{\"@type\":\"WebSite\",\"@id\":\"https:\\\/\\\/saumonecossais.com\\\/fr\\\/#website\",\"url\":\"https:\\\/\\\/saumonecossais.com\\\/fr\\\/\",\"name\":\"Saumon \u00c9cossais Label Rouge\",\"description\":\"Qualit\u00e9 et origine garanties\",\"publisher\":{\"@id\":\"https:\\\/\\\/saumonecossais.com\\\/fr\\\/#organization\"},\"alternateName\":\"SELR\",\"potentialAction\":[{\"@type\":\"SearchAction\",\"target\":{\"@type\":\"EntryPoint\",\"urlTemplate\":\"https:\\\/\\\/saumonecossais.com\\\/fr\\\/?s={search_term_string}\"},\"query-input\":{\"@type\":\"PropertyValueSpecification\",\"valueRequired\":true,\"valueName\":\"search_term_string\"}}],\"inLanguage\":\"fr-FR\"},{\"@type\":\"Organization\",\"@id\":\"https:\\\/\\\/saumonecossais.com\\\/fr\\\/#organization\",\"name\":\"Saumon \u00c9cossais Label Rouge\",\"alternateName\":\"SELR\",\"url\":\"https:\\\/\\\/saumonecossais.com\\\/fr\\\/\",\"logo\":{\"@type\":\"ImageObject\",\"inLanguage\":\"fr-FR\",\"@id\":\"https:\\\/\\\/saumonecossais.com\\\/fr\\\/#\\\/schema\\\/logo\\\/image\\\/\",\"url\":\"https:\\\/\\\/saumonecossais.com\\\/fr\\\/wp-content\\\/uploads\\\/2024\\\/06\\\/SELR-logo.png\",\"contentUrl\":\"https:\\\/\\\/saumonecossais.com\\\/fr\\\/wp-content\\\/uploads\\\/2024\\\/06\\\/SELR-logo.png\",\"width\":696,\"height\":696,\"caption\":\"Saumon \u00c9cossais Label Rouge\"},\"image\":{\"@id\":\"https:\\\/\\\/saumonecossais.com\\\/fr\\\/#\\\/schema\\\/logo\\\/image\\\/\"}}]}<\/script>\n<!-- \/ Yoast SEO plugin. -->","yoast_head_json":{"title":"Accueil - Saumon \u00c9cossais Label Rouge","description":"D\u00e9couvrez le Saumon \u00c9cossais Label Rouge, le premier poisson \u00e0 obtenir le prestigieux Label Rouge. Qualit\u00e9 et origine garanties.","robots":{"index":"index","follow":"follow","max-snippet":"max-snippet:-1","max-image-preview":"max-image-preview:large","max-video-preview":"max-video-preview:-1"},"canonical":"https:\/\/saumonecossais.com\/fr\/","og_locale":"fr_FR","og_type":"article","og_title":"Accueil - Saumon \u00c9cossais Label Rouge","og_description":"D\u00e9couvrez le Saumon \u00c9cossais Label Rouge, le premier poisson \u00e0 obtenir le prestigieux Label Rouge. Qualit\u00e9 et origine garanties.","og_url":"https:\/\/saumonecossais.com\/fr\/","og_site_name":"Saumon \u00c9cossais Label Rouge","article_modified_time":"2026-04-08T10:31:14+00:00","og_image":[{"url":"https:\/\/saumonecossais.com\/fr\/wp-content\/uploads\/2024\/08\/selr-responsive-fr-1.jpg","type":"","width":"","height":""}],"twitter_card":"summary_large_image","twitter_misc":{"Dur\u00e9e de lecture estim\u00e9e":"5 minutes"},"schema":{"@context":"https:\/\/schema.org","@graph":[{"@type":"WebPage","@id":"https:\/\/saumonecossais.com\/fr\/","url":"https:\/\/saumonecossais.com\/fr\/","name":"Accueil - Saumon \u00c9cossais Label Rouge","isPartOf":{"@id":"https:\/\/saumonecossais.com\/fr\/#website"},"primaryImageOfPage":{"@id":"https:\/\/saumonecossais.com\/fr\/#primaryimage"},"image":{"@id":"https:\/\/saumonecossais.com\/fr\/#primaryimage"},"thumbnailUrl":"https:\/\/saumonecossais.com\/fr\/wp-content\/uploads\/2024\/08\/selr-responsive-fr-1.jpg","datePublished":"2019-08-22T14:49:13+00:00","dateModified":"2026-04-08T10:31:14+00:00","description":"D\u00e9couvrez le Saumon \u00c9cossais Label Rouge, le premier poisson \u00e0 obtenir le prestigieux Label Rouge. Qualit\u00e9 et origine garanties.","breadcrumb":{"@id":"https:\/\/saumonecossais.com\/fr\/#breadcrumb"},"inLanguage":"fr-FR","potentialAction":[{"@type":"ReadAction","target":["https:\/\/saumonecossais.com\/fr\/"]}]},{"@type":"ImageObject","inLanguage":"fr-FR","@id":"https:\/\/saumonecossais.com\/fr\/#primaryimage","url":"https:\/\/saumonecossais.com\/fr\/wp-content\/uploads\/2024\/08\/selr-responsive-fr-1.jpg","contentUrl":"https:\/\/saumonecossais.com\/fr\/wp-content\/uploads\/2024\/08\/selr-responsive-fr-1.jpg","width":828,"height":1484},{"@type":"BreadcrumbList","@id":"https:\/\/saumonecossais.com\/fr\/#breadcrumb","itemListElement":[{"@type":"ListItem","position":1,"name":"Accueil","item":"https:\/\/saumonecossais.com\/fr\/"},{"@type":"ListItem","position":2,"name":"Accueil"}]},{"@type":"WebSite","@id":"https:\/\/saumonecossais.com\/fr\/#website","url":"https:\/\/saumonecossais.com\/fr\/","name":"Saumon \u00c9cossais Label Rouge","description":"Qualit\u00e9 et origine garanties","publisher":{"@id":"https:\/\/saumonecossais.com\/fr\/#organization"},"alternateName":"SELR","potentialAction":[{"@type":"SearchAction","target":{"@type":"EntryPoint","urlTemplate":"https:\/\/saumonecossais.com\/fr\/?s={search_term_string}"},"query-input":{"@type":"PropertyValueSpecification","valueRequired":true,"valueName":"search_term_string"}}],"inLanguage":"fr-FR"},{"@type":"Organization","@id":"https:\/\/saumonecossais.com\/fr\/#organization","name":"Saumon \u00c9cossais Label Rouge","alternateName":"SELR","url":"https:\/\/saumonecossais.com\/fr\/","logo":{"@type":"ImageObject","inLanguage":"fr-FR","@id":"https:\/\/saumonecossais.com\/fr\/#\/schema\/logo\/image\/","url":"https:\/\/saumonecossais.com\/fr\/wp-content\/uploads\/2024\/06\/SELR-logo.png","contentUrl":"https:\/\/saumonecossais.com\/fr\/wp-content\/uploads\/2024\/06\/SELR-logo.png","width":696,"height":696,"caption":"Saumon \u00c9cossais Label Rouge"},"image":{"@id":"https:\/\/saumonecossais.com\/fr\/#\/schema\/logo\/image\/"}}]}},"_links":{"self":[{"href":"https:\/\/saumonecossais.com\/fr\/wp-json\/wp\/v2\/pages\/7","targetHints":{"allow":["GET"]}}],"collection":[{"href":"https:\/\/saumonecossais.com\/fr\/wp-json\/wp\/v2\/pages"}],"about":[{"href":"https:\/\/saumonecossais.com\/fr\/wp-json\/wp\/v2\/types\/page"}],"author":[{"embeddable":true,"href":"https:\/\/saumonecossais.com\/fr\/wp-json\/wp\/v2\/users\/1"}],"replies":[{"embeddable":true,"href":"https:\/\/saumonecossais.com\/fr\/wp-json\/wp\/v2\/comments?post=7"}],"version-history":[{"count":12,"href":"https:\/\/saumonecossais.com\/fr\/wp-json\/wp\/v2\/pages\/7\/revisions"}],"predecessor-version":[{"id":5492,"href":"https:\/\/saumonecossais.com\/fr\/wp-json\/wp\/v2\/pages\/7\/revisions\/5492"}],"wp:attachment":[{"href":"https:\/\/saumonecossais.com\/fr\/wp-json\/wp\/v2\/media?parent=7"}],"curies":[{"name":"wp","href":"https:\/\/api.w.org\/{rel}","templated":true}]}}