{"id":2545,"date":"2020-02-13T13:54:16","date_gmt":"2020-02-13T12:54:16","guid":{"rendered":"https:\/\/saumonecossais.com\/fr\/?page_id=2545"},"modified":"2024-06-04T15:53:03","modified_gmt":"2024-06-04T13:53:03","slug":"benefices-sante","status":"publish","type":"page","link":"https:\/\/saumonecossais.com\/fr\/benefices-sante\/","title":{"rendered":"B\u00e9n\u00e9fices Sant\u00e9"},"content":{"rendered":"\n\n\t<h1>Le Saumon \u00c9cossais Label Rouge, source de bienfaits pour la sant\u00e9<\/h1>\n\t<p>Une source naturelle d&rsquo;\u00e9l\u00e9ments bons pour l&rsquo;organisme<\/p>\n<h2>\n\t\tUne source d&rsquo;\u00e9l\u00e9ments pr\u00e9cieux pour notre sant\u00e9\n\t<\/h2>\n\t<strong>Des bienfaits indispensables pour notre organisme<\/strong><br \/>\nManger r\u00e9guli\u00e8rement du poisson, c&rsquo;est \u00e9galement s&rsquo;assurer un apport d&rsquo;\u00e9l\u00e9ments indispensables au bon fonctionnement de notre corps notamment :\n<ul>\n<li>les <strong>prot\u00e9ines<\/strong>, essentielles pour notre organisme,<\/li>\n<li>les <strong>oligo-\u00e9l\u00e9ments<\/strong>\u00a0utiles au cerveau et au syst\u00e8me nerveux,<\/li>\n<li>les <strong>vitamines<\/strong> A, D et du groupe B indispensables \u00e0 la croissance,<\/li>\n<li>les <strong>min\u00e9raux<\/strong> comme le phosphore.<\/li>\n<\/ul>\n<p>Un poisson tel que le Saumon \u00e9cossais Label Rouge sera donc une source de <strong>bienfaits pour notre sant\u00e9<\/strong> mais aussi une source de plaisir gustatif qui contribue \u00e0 son renom depuis de nombreuses ann\u00e9es.<\/p>\n\t\t\t\t<img loading=\"lazy\" decoding=\"async\" src=\"https:\/\/saumonecossais.com\/fr\/wp-content\/uploads\/2020\/02\/picto_benefice_sante.jpg\" alt=\"La consommation de Saumon Ecossais Label Rouge est bon pour la sant\u00e9 gr\u00e2ce aux Omega 3 qu&#039;il d\u00e9tient\" itemprop=\"image\" height=\"283\" width=\"400\" title=\"La consommation de Saumon Ecossais Label Rouge est bon pour la sant\u00e9 gr\u00e2ce aux Omega 3 qu&#039;il d\u00e9tient\" onerror=\"this.style.display='none'\"  \/>\n<h2>\n\t\tRiche en Omega 3\n\t<\/h2>\n\t<strong>Une excellente source naturelle d&rsquo;acides gras Omega 3<\/strong><br \/>\nUn poisson gras tel que le saumon est particuli\u00e8rement riche en <strong>acides gras<\/strong> polyinsatur\u00e9s dont les Omega 3 qui offrent des propri\u00e9t\u00e9s int\u00e9ressantes pour notre sant\u00e9.\n<p>Les acides gras sont en effet n\u00e9cessaires au d\u00e9veloppement et au fonctionnement de la <strong>r\u00e9tine<\/strong>, du <strong>cerveau<\/strong> et du <strong>syst\u00e8me nerveux<\/strong>. Ils ont \u00e9galement un effet protecteur sur le <strong>syst\u00e8me cardio-vasculaire<\/strong>.<\/p>\n<p>L&rsquo;organisme n&rsquo;est pas en mesure de produire les <strong>Omega 3<\/strong> en quantit\u00e9 suffisante. Il est donc primordial d&rsquo;en consommer et les poissons gras tels que le saumon en sont une excellente source naturelle.<\/p>\n<p>C&rsquo;est la raison pour laquelle des agences officielles au premier rang desquelles l&rsquo;<a href=\"https:\/\/www.anses.fr\/fr\">Anses<\/a>\u00b9 et son \u00e9quivalent britannique, la <strong>FSA<\/strong>\u00b2 recommandent la consommation r\u00e9guli\u00e8re de poissons gras tels que le saumon.<\/p>\n\t<p><em>\u00b9 Anses : Agence nationale de s\u00e9curit\u00e9 sanitaire de l&rsquo;alimentation, de l&rsquo;environnement et du travail.<\/em><\/p>\n<p><em>\u00b2 Food Standard Agency. La FSA est une agence gouvernementale britannique ind\u00e9pendante dont le r\u00f4le est de prot\u00e9ger la sant\u00e9 publique et les int\u00e9r\u00eats du consommateur dans le domaine agroalimentaire.<\/em><\/p>\n\n","protected":false},"excerpt":{"rendered":"<p>Le Saumon \u00c9cossais Label Rouge, source de bienfaits pour la sant\u00e9 Une source naturelle d&rsquo;\u00e9l\u00e9ments bons pour l&rsquo;organisme Une source d&rsquo;\u00e9l\u00e9ments pr\u00e9cieux pour notre sant\u00e9 Des bienfaits indispensables pour notre organisme Manger r\u00e9guli\u00e8rement du poisson, c&rsquo;est \u00e9galement s&rsquo;assurer un apport d&rsquo;\u00e9l\u00e9ments indispensables au bon fonctionnement de notre corps notamment : les prot\u00e9ines, essentielles pour notre&hellip;<\/p>\n","protected":false},"author":1,"featured_media":0,"parent":0,"menu_order":0,"comment_status":"closed","ping_status":"closed","template":"","meta":{"footnotes":""},"class_list":["post-2545","page","type-page","status-publish","hentry"],"yoast_head":"<!-- This site is optimized with the Yoast SEO plugin v27.4 - https:\/\/yoast.com\/product\/yoast-seo-wordpress\/ -->\n<title>B\u00e9n\u00e9fices Sant\u00e9 - Saumon \u00c9cossais Label Rouge<\/title>\n<meta name=\"description\" content=\"D\u00e9couvrez les b\u00e9n\u00e9fices sur votre sant\u00e9 que procure la consommation de Saumon Ecossais Label Rouge. Des Omega 3 et d&#039;autres \u00e9lements bon pour l&#039;organisme.\" \/>\n<meta name=\"robots\" content=\"index, follow, max-snippet:-1, max-image-preview:large, max-video-preview:-1\" \/>\n<link rel=\"canonical\" href=\"https:\/\/saumonecossais.com\/fr\/benefices-sante\/\" \/>\n<meta property=\"og:locale\" content=\"fr_FR\" \/>\n<meta property=\"og:type\" content=\"article\" \/>\n<meta property=\"og:title\" content=\"B\u00e9n\u00e9fices Sant\u00e9 - Saumon \u00c9cossais Label Rouge\" \/>\n<meta property=\"og:description\" content=\"D\u00e9couvrez les b\u00e9n\u00e9fices sur votre sant\u00e9 que procure la consommation de Saumon Ecossais Label Rouge. Des Omega 3 et d&#039;autres \u00e9lements bon pour l&#039;organisme.\" \/>\n<meta property=\"og:url\" content=\"https:\/\/saumonecossais.com\/fr\/benefices-sante\/\" \/>\n<meta property=\"og:site_name\" content=\"Saumon \u00c9cossais Label Rouge\" \/>\n<meta property=\"article:modified_time\" content=\"2024-06-04T13:53:03+00:00\" \/>\n<meta property=\"og:image\" content=\"https:\/\/saumonecossais.com\/fr\/wp-content\/uploads\/2020\/02\/picto_benefice_sante.jpg\" \/>\n<meta name=\"twitter:card\" content=\"summary_large_image\" \/>\n<meta name=\"twitter:label1\" content=\"Dur\u00e9e de lecture estim\u00e9e\" \/>\n\t<meta name=\"twitter:data1\" content=\"2 minutes\" \/>\n<script type=\"application\/ld+json\" class=\"yoast-schema-graph\">{\"@context\":\"https:\\\/\\\/schema.org\",\"@graph\":[{\"@type\":\"WebPage\",\"@id\":\"https:\\\/\\\/saumonecossais.com\\\/fr\\\/benefices-sante\\\/\",\"url\":\"https:\\\/\\\/saumonecossais.com\\\/fr\\\/benefices-sante\\\/\",\"name\":\"B\u00e9n\u00e9fices Sant\u00e9 - Saumon \u00c9cossais Label Rouge\",\"isPartOf\":{\"@id\":\"https:\\\/\\\/saumonecossais.com\\\/fr\\\/#website\"},\"primaryImageOfPage\":{\"@id\":\"https:\\\/\\\/saumonecossais.com\\\/fr\\\/benefices-sante\\\/#primaryimage\"},\"image\":{\"@id\":\"https:\\\/\\\/saumonecossais.com\\\/fr\\\/benefices-sante\\\/#primaryimage\"},\"thumbnailUrl\":\"https:\\\/\\\/saumonecossais.com\\\/fr\\\/wp-content\\\/uploads\\\/2020\\\/02\\\/picto_benefice_sante.jpg\",\"datePublished\":\"2020-02-13T12:54:16+00:00\",\"dateModified\":\"2024-06-04T13:53:03+00:00\",\"description\":\"D\u00e9couvrez les b\u00e9n\u00e9fices sur votre sant\u00e9 que procure la consommation de Saumon Ecossais Label Rouge. Des Omega 3 et d'autres \u00e9lements bon pour l'organisme.\",\"breadcrumb\":{\"@id\":\"https:\\\/\\\/saumonecossais.com\\\/fr\\\/benefices-sante\\\/#breadcrumb\"},\"inLanguage\":\"fr-FR\",\"potentialAction\":[{\"@type\":\"ReadAction\",\"target\":[\"https:\\\/\\\/saumonecossais.com\\\/fr\\\/benefices-sante\\\/\"]}]},{\"@type\":\"ImageObject\",\"inLanguage\":\"fr-FR\",\"@id\":\"https:\\\/\\\/saumonecossais.com\\\/fr\\\/benefices-sante\\\/#primaryimage\",\"url\":\"https:\\\/\\\/saumonecossais.com\\\/fr\\\/wp-content\\\/uploads\\\/2020\\\/02\\\/picto_benefice_sante.jpg\",\"contentUrl\":\"https:\\\/\\\/saumonecossais.com\\\/fr\\\/wp-content\\\/uploads\\\/2020\\\/02\\\/picto_benefice_sante.jpg\",\"width\":400,\"height\":283,\"caption\":\"La consommation de Saumon Ecossais Label Rouge est bon pour la sant\u00e9 gr\u00e2ce aux Omega 3 qu'il d\u00e9tient\"},{\"@type\":\"BreadcrumbList\",\"@id\":\"https:\\\/\\\/saumonecossais.com\\\/fr\\\/benefices-sante\\\/#breadcrumb\",\"itemListElement\":[{\"@type\":\"ListItem\",\"position\":1,\"name\":\"Accueil\",\"item\":\"https:\\\/\\\/saumonecossais.com\\\/fr\\\/\"},{\"@type\":\"ListItem\",\"position\":2,\"name\":\"B\u00e9n\u00e9fices Sant\u00e9\"}]},{\"@type\":\"WebSite\",\"@id\":\"https:\\\/\\\/saumonecossais.com\\\/fr\\\/#website\",\"url\":\"https:\\\/\\\/saumonecossais.com\\\/fr\\\/\",\"name\":\"Saumon \u00c9cossais Label Rouge\",\"description\":\"Qualit\u00e9 et origine garanties\",\"publisher\":{\"@id\":\"https:\\\/\\\/saumonecossais.com\\\/fr\\\/#organization\"},\"alternateName\":\"SELR\",\"potentialAction\":[{\"@type\":\"SearchAction\",\"target\":{\"@type\":\"EntryPoint\",\"urlTemplate\":\"https:\\\/\\\/saumonecossais.com\\\/fr\\\/?s={search_term_string}\"},\"query-input\":{\"@type\":\"PropertyValueSpecification\",\"valueRequired\":true,\"valueName\":\"search_term_string\"}}],\"inLanguage\":\"fr-FR\"},{\"@type\":\"Organization\",\"@id\":\"https:\\\/\\\/saumonecossais.com\\\/fr\\\/#organization\",\"name\":\"Saumon \u00c9cossais Label Rouge\",\"alternateName\":\"SELR\",\"url\":\"https:\\\/\\\/saumonecossais.com\\\/fr\\\/\",\"logo\":{\"@type\":\"ImageObject\",\"inLanguage\":\"fr-FR\",\"@id\":\"https:\\\/\\\/saumonecossais.com\\\/fr\\\/#\\\/schema\\\/logo\\\/image\\\/\",\"url\":\"https:\\\/\\\/saumonecossais.com\\\/fr\\\/wp-content\\\/uploads\\\/2024\\\/06\\\/SELR-logo.png\",\"contentUrl\":\"https:\\\/\\\/saumonecossais.com\\\/fr\\\/wp-content\\\/uploads\\\/2024\\\/06\\\/SELR-logo.png\",\"width\":696,\"height\":696,\"caption\":\"Saumon \u00c9cossais Label Rouge\"},\"image\":{\"@id\":\"https:\\\/\\\/saumonecossais.com\\\/fr\\\/#\\\/schema\\\/logo\\\/image\\\/\"}}]}<\/script>\n<!-- \/ Yoast SEO plugin. -->","yoast_head_json":{"title":"B\u00e9n\u00e9fices Sant\u00e9 - Saumon \u00c9cossais Label Rouge","description":"D\u00e9couvrez les b\u00e9n\u00e9fices sur votre sant\u00e9 que procure la consommation de Saumon Ecossais Label Rouge. Des Omega 3 et d'autres \u00e9lements bon pour l'organisme.","robots":{"index":"index","follow":"follow","max-snippet":"max-snippet:-1","max-image-preview":"max-image-preview:large","max-video-preview":"max-video-preview:-1"},"canonical":"https:\/\/saumonecossais.com\/fr\/benefices-sante\/","og_locale":"fr_FR","og_type":"article","og_title":"B\u00e9n\u00e9fices Sant\u00e9 - Saumon \u00c9cossais Label Rouge","og_description":"D\u00e9couvrez les b\u00e9n\u00e9fices sur votre sant\u00e9 que procure la consommation de Saumon Ecossais Label Rouge. Des Omega 3 et d'autres \u00e9lements bon pour l'organisme.","og_url":"https:\/\/saumonecossais.com\/fr\/benefices-sante\/","og_site_name":"Saumon \u00c9cossais Label Rouge","article_modified_time":"2024-06-04T13:53:03+00:00","og_image":[{"url":"https:\/\/saumonecossais.com\/fr\/wp-content\/uploads\/2020\/02\/picto_benefice_sante.jpg","type":"","width":"","height":""}],"twitter_card":"summary_large_image","twitter_misc":{"Dur\u00e9e de lecture estim\u00e9e":"2 minutes"},"schema":{"@context":"https:\/\/schema.org","@graph":[{"@type":"WebPage","@id":"https:\/\/saumonecossais.com\/fr\/benefices-sante\/","url":"https:\/\/saumonecossais.com\/fr\/benefices-sante\/","name":"B\u00e9n\u00e9fices Sant\u00e9 - Saumon \u00c9cossais Label Rouge","isPartOf":{"@id":"https:\/\/saumonecossais.com\/fr\/#website"},"primaryImageOfPage":{"@id":"https:\/\/saumonecossais.com\/fr\/benefices-sante\/#primaryimage"},"image":{"@id":"https:\/\/saumonecossais.com\/fr\/benefices-sante\/#primaryimage"},"thumbnailUrl":"https:\/\/saumonecossais.com\/fr\/wp-content\/uploads\/2020\/02\/picto_benefice_sante.jpg","datePublished":"2020-02-13T12:54:16+00:00","dateModified":"2024-06-04T13:53:03+00:00","description":"D\u00e9couvrez les b\u00e9n\u00e9fices sur votre sant\u00e9 que procure la consommation de Saumon Ecossais Label Rouge. Des Omega 3 et d'autres \u00e9lements bon pour l'organisme.","breadcrumb":{"@id":"https:\/\/saumonecossais.com\/fr\/benefices-sante\/#breadcrumb"},"inLanguage":"fr-FR","potentialAction":[{"@type":"ReadAction","target":["https:\/\/saumonecossais.com\/fr\/benefices-sante\/"]}]},{"@type":"ImageObject","inLanguage":"fr-FR","@id":"https:\/\/saumonecossais.com\/fr\/benefices-sante\/#primaryimage","url":"https:\/\/saumonecossais.com\/fr\/wp-content\/uploads\/2020\/02\/picto_benefice_sante.jpg","contentUrl":"https:\/\/saumonecossais.com\/fr\/wp-content\/uploads\/2020\/02\/picto_benefice_sante.jpg","width":400,"height":283,"caption":"La consommation de Saumon Ecossais Label Rouge est bon pour la sant\u00e9 gr\u00e2ce aux Omega 3 qu'il d\u00e9tient"},{"@type":"BreadcrumbList","@id":"https:\/\/saumonecossais.com\/fr\/benefices-sante\/#breadcrumb","itemListElement":[{"@type":"ListItem","position":1,"name":"Accueil","item":"https:\/\/saumonecossais.com\/fr\/"},{"@type":"ListItem","position":2,"name":"B\u00e9n\u00e9fices Sant\u00e9"}]},{"@type":"WebSite","@id":"https:\/\/saumonecossais.com\/fr\/#website","url":"https:\/\/saumonecossais.com\/fr\/","name":"Saumon \u00c9cossais Label Rouge","description":"Qualit\u00e9 et origine garanties","publisher":{"@id":"https:\/\/saumonecossais.com\/fr\/#organization"},"alternateName":"SELR","potentialAction":[{"@type":"SearchAction","target":{"@type":"EntryPoint","urlTemplate":"https:\/\/saumonecossais.com\/fr\/?s={search_term_string}"},"query-input":{"@type":"PropertyValueSpecification","valueRequired":true,"valueName":"search_term_string"}}],"inLanguage":"fr-FR"},{"@type":"Organization","@id":"https:\/\/saumonecossais.com\/fr\/#organization","name":"Saumon \u00c9cossais Label Rouge","alternateName":"SELR","url":"https:\/\/saumonecossais.com\/fr\/","logo":{"@type":"ImageObject","inLanguage":"fr-FR","@id":"https:\/\/saumonecossais.com\/fr\/#\/schema\/logo\/image\/","url":"https:\/\/saumonecossais.com\/fr\/wp-content\/uploads\/2024\/06\/SELR-logo.png","contentUrl":"https:\/\/saumonecossais.com\/fr\/wp-content\/uploads\/2024\/06\/SELR-logo.png","width":696,"height":696,"caption":"Saumon \u00c9cossais Label Rouge"},"image":{"@id":"https:\/\/saumonecossais.com\/fr\/#\/schema\/logo\/image\/"}}]}},"_links":{"self":[{"href":"https:\/\/saumonecossais.com\/fr\/wp-json\/wp\/v2\/pages\/2545","targetHints":{"allow":["GET"]}}],"collection":[{"href":"https:\/\/saumonecossais.com\/fr\/wp-json\/wp\/v2\/pages"}],"about":[{"href":"https:\/\/saumonecossais.com\/fr\/wp-json\/wp\/v2\/types\/page"}],"author":[{"embeddable":true,"href":"https:\/\/saumonecossais.com\/fr\/wp-json\/wp\/v2\/users\/1"}],"replies":[{"embeddable":true,"href":"https:\/\/saumonecossais.com\/fr\/wp-json\/wp\/v2\/comments?post=2545"}],"version-history":[{"count":0,"href":"https:\/\/saumonecossais.com\/fr\/wp-json\/wp\/v2\/pages\/2545\/revisions"}],"wp:attachment":[{"href":"https:\/\/saumonecossais.com\/fr\/wp-json\/wp\/v2\/media?parent=2545"}],"curies":[{"name":"wp","href":"https:\/\/api.w.org\/{rel}","templated":true}]}}