{"id":2240,"date":"2020-02-06T12:14:59","date_gmt":"2020-02-06T11:14:59","guid":{"rendered":"https:\/\/saumonecossais.com\/fr\/?page_id=2240"},"modified":"2026-01-05T15:37:19","modified_gmt":"2026-01-05T14:37:19","slug":"le-clan-des-poissonniers","status":"publish","type":"page","link":"https:\/\/saumonecossais.com\/fr\/le-clan-des-poissonniers\/","title":{"rendered":"Le Clan des poissonniers"},"content":{"rendered":"\n<h1>\n\t\t\tActualit\u00e9 :\t<\/h1>\n\t<p><strong>Le grand jeu concours du Clan des Poissonniers est maintenant termin\u00e9. Merci \u00e0 tous les participants!<\/strong><\/p>\n<p>Le grand gagnant du tirage au sort sera contact\u00e9 d\u00e9but janvier 2026. Pr\u00e9parez votre passeport !<\/p>\n<p><a href=\"https:\/\/saumonecossais.com\/fr\/wp-content\/uploads\/2025\/10\/Reglement-du-jeu-final.pdf\" target=\"_blank\" rel=\"noopener\">Parcourir le R\u00e8glement du jeu concours<\/a><\/p>\n\t\t\t<a href=\"https:\/\/saumonecossais.com\/fr\/le-clan-des-poissonniers\/#rejoindre-clan\" title=\"Cliquez ici\" target=\"_self\"   role=\"button\" aria-label=\"Rejoindre le &quot;clan des poissonniers&quot;\">\n\t\t\t\t\t\t\tRejoindre le \u00ab\u00a0clan des poissonniers\u00a0\u00bb\n\t\t<\/a>\n\t\t\t\t<img decoding=\"async\" src=\"https:\/\/saumonecossais.com\/fr\/wp-content\/uploads\/2025\/10\/Capture-decran-2025-10-02-a-17.32.47.png\" alt=\"Capture d'\u00e9cran 2025-10-02 \u00e0 17.32.47\" itemprop=\"image\" height=\"636\" width=\"1284\" title=\"Capture d'\u00e9cran 2025-10-02 \u00e0 17.32.47\" onerror=\"this.style.display='none'\" loading=\"lazy\" \/>\n<h1>\n\t\t\tLe Clan, des poissonniers engag\u00e9s en faveur de la qualit\u00e9.\t<\/h1>\n\tEnvie de d\u00e9guster un saumon d&rsquo;une qualit\u00e9 exceptionnelle ?<br \/>\nRep\u00e9rez notre PLV chez votre poissonnier pour acheter votre Saumon \u00e9cossais Label Rouge.\n<h3>\n\t\t\tPromouvoir la qualit\u00e9 et l&rsquo;origine du saumon\t<\/h3>\n\t<p>\u00ab\u00a0<strong>Le Clan des Poissonniers<\/strong>\u00a0\u00bb a \u00e9t\u00e9 cr\u00e9\u00e9 pour offrir un <strong>soutien promotionnel direct aux points de vente<\/strong> commercialisant le Saumon \u00e9cossais Label Rouge.<\/p>\n\u00ab\u00a0Le Clan des Poissonniers\u00a0\u00bb regroupe plusieurs centaines de membres \u00e0 travers la France.<br \/>\nIl s&rsquo;adresse aux op\u00e9rateurs soucieux de d\u00e9fendre et de promouvoir en aval la qualit\u00e9 sup\u00e9rieure du Saumon \u00e9cossais Label Rouge.\n<p>L&rsquo;enregistrement au \u00ab\u00a0Clan des Poissonniers\u00a0\u00bb est <strong>libre et enti\u00e8rement gratuit<\/strong>.<\/p>\n<p>Cet engagement garantit \u00e0 l&rsquo;op\u00e9rateur des avantages tels que :<\/p>\n<ul>\n<li>la reconnaissance du point de vente en tant que fournisseur de Saumon \u00e9cossais Label Rouge,<\/li>\n<li>un soutien promotionnel sp\u00e9cifique et r\u00e9gulier en particulier avec une PLV \u00ab\u00a0Clan\u00a0\u00bb (fiches recettes, affiches, pic-prix) ainsi qu&rsquo;une information r\u00e9guli\u00e8re sur les actions mises en place.<\/li>\n<\/ul>\n\t\t\t<a href=\"https:\/\/saumonecossais.com\/fr\/le-clan-des-poissonniers\/#rejoindre-clan\" title=\"Cliquez ici\" target=\"_self\"   role=\"button\" aria-label=\"Rejoindre le &quot;clan des poissonniers&quot;\">\n\t\t\t\t\t\t\tRejoindre le \u00ab\u00a0clan des poissonniers\u00a0\u00bb\n\t\t<\/a>\n\t\t\t\t<img decoding=\"async\" src=\"https:\/\/saumonecossais.com\/fr\/wp-content\/uploads\/2024\/05\/pic-prix-2024-blank.jpg\" alt=\"pic-prix-2024-blank\" itemprop=\"image\" height=\"1608\" width=\"1122\" title=\"pic-prix-2024-blank\" onerror=\"this.style.display='none'\" loading=\"lazy\" \/>\n<h3>\n\t\t\tRejoindre le \u00ab\u00a0Clan des Poissonniers\u00a0\u00bb et recevoir un soutien promotionnel\t<\/h3>\n\t<p>N&rsquo;h\u00e9sitez pas \u00e0 nous contacter gr\u00e2ce au formulaire ci-dessous ou via l&rsquo;adresse email suivante : <a href=\"m&#97;&#x69;&#x6c;t&#111;&#58;&#x63;&#x6f;n&#116;&#97;&#x63;&#x74;&#64;&#115;&#x61;&#x75;&#x6d;o&#110;&#x65;&#x63;o&#115;&#115;&#x61;&#x69;s&#46;&#99;&#x6f;&#x6d;\">&#x63;&#111;n&#x74;&#97;c&#x74;&#64;s&#x61;&#117;m&#x6f;&#110;e&#x63;&#x6f;s&#x73;&#x61;&#105;&#x73;&#x2e;&#99;&#x6f;&#x6d;<\/a>\u00a0<\/p>\n\n","protected":false},"excerpt":{"rendered":"<p>Actualit\u00e9 : Le grand jeu concours du Clan des Poissonniers est maintenant termin\u00e9. Merci \u00e0 tous les participants! Le grand gagnant du tirage au sort sera contact\u00e9 d\u00e9but janvier 2026. Pr\u00e9parez votre passeport ! Parcourir le R\u00e8glement du jeu concours Rejoindre le \u00ab\u00a0clan des poissonniers\u00a0\u00bb Le Clan, des poissonniers engag\u00e9s en faveur de la qualit\u00e9.&hellip;<\/p>\n","protected":false},"author":1,"featured_media":0,"parent":0,"menu_order":0,"comment_status":"closed","ping_status":"closed","template":"","meta":{"footnotes":""},"class_list":["post-2240","page","type-page","status-publish","hentry"],"yoast_head":"<!-- This site is optimized with the Yoast SEO plugin v27.4 - https:\/\/yoast.com\/product\/yoast-seo-wordpress\/ -->\n<title>Le Clan des poissonniers - Saumon \u00c9cossais Label Rouge<\/title>\n<meta name=\"description\" content=\"D\u00e9couvrez le clan des poissonniers. Une fili\u00e8re engag\u00e9e pour promouvoir la qualit\u00e9, l&#039;origine et la saveur du Saumon Ecossais Label Rouge.\" \/>\n<meta name=\"robots\" content=\"index, follow, max-snippet:-1, max-image-preview:large, max-video-preview:-1\" \/>\n<link rel=\"canonical\" href=\"https:\/\/saumonecossais.com\/fr\/le-clan-des-poissonniers\/\" \/>\n<meta property=\"og:locale\" content=\"fr_FR\" \/>\n<meta property=\"og:type\" content=\"article\" \/>\n<meta property=\"og:title\" content=\"Le Clan des poissonniers - Saumon \u00c9cossais Label Rouge\" \/>\n<meta property=\"og:description\" content=\"D\u00e9couvrez le clan des poissonniers. Une fili\u00e8re engag\u00e9e pour promouvoir la qualit\u00e9, l&#039;origine et la saveur du Saumon Ecossais Label Rouge.\" \/>\n<meta property=\"og:url\" content=\"https:\/\/saumonecossais.com\/fr\/le-clan-des-poissonniers\/\" \/>\n<meta property=\"og:site_name\" content=\"Saumon \u00c9cossais Label Rouge\" \/>\n<meta property=\"article:modified_time\" content=\"2026-01-05T14:37:19+00:00\" \/>\n<meta property=\"og:image\" content=\"https:\/\/saumonecossais.com\/fr\/wp-content\/uploads\/2025\/10\/Capture-decran-2025-10-02-a-17.32.47.png\" \/>\n<meta name=\"twitter:card\" content=\"summary_large_image\" \/>\n<meta name=\"twitter:label1\" content=\"Dur\u00e9e de lecture estim\u00e9e\" \/>\n\t<meta name=\"twitter:data1\" content=\"3 minutes\" \/>\n<script type=\"application\/ld+json\" class=\"yoast-schema-graph\">{\"@context\":\"https:\\\/\\\/schema.org\",\"@graph\":[{\"@type\":\"WebPage\",\"@id\":\"https:\\\/\\\/saumonecossais.com\\\/fr\\\/le-clan-des-poissonniers\\\/\",\"url\":\"https:\\\/\\\/saumonecossais.com\\\/fr\\\/le-clan-des-poissonniers\\\/\",\"name\":\"Le Clan des poissonniers - Saumon \u00c9cossais Label Rouge\",\"isPartOf\":{\"@id\":\"https:\\\/\\\/saumonecossais.com\\\/fr\\\/#website\"},\"primaryImageOfPage\":{\"@id\":\"https:\\\/\\\/saumonecossais.com\\\/fr\\\/le-clan-des-poissonniers\\\/#primaryimage\"},\"image\":{\"@id\":\"https:\\\/\\\/saumonecossais.com\\\/fr\\\/le-clan-des-poissonniers\\\/#primaryimage\"},\"thumbnailUrl\":\"https:\\\/\\\/saumonecossais.com\\\/fr\\\/wp-content\\\/uploads\\\/2025\\\/10\\\/Capture-decran-2025-10-02-a-17.32.47.png\",\"datePublished\":\"2020-02-06T11:14:59+00:00\",\"dateModified\":\"2026-01-05T14:37:19+00:00\",\"description\":\"D\u00e9couvrez le clan des poissonniers. Une fili\u00e8re engag\u00e9e pour promouvoir la qualit\u00e9, l'origine et la saveur du Saumon Ecossais Label Rouge.\",\"breadcrumb\":{\"@id\":\"https:\\\/\\\/saumonecossais.com\\\/fr\\\/le-clan-des-poissonniers\\\/#breadcrumb\"},\"inLanguage\":\"fr-FR\",\"potentialAction\":[{\"@type\":\"ReadAction\",\"target\":[\"https:\\\/\\\/saumonecossais.com\\\/fr\\\/le-clan-des-poissonniers\\\/\"]}]},{\"@type\":\"ImageObject\",\"inLanguage\":\"fr-FR\",\"@id\":\"https:\\\/\\\/saumonecossais.com\\\/fr\\\/le-clan-des-poissonniers\\\/#primaryimage\",\"url\":\"https:\\\/\\\/saumonecossais.com\\\/fr\\\/wp-content\\\/uploads\\\/2025\\\/10\\\/Capture-decran-2025-10-02-a-17.32.47.png\",\"contentUrl\":\"https:\\\/\\\/saumonecossais.com\\\/fr\\\/wp-content\\\/uploads\\\/2025\\\/10\\\/Capture-decran-2025-10-02-a-17.32.47.png\",\"width\":1284,\"height\":636},{\"@type\":\"BreadcrumbList\",\"@id\":\"https:\\\/\\\/saumonecossais.com\\\/fr\\\/le-clan-des-poissonniers\\\/#breadcrumb\",\"itemListElement\":[{\"@type\":\"ListItem\",\"position\":1,\"name\":\"Accueil\",\"item\":\"https:\\\/\\\/saumonecossais.com\\\/fr\\\/\"},{\"@type\":\"ListItem\",\"position\":2,\"name\":\"Le Clan des poissonniers\"}]},{\"@type\":\"WebSite\",\"@id\":\"https:\\\/\\\/saumonecossais.com\\\/fr\\\/#website\",\"url\":\"https:\\\/\\\/saumonecossais.com\\\/fr\\\/\",\"name\":\"Saumon \u00c9cossais Label Rouge\",\"description\":\"Qualit\u00e9 et origine garanties\",\"publisher\":{\"@id\":\"https:\\\/\\\/saumonecossais.com\\\/fr\\\/#organization\"},\"alternateName\":\"SELR\",\"potentialAction\":[{\"@type\":\"SearchAction\",\"target\":{\"@type\":\"EntryPoint\",\"urlTemplate\":\"https:\\\/\\\/saumonecossais.com\\\/fr\\\/?s={search_term_string}\"},\"query-input\":{\"@type\":\"PropertyValueSpecification\",\"valueRequired\":true,\"valueName\":\"search_term_string\"}}],\"inLanguage\":\"fr-FR\"},{\"@type\":\"Organization\",\"@id\":\"https:\\\/\\\/saumonecossais.com\\\/fr\\\/#organization\",\"name\":\"Saumon \u00c9cossais Label Rouge\",\"alternateName\":\"SELR\",\"url\":\"https:\\\/\\\/saumonecossais.com\\\/fr\\\/\",\"logo\":{\"@type\":\"ImageObject\",\"inLanguage\":\"fr-FR\",\"@id\":\"https:\\\/\\\/saumonecossais.com\\\/fr\\\/#\\\/schema\\\/logo\\\/image\\\/\",\"url\":\"https:\\\/\\\/saumonecossais.com\\\/fr\\\/wp-content\\\/uploads\\\/2024\\\/06\\\/SELR-logo.png\",\"contentUrl\":\"https:\\\/\\\/saumonecossais.com\\\/fr\\\/wp-content\\\/uploads\\\/2024\\\/06\\\/SELR-logo.png\",\"width\":696,\"height\":696,\"caption\":\"Saumon \u00c9cossais Label Rouge\"},\"image\":{\"@id\":\"https:\\\/\\\/saumonecossais.com\\\/fr\\\/#\\\/schema\\\/logo\\\/image\\\/\"}}]}<\/script>\n<!-- \/ Yoast SEO plugin. -->","yoast_head_json":{"title":"Le Clan des poissonniers - Saumon \u00c9cossais Label Rouge","description":"D\u00e9couvrez le clan des poissonniers. Une fili\u00e8re engag\u00e9e pour promouvoir la qualit\u00e9, l'origine et la saveur du Saumon Ecossais Label Rouge.","robots":{"index":"index","follow":"follow","max-snippet":"max-snippet:-1","max-image-preview":"max-image-preview:large","max-video-preview":"max-video-preview:-1"},"canonical":"https:\/\/saumonecossais.com\/fr\/le-clan-des-poissonniers\/","og_locale":"fr_FR","og_type":"article","og_title":"Le Clan des poissonniers - Saumon \u00c9cossais Label Rouge","og_description":"D\u00e9couvrez le clan des poissonniers. Une fili\u00e8re engag\u00e9e pour promouvoir la qualit\u00e9, l'origine et la saveur du Saumon Ecossais Label Rouge.","og_url":"https:\/\/saumonecossais.com\/fr\/le-clan-des-poissonniers\/","og_site_name":"Saumon \u00c9cossais Label Rouge","article_modified_time":"2026-01-05T14:37:19+00:00","og_image":[{"url":"https:\/\/saumonecossais.com\/fr\/wp-content\/uploads\/2025\/10\/Capture-decran-2025-10-02-a-17.32.47.png","type":"","width":"","height":""}],"twitter_card":"summary_large_image","twitter_misc":{"Dur\u00e9e de lecture estim\u00e9e":"3 minutes"},"schema":{"@context":"https:\/\/schema.org","@graph":[{"@type":"WebPage","@id":"https:\/\/saumonecossais.com\/fr\/le-clan-des-poissonniers\/","url":"https:\/\/saumonecossais.com\/fr\/le-clan-des-poissonniers\/","name":"Le Clan des poissonniers - Saumon \u00c9cossais Label Rouge","isPartOf":{"@id":"https:\/\/saumonecossais.com\/fr\/#website"},"primaryImageOfPage":{"@id":"https:\/\/saumonecossais.com\/fr\/le-clan-des-poissonniers\/#primaryimage"},"image":{"@id":"https:\/\/saumonecossais.com\/fr\/le-clan-des-poissonniers\/#primaryimage"},"thumbnailUrl":"https:\/\/saumonecossais.com\/fr\/wp-content\/uploads\/2025\/10\/Capture-decran-2025-10-02-a-17.32.47.png","datePublished":"2020-02-06T11:14:59+00:00","dateModified":"2026-01-05T14:37:19+00:00","description":"D\u00e9couvrez le clan des poissonniers. Une fili\u00e8re engag\u00e9e pour promouvoir la qualit\u00e9, l'origine et la saveur du Saumon Ecossais Label Rouge.","breadcrumb":{"@id":"https:\/\/saumonecossais.com\/fr\/le-clan-des-poissonniers\/#breadcrumb"},"inLanguage":"fr-FR","potentialAction":[{"@type":"ReadAction","target":["https:\/\/saumonecossais.com\/fr\/le-clan-des-poissonniers\/"]}]},{"@type":"ImageObject","inLanguage":"fr-FR","@id":"https:\/\/saumonecossais.com\/fr\/le-clan-des-poissonniers\/#primaryimage","url":"https:\/\/saumonecossais.com\/fr\/wp-content\/uploads\/2025\/10\/Capture-decran-2025-10-02-a-17.32.47.png","contentUrl":"https:\/\/saumonecossais.com\/fr\/wp-content\/uploads\/2025\/10\/Capture-decran-2025-10-02-a-17.32.47.png","width":1284,"height":636},{"@type":"BreadcrumbList","@id":"https:\/\/saumonecossais.com\/fr\/le-clan-des-poissonniers\/#breadcrumb","itemListElement":[{"@type":"ListItem","position":1,"name":"Accueil","item":"https:\/\/saumonecossais.com\/fr\/"},{"@type":"ListItem","position":2,"name":"Le Clan des poissonniers"}]},{"@type":"WebSite","@id":"https:\/\/saumonecossais.com\/fr\/#website","url":"https:\/\/saumonecossais.com\/fr\/","name":"Saumon \u00c9cossais Label Rouge","description":"Qualit\u00e9 et origine garanties","publisher":{"@id":"https:\/\/saumonecossais.com\/fr\/#organization"},"alternateName":"SELR","potentialAction":[{"@type":"SearchAction","target":{"@type":"EntryPoint","urlTemplate":"https:\/\/saumonecossais.com\/fr\/?s={search_term_string}"},"query-input":{"@type":"PropertyValueSpecification","valueRequired":true,"valueName":"search_term_string"}}],"inLanguage":"fr-FR"},{"@type":"Organization","@id":"https:\/\/saumonecossais.com\/fr\/#organization","name":"Saumon \u00c9cossais Label Rouge","alternateName":"SELR","url":"https:\/\/saumonecossais.com\/fr\/","logo":{"@type":"ImageObject","inLanguage":"fr-FR","@id":"https:\/\/saumonecossais.com\/fr\/#\/schema\/logo\/image\/","url":"https:\/\/saumonecossais.com\/fr\/wp-content\/uploads\/2024\/06\/SELR-logo.png","contentUrl":"https:\/\/saumonecossais.com\/fr\/wp-content\/uploads\/2024\/06\/SELR-logo.png","width":696,"height":696,"caption":"Saumon \u00c9cossais Label Rouge"},"image":{"@id":"https:\/\/saumonecossais.com\/fr\/#\/schema\/logo\/image\/"}}]}},"_links":{"self":[{"href":"https:\/\/saumonecossais.com\/fr\/wp-json\/wp\/v2\/pages\/2240","targetHints":{"allow":["GET"]}}],"collection":[{"href":"https:\/\/saumonecossais.com\/fr\/wp-json\/wp\/v2\/pages"}],"about":[{"href":"https:\/\/saumonecossais.com\/fr\/wp-json\/wp\/v2\/types\/page"}],"author":[{"embeddable":true,"href":"https:\/\/saumonecossais.com\/fr\/wp-json\/wp\/v2\/users\/1"}],"replies":[{"embeddable":true,"href":"https:\/\/saumonecossais.com\/fr\/wp-json\/wp\/v2\/comments?post=2240"}],"version-history":[{"count":5,"href":"https:\/\/saumonecossais.com\/fr\/wp-json\/wp\/v2\/pages\/2240\/revisions"}],"predecessor-version":[{"id":5478,"href":"https:\/\/saumonecossais.com\/fr\/wp-json\/wp\/v2\/pages\/2240\/revisions\/5478"}],"wp:attachment":[{"href":"https:\/\/saumonecossais.com\/fr\/wp-json\/wp\/v2\/media?parent=2240"}],"curies":[{"name":"wp","href":"https:\/\/api.w.org\/{rel}","templated":true}]}}