{"id":2237,"date":"2020-02-06T12:12:02","date_gmt":"2020-02-06T11:12:02","guid":{"rendered":"https:\/\/saumonecossais.com\/fr\/?page_id=2237"},"modified":"2025-04-30T11:19:45","modified_gmt":"2025-04-30T09:19:45","slug":"saumon-frais-entier","status":"publish","type":"page","link":"https:\/\/saumonecossais.com\/fr\/saumon-frais-entier\/","title":{"rendered":"Saumon frais entier"},"content":{"rendered":"\n\n\t<h1>Les producteurs de saumon \u00e9cossais label rouge frais entier<\/h1>\n\t<p>Ils assurent toutes les \u00e9tapes de l&rsquo;\u00e9levage du saumon Ecossais Label Rouge, de l&rsquo;oeuf jusqu&rsquo;au poisson entier de taille commerciale :<\/p>\n\t\t\t\t<img loading=\"lazy\" decoding=\"async\" src=\"https:\/\/saumonecossais.com\/fr\/wp-content\/uploads\/2024\/06\/0193-Bakkafrost-Scotland-Logo_RGB.png\" alt=\"0193 Bakkafrost Scotland Logo_RGB\" itemprop=\"image\" height=\"479\" width=\"624\" title=\"0193 Bakkafrost Scotland Logo_RGB\" onerror=\"this.style.display='none'\"  \/>\n\t<p><strong>Bakkafrost Scotland<\/strong><\/p>\n\t<p><strong>\u00c9cosse<\/strong><\/p>\nCommunications\u00a0and Business\u00a0Development:<br \/>\n<strong>Su Cox <\/strong><br \/>\n<a title=\"m&#97;&#105;&#x6c;&#x74;o:&#83;&#117;&#x2e;&#x43;ox&#64;&#98;&#x61;&#x6b;ka&#102;&#x72;&#x6f;&#x73;t&#46;&#99;&#x6f;&#x6d;\" contenteditable=\"false\" href=\"&#x6d;&#97;&#x69;&#x6c;&#116;&#x6f;&#x3a;&#83;&#x75;&#x2e;&#67;&#x6f;&#x78;&#64;&#x62;&#x61;k&#x6b;&#97;f&#x72;&#111;s&#x74;&#46;c&#x6f;&#109;\">&#83;u&#x2e;C&#x6f;x&#x40;&#98;&#x61;&#107;&#x6b;&#97;f&#x72;o&#x73;t&#x2e;&#99;&#x6f;&#109;<\/a>\n<p>Sales :<\/p>\n<p>Claire Encrenaz<\/p>\n<p><a title=\"&#109;&#x61;&#x69;&#108;&#x74;&#x6f;:&#x63;&#x6c;a&#105;&#x72;e&#46;&#x65;n&#99;&#x72;e&#110;&#x61;z&#64;&#x62;&#x61;&#107;&#x6b;&#x61;&#102;&#x72;&#x6f;s&#x74;&#x2e;c&#111;&#x6d;\" contenteditable=\"false\" href=\"&#109;&#x61;&#105;&#x6c;&#116;&#x6f;&#58;&#x63;l&#x61;i&#x72;e&#x2e;e&#110;&#x63;&#114;&#x65;&#110;&#x61;&#122;&#x40;&#98;&#x61;k&#x6b;a&#x66;r&#x6f;s&#116;&#x2e;&#99;&#x6f;&#109;\">&#x63;&#x6c;&#x61;&#x69;&#x72;&#101;&#46;&#101;&#110;cre&#x6e;&#x61;&#x7a;&#x40;&#x62;&#x61;&#107;&#107;&#97;fro&#x73;&#x74;&#x2e;&#x63;&#x6f;&#x6d;<\/a><\/p>\n<p>T\u00e9l. : +44 (0)131 718 8500<\/p>\n<p><a id=\"LPlnk689713\" title=\"https:\/\/www.bakkafrostscotland.com\/\" contenteditable=\"false\" href=\"https:\/\/www.bakkafrostscotland.com\/\" target=\"_blank\" rel=\"noopener\"><strong>www.bakkafrostscotland.com<\/strong><\/a><\/p>\n\t\t\t\t<img loading=\"lazy\" decoding=\"async\" src=\"https:\/\/saumonecossais.com\/fr\/wp-content\/uploads\/2019\/12\/Logo-COOKE.png\" alt=\"Cooke aquaculture scotland fournisseur de Saumon Ecossais Label Rouge\" itemprop=\"image\" height=\"70\" width=\"152\" title=\"Cooke aquaculture scotland fournisseur de Saumon Ecossais Label Rouge\" onerror=\"this.style.display='none'\"  \/>\n\t<p><strong>Cooke Aquaculture Scotland<\/strong><\/p>\n\t<p><strong>\u00c9cosse<\/strong><\/p>\n<strong>Laura MAILER<\/strong><br \/>\n<a href=\"&#109;&#x61;&#x69;l&#116;&#x6f;:&#108;&#x61;&#x75;r&#97;&#x2e;m&#97;&#x69;&#x6c;e&#114;&#x40;c&#111;&#x6f;&#x6b;&#101;&#97;&#x71;u&#97;&#x2e;&#x63;&#111;&#x6d;\">&#108;&#x61;&#117;&#x72;a&#x2e;m&#97;&#x69;&#108;&#x65;&#114;&#x40;c&#x6f;o&#107;&#x65;&#97;&#x71;u&#x61;&#46;&#x63;&#x6f;&#109;<\/a>\nT\u00e9l. : +44(0)1698 534 630<br \/>\n<a href=\"https:\/\/www.cookeaquaculturescotland.com\">www.cookeaquaculturescotland.com<\/a>\n\t\t\t\t<img loading=\"lazy\" decoding=\"async\" src=\"https:\/\/saumonecossais.com\/fr\/wp-content\/uploads\/2021\/12\/LochDuart_Teal_Horizontal_Logo_RGB-1.png\" alt=\"LochDuart_Teal_Horizontal_Logo_RGB\" itemprop=\"image\" height=\"40\" width=\"180\" title=\"LochDuart_Teal_Horizontal_Logo_RGB\" onerror=\"this.style.display='none'\"  \/>\n\t<p><strong>Loch Duart<\/strong><\/p>\n\t<p><strong>\u00c9cosse<\/strong><\/p>\n<p><strong>Chris Orr<\/strong><\/p>\n<p><a title=\"ma&#105;&#108;&#116;&#x6f;&#x3a;&#x63;&#x68;ri&#115;&#46;&#111;&#x72;&#x72;&#x40;&#x6c;oc&#104;&#100;&#117;&#x61;&#x72;&#x74;&#x2e;co&#109;\" contenteditable=\"false\" href=\"&#x6d;&#97;i&#x6c;&#116;o&#x3a;&#x63;&#104;&#x72;&#x69;&#115;&#46;&#x6f;&#114;r&#x40;&#x6c;&#111;&#x63;&#x68;&#100;u&#x61;&#114;t&#x2e;&#x63;&#111;&#x6d;\">c&#104;&#x72;&#x69;s&#46;&#111;&#x72;&#x72;&#64;&#108;&#x6f;&#x63;h&#100;&#117;&#x61;&#x72;t&#46;&#x63;&#x6f;m<\/a><\/p>\n<strong>Marie McAleese<\/strong><br \/>\n<a href=\"&#x6d;a&#x69;&#108;&#x74;&#111;:&#x6a;a&#x6e;&#101;&#x61;&#110;n&#x65;&#64;&#x6c;&#111;c&#x68;d&#x75;&#97;&#x72;&#116;&#46;&#x63;o&#x6d;\">&#x6d;&#97;&#x72;&#x69;&#101;&#x40;&#x6c;&#111;&#x63;&#x68;&#100;&#x75;&#x61;r&#x74;&#x2e;c&#x6f;&#109;<\/a>\nT\u00e9l. : +44 (0)1674 660161<br \/>\n<a href=\"https:\/\/www.lochduart.com\">www.lochduart.com<\/a>\n\t<p><strong>France<\/strong><\/p>\n<p><strong>Jenny Gall<\/strong><\/p>\n<p><a href=\"&#109;&#97;&#x69;&#x6c;&#116;&#111;&#x3a;&#x6a;&#101;&#110;&#x6e;&#x79;&#64;&#108;&#x6f;&#x63;&#104;&#100;&#x75;&#x61;&#114;&#116;&#x2e;&#x63;&#111;&#109;\">&#106;e&#x6e;n&#x79;&#64;&#x6c;o&#x63;h&#x64;u&#x61;&#114;&#x74;&#46;&#x63;&#111;&#x6d;<\/a><\/p>\nT\u00e9l. : +33 (0)253358150<br \/>\nPort. : +33 (0)658788045\n\t\t\t\t<img loading=\"lazy\" decoding=\"async\" src=\"https:\/\/saumonecossais.com\/fr\/wp-content\/uploads\/2019\/12\/MOWI-JPG-BD-v2.jpg\" alt=\"Mowiscotland fournisseur de saumon \u00e9cossais label Rouge\" itemprop=\"image\" height=\"60\" width=\"116\" title=\"Mowiscotland fournisseur de saumon \u00e9cossais label Rouge\" onerror=\"this.style.display='none'\"  \/>\n\t<p><strong>Mowi Scotland<\/strong><\/p>\n\t<p><strong>\u00c9cosse<\/strong><\/p>\n<p><strong>Madeleine Clark<\/strong><\/p>\n<p><a title=\"&#x6d;&#97;&#105;l&#x74;&#x6f;&#58;m&#x61;&#x64;&#101;l&#x65;&#x69;&#110;e&#x2e;&#x63;&#108;a&#x72;&#x6b;&#64;m&#x6f;&#x77;&#105;&#46;c&#x6f;&#x6d;\" contenteditable=\"false\" href=\"&#109;&#x61;i&#x6c;&#x74;&#111;&#x3a;m&#x61;&#x64;&#101;&#x6c;e&#x69;&#x6e;&#101;&#x2e;c&#x6c;&#x61;&#114;&#x6b;&#64;&#x6d;&#x6f;&#119;&#x69;&#46;&#x63;&#x6f;&#109;\">m&#97;&#x64;&#x65;l&#101;&#x69;&#x6e;e&#46;&#x63;&#x6c;a&#114;&#x6b;&#x40;m&#111;&#x77;&#x69;&#46;&#99;&#111;&#x6d;<\/a><\/p>\nT\u00e9l. : +44(0)1383 221 307<br \/>\n<a href=\"https:\/\/www.mowiscotland.co.uk\">www.mowiscotland.co.uk<\/a>\n\t<p><strong>France<\/strong><\/p>\n<strong>Fernando Lenne <\/strong><br \/>\n<a href=\"mailto: &#70;&#101;&#x72;&#x6e;&#97;&#110;&#x64;&#x6f;&#46;&#76;&#x65;&#x6e;&#110;&#101;&#x40;&#x6d;&#111;&#119;&#x69;&#x2e;&#99;&#111;&#x6d;\"> &#x46;&#x65;&#114;na&#x6e;&#x64;&#111;&#46;L&#x65;&#x6e;&#110;&#101;&#64;&#x6d;&#x6f;&#x77;&#105;&#46;c&#x6f;&#x6d; <\/a>\n<p>T\u00e9l. : +33 (0)321874985<\/p>\n\t\t\t\t<img loading=\"lazy\" decoding=\"async\" src=\"https:\/\/saumonecossais.com\/fr\/wp-content\/uploads\/2019\/12\/LOGO-Scottish-Seafarms.jpg\" alt=\"Scottish Sea Farms fournisseur de saumon \u00e9cossais label Rouge\" itemprop=\"image\" height=\"60\" width=\"154\" title=\"Scottish Sea Farms fournisseur de saumon \u00e9cossais label Rouge\" onerror=\"this.style.display='none'\"  \/>\n\t<p><strong>Scottish Sea Farms<\/strong><\/p>\n\t<p><strong>\u00c9cosse<\/strong><\/p>\n<strong> C\u00e9line Kimpflin <\/strong><br \/>\n<a href=\"mailto: &#x43;&#x65;&#x6c;&#x69;&#x6e;&#x65;&#x2e;&#x4b;&#x69;&#x6d;&#x70;&#x66;&#x6c;&#x69;&#x6e;&#x40;&#x73;&#x63;&#x6f;&#x74;&#x74;&#x69;&#x73;&#x68;&#x73;&#x65;&#x61;&#x66;&#x61;&#x72;&#x6d;&#x73;&#x2e;&#x63;&#x6f;&#x6d;\"> &#67;e&#x6c;i&#x6e;e&#x2e;K&#x69;m&#x70;f&#x6c;&#105;&#x6e;&#64;&#x73;&#99;&#x6f;&#116;&#x74;&#105;&#x73;&#104;&#x73;&#101;a&#x66;a&#x72;m&#x73;&#46;&#x63;o&#x6d; <\/a>\nT\u00e9l. : +44 (0)1786 445541<br \/>\nFax : +44 (0)1786 450164<br \/>\n<a href=\"https:\/\/www.scottishseafarms.com\/\"> www.scottishseafarms.com<\/a>\n\n","protected":false},"excerpt":{"rendered":"<p>Les producteurs de saumon \u00e9cossais label rouge frais entier Ils assurent toutes les \u00e9tapes de l&rsquo;\u00e9levage du saumon Ecossais Label Rouge, de l&rsquo;oeuf jusqu&rsquo;au poisson entier de taille commerciale : Bakkafrost Scotland \u00c9cosse Communications\u00a0and Business\u00a0Development: Su Cox Su&#46;Cox&#64;bakka&#102;&#114;&#111;&#115;&#116;&#46;&#99;&#111;&#109; Sales : Claire Encrenaz &#x63;&#108;&#x61;&#x69;r&#x65;&#46;e&#x6e;&#99;r&#x65;&#110;&#x61;&#x7a;&#64;&#x62;&#97;k&#x6b;&#97;f&#x72;&#111;&#x73;&#x74;&#46;&#x63;&#x6f;m T\u00e9l. : +44 (0)131 718 8500 www.bakkafrostscotland.com Cooke Aquaculture Scotland \u00c9cosse Laura&hellip;<\/p>\n","protected":false},"author":1,"featured_media":0,"parent":0,"menu_order":0,"comment_status":"closed","ping_status":"closed","template":"","meta":{"footnotes":""},"class_list":["post-2237","page","type-page","status-publish","hentry"],"yoast_head":"<!-- This site is optimized with the Yoast SEO plugin v27.4 - https:\/\/yoast.com\/product\/yoast-seo-wordpress\/ -->\n<title>Saumon frais entier - Saumon \u00c9cossais Label Rouge<\/title>\n<meta name=\"description\" content=\"D\u00e9couvrez les fournisseurs \u00e9cossais et fran\u00e7ais de saumon \u00e9cossais Label Rouge frais entier ainsi que leurs coordonn\u00e9es pour en savoir plus.\" \/>\n<meta name=\"robots\" content=\"index, follow, max-snippet:-1, max-image-preview:large, max-video-preview:-1\" \/>\n<link rel=\"canonical\" href=\"https:\/\/saumonecossais.com\/fr\/saumon-frais-entier\/\" \/>\n<meta property=\"og:locale\" content=\"fr_FR\" \/>\n<meta property=\"og:type\" content=\"article\" \/>\n<meta property=\"og:title\" content=\"Saumon frais entier - Saumon \u00c9cossais Label Rouge\" \/>\n<meta property=\"og:description\" content=\"D\u00e9couvrez les fournisseurs \u00e9cossais et fran\u00e7ais de saumon \u00e9cossais Label Rouge frais entier ainsi que leurs coordonn\u00e9es pour en savoir plus.\" \/>\n<meta property=\"og:url\" content=\"https:\/\/saumonecossais.com\/fr\/saumon-frais-entier\/\" \/>\n<meta property=\"og:site_name\" content=\"Saumon \u00c9cossais Label Rouge\" \/>\n<meta property=\"article:modified_time\" content=\"2025-04-30T09:19:45+00:00\" \/>\n<meta property=\"og:image\" content=\"https:\/\/saumonecossais.com\/fr\/wp-content\/uploads\/2024\/06\/0193-Bakkafrost-Scotland-Logo_RGB.png\" \/>\n<meta name=\"twitter:card\" content=\"summary_large_image\" \/>\n<meta name=\"twitter:label1\" content=\"Dur\u00e9e de lecture estim\u00e9e\" \/>\n\t<meta name=\"twitter:data1\" content=\"2 minutes\" \/>\n<script type=\"application\/ld+json\" class=\"yoast-schema-graph\">{\"@context\":\"https:\\\/\\\/schema.org\",\"@graph\":[{\"@type\":\"WebPage\",\"@id\":\"https:\\\/\\\/saumonecossais.com\\\/fr\\\/saumon-frais-entier\\\/\",\"url\":\"https:\\\/\\\/saumonecossais.com\\\/fr\\\/saumon-frais-entier\\\/\",\"name\":\"Saumon frais entier - Saumon \u00c9cossais Label Rouge\",\"isPartOf\":{\"@id\":\"https:\\\/\\\/saumonecossais.com\\\/fr\\\/#website\"},\"primaryImageOfPage\":{\"@id\":\"https:\\\/\\\/saumonecossais.com\\\/fr\\\/saumon-frais-entier\\\/#primaryimage\"},\"image\":{\"@id\":\"https:\\\/\\\/saumonecossais.com\\\/fr\\\/saumon-frais-entier\\\/#primaryimage\"},\"thumbnailUrl\":\"https:\\\/\\\/saumonecossais.com\\\/fr\\\/wp-content\\\/uploads\\\/2024\\\/06\\\/0193-Bakkafrost-Scotland-Logo_RGB.png\",\"datePublished\":\"2020-02-06T11:12:02+00:00\",\"dateModified\":\"2025-04-30T09:19:45+00:00\",\"description\":\"D\u00e9couvrez les fournisseurs \u00e9cossais et fran\u00e7ais de saumon \u00e9cossais Label Rouge frais entier ainsi que leurs coordonn\u00e9es pour en savoir plus.\",\"breadcrumb\":{\"@id\":\"https:\\\/\\\/saumonecossais.com\\\/fr\\\/saumon-frais-entier\\\/#breadcrumb\"},\"inLanguage\":\"fr-FR\",\"potentialAction\":[{\"@type\":\"ReadAction\",\"target\":[\"https:\\\/\\\/saumonecossais.com\\\/fr\\\/saumon-frais-entier\\\/\"]}]},{\"@type\":\"ImageObject\",\"inLanguage\":\"fr-FR\",\"@id\":\"https:\\\/\\\/saumonecossais.com\\\/fr\\\/saumon-frais-entier\\\/#primaryimage\",\"url\":\"https:\\\/\\\/saumonecossais.com\\\/fr\\\/wp-content\\\/uploads\\\/2024\\\/06\\\/0193-Bakkafrost-Scotland-Logo_RGB.png\",\"contentUrl\":\"https:\\\/\\\/saumonecossais.com\\\/fr\\\/wp-content\\\/uploads\\\/2024\\\/06\\\/0193-Bakkafrost-Scotland-Logo_RGB.png\",\"width\":624,\"height\":479},{\"@type\":\"BreadcrumbList\",\"@id\":\"https:\\\/\\\/saumonecossais.com\\\/fr\\\/saumon-frais-entier\\\/#breadcrumb\",\"itemListElement\":[{\"@type\":\"ListItem\",\"position\":1,\"name\":\"Accueil\",\"item\":\"https:\\\/\\\/saumonecossais.com\\\/fr\\\/\"},{\"@type\":\"ListItem\",\"position\":2,\"name\":\"Saumon frais entier\"}]},{\"@type\":\"WebSite\",\"@id\":\"https:\\\/\\\/saumonecossais.com\\\/fr\\\/#website\",\"url\":\"https:\\\/\\\/saumonecossais.com\\\/fr\\\/\",\"name\":\"Saumon \u00c9cossais Label Rouge\",\"description\":\"Qualit\u00e9 et origine garanties\",\"publisher\":{\"@id\":\"https:\\\/\\\/saumonecossais.com\\\/fr\\\/#organization\"},\"alternateName\":\"SELR\",\"potentialAction\":[{\"@type\":\"SearchAction\",\"target\":{\"@type\":\"EntryPoint\",\"urlTemplate\":\"https:\\\/\\\/saumonecossais.com\\\/fr\\\/?s={search_term_string}\"},\"query-input\":{\"@type\":\"PropertyValueSpecification\",\"valueRequired\":true,\"valueName\":\"search_term_string\"}}],\"inLanguage\":\"fr-FR\"},{\"@type\":\"Organization\",\"@id\":\"https:\\\/\\\/saumonecossais.com\\\/fr\\\/#organization\",\"name\":\"Saumon \u00c9cossais Label Rouge\",\"alternateName\":\"SELR\",\"url\":\"https:\\\/\\\/saumonecossais.com\\\/fr\\\/\",\"logo\":{\"@type\":\"ImageObject\",\"inLanguage\":\"fr-FR\",\"@id\":\"https:\\\/\\\/saumonecossais.com\\\/fr\\\/#\\\/schema\\\/logo\\\/image\\\/\",\"url\":\"https:\\\/\\\/saumonecossais.com\\\/fr\\\/wp-content\\\/uploads\\\/2024\\\/06\\\/SELR-logo.png\",\"contentUrl\":\"https:\\\/\\\/saumonecossais.com\\\/fr\\\/wp-content\\\/uploads\\\/2024\\\/06\\\/SELR-logo.png\",\"width\":696,\"height\":696,\"caption\":\"Saumon \u00c9cossais Label Rouge\"},\"image\":{\"@id\":\"https:\\\/\\\/saumonecossais.com\\\/fr\\\/#\\\/schema\\\/logo\\\/image\\\/\"}}]}<\/script>\n<!-- \/ Yoast SEO plugin. -->","yoast_head_json":{"title":"Saumon frais entier - Saumon \u00c9cossais Label Rouge","description":"D\u00e9couvrez les fournisseurs \u00e9cossais et fran\u00e7ais de saumon \u00e9cossais Label Rouge frais entier ainsi que leurs coordonn\u00e9es pour en savoir plus.","robots":{"index":"index","follow":"follow","max-snippet":"max-snippet:-1","max-image-preview":"max-image-preview:large","max-video-preview":"max-video-preview:-1"},"canonical":"https:\/\/saumonecossais.com\/fr\/saumon-frais-entier\/","og_locale":"fr_FR","og_type":"article","og_title":"Saumon frais entier - Saumon \u00c9cossais Label Rouge","og_description":"D\u00e9couvrez les fournisseurs \u00e9cossais et fran\u00e7ais de saumon \u00e9cossais Label Rouge frais entier ainsi que leurs coordonn\u00e9es pour en savoir plus.","og_url":"https:\/\/saumonecossais.com\/fr\/saumon-frais-entier\/","og_site_name":"Saumon \u00c9cossais Label Rouge","article_modified_time":"2025-04-30T09:19:45+00:00","og_image":[{"url":"https:\/\/saumonecossais.com\/fr\/wp-content\/uploads\/2024\/06\/0193-Bakkafrost-Scotland-Logo_RGB.png","type":"","width":"","height":""}],"twitter_card":"summary_large_image","twitter_misc":{"Dur\u00e9e de lecture estim\u00e9e":"2 minutes"},"schema":{"@context":"https:\/\/schema.org","@graph":[{"@type":"WebPage","@id":"https:\/\/saumonecossais.com\/fr\/saumon-frais-entier\/","url":"https:\/\/saumonecossais.com\/fr\/saumon-frais-entier\/","name":"Saumon frais entier - Saumon \u00c9cossais Label Rouge","isPartOf":{"@id":"https:\/\/saumonecossais.com\/fr\/#website"},"primaryImageOfPage":{"@id":"https:\/\/saumonecossais.com\/fr\/saumon-frais-entier\/#primaryimage"},"image":{"@id":"https:\/\/saumonecossais.com\/fr\/saumon-frais-entier\/#primaryimage"},"thumbnailUrl":"https:\/\/saumonecossais.com\/fr\/wp-content\/uploads\/2024\/06\/0193-Bakkafrost-Scotland-Logo_RGB.png","datePublished":"2020-02-06T11:12:02+00:00","dateModified":"2025-04-30T09:19:45+00:00","description":"D\u00e9couvrez les fournisseurs \u00e9cossais et fran\u00e7ais de saumon \u00e9cossais Label Rouge frais entier ainsi que leurs coordonn\u00e9es pour en savoir plus.","breadcrumb":{"@id":"https:\/\/saumonecossais.com\/fr\/saumon-frais-entier\/#breadcrumb"},"inLanguage":"fr-FR","potentialAction":[{"@type":"ReadAction","target":["https:\/\/saumonecossais.com\/fr\/saumon-frais-entier\/"]}]},{"@type":"ImageObject","inLanguage":"fr-FR","@id":"https:\/\/saumonecossais.com\/fr\/saumon-frais-entier\/#primaryimage","url":"https:\/\/saumonecossais.com\/fr\/wp-content\/uploads\/2024\/06\/0193-Bakkafrost-Scotland-Logo_RGB.png","contentUrl":"https:\/\/saumonecossais.com\/fr\/wp-content\/uploads\/2024\/06\/0193-Bakkafrost-Scotland-Logo_RGB.png","width":624,"height":479},{"@type":"BreadcrumbList","@id":"https:\/\/saumonecossais.com\/fr\/saumon-frais-entier\/#breadcrumb","itemListElement":[{"@type":"ListItem","position":1,"name":"Accueil","item":"https:\/\/saumonecossais.com\/fr\/"},{"@type":"ListItem","position":2,"name":"Saumon frais entier"}]},{"@type":"WebSite","@id":"https:\/\/saumonecossais.com\/fr\/#website","url":"https:\/\/saumonecossais.com\/fr\/","name":"Saumon \u00c9cossais Label Rouge","description":"Qualit\u00e9 et origine garanties","publisher":{"@id":"https:\/\/saumonecossais.com\/fr\/#organization"},"alternateName":"SELR","potentialAction":[{"@type":"SearchAction","target":{"@type":"EntryPoint","urlTemplate":"https:\/\/saumonecossais.com\/fr\/?s={search_term_string}"},"query-input":{"@type":"PropertyValueSpecification","valueRequired":true,"valueName":"search_term_string"}}],"inLanguage":"fr-FR"},{"@type":"Organization","@id":"https:\/\/saumonecossais.com\/fr\/#organization","name":"Saumon \u00c9cossais Label Rouge","alternateName":"SELR","url":"https:\/\/saumonecossais.com\/fr\/","logo":{"@type":"ImageObject","inLanguage":"fr-FR","@id":"https:\/\/saumonecossais.com\/fr\/#\/schema\/logo\/image\/","url":"https:\/\/saumonecossais.com\/fr\/wp-content\/uploads\/2024\/06\/SELR-logo.png","contentUrl":"https:\/\/saumonecossais.com\/fr\/wp-content\/uploads\/2024\/06\/SELR-logo.png","width":696,"height":696,"caption":"Saumon \u00c9cossais Label Rouge"},"image":{"@id":"https:\/\/saumonecossais.com\/fr\/#\/schema\/logo\/image\/"}}]}},"_links":{"self":[{"href":"https:\/\/saumonecossais.com\/fr\/wp-json\/wp\/v2\/pages\/2237","targetHints":{"allow":["GET"]}}],"collection":[{"href":"https:\/\/saumonecossais.com\/fr\/wp-json\/wp\/v2\/pages"}],"about":[{"href":"https:\/\/saumonecossais.com\/fr\/wp-json\/wp\/v2\/types\/page"}],"author":[{"embeddable":true,"href":"https:\/\/saumonecossais.com\/fr\/wp-json\/wp\/v2\/users\/1"}],"replies":[{"embeddable":true,"href":"https:\/\/saumonecossais.com\/fr\/wp-json\/wp\/v2\/comments?post=2237"}],"version-history":[{"count":2,"href":"https:\/\/saumonecossais.com\/fr\/wp-json\/wp\/v2\/pages\/2237\/revisions"}],"predecessor-version":[{"id":5331,"href":"https:\/\/saumonecossais.com\/fr\/wp-json\/wp\/v2\/pages\/2237\/revisions\/5331"}],"wp:attachment":[{"href":"https:\/\/saumonecossais.com\/fr\/wp-json\/wp\/v2\/media?parent=2237"}],"curies":[{"name":"wp","href":"https:\/\/api.w.org\/{rel}","templated":true}]}}