{"id":17,"date":"2019-08-22T17:10:46","date_gmt":"2019-08-22T15:10:46","guid":{"rendered":"https:\/\/saumon.agence71.com\/?page_id=17"},"modified":"2025-12-02T18:00:41","modified_gmt":"2025-12-02T17:00:41","slug":"qualite","status":"publish","type":"page","link":"https:\/\/saumonecossais.com\/fr\/qualite\/","title":{"rendered":"Qualit\u00e9"},"content":{"rendered":"\n\n\t<p>&nbsp;<\/p>\n<ul>\n<li><a href=\"#qualite\">Qualit\u00e9 exceptionnelle<\/a><\/li>\n\n<li><a href=\"#label-rouge\">Label Rouge<\/a><\/li>\n\n<li><a href=\"#tracabilite\">Tra\u00e7abillit\u00e9<\/a><\/li>\n\n<li><a href=\"#origine-ecossaise\">UK Protected Geographic Origin<\/a><\/li>\n<\/ul>\n\t<h1>Le Saumon \u00e9cossais Label Rouge<\/h1>\n\t\t\t\t<img decoding=\"async\" src=\"https:\/\/saumonecossais.com\/fr\/wp-content\/plugins\/bb-plugin\/img\/pixel.png\" alt=\"\" itemprop=\"image\" onerror=\"this.style.display='none'\" loading=\"lazy\" \/>\n<h2>\n\t\t\tToutes les saveurs de l&rsquo;\u00c9cosse\t<\/h2>\n\t<p>Le<strong> saumon \u00e9cossais a \u00e9t\u00e9 en 1992 le premier poisson et le premier produit \u00e9tranger \u00e0 obtenir le prestigieux Label Rouge attribu\u00e9 par le Minist\u00e8re de l&rsquo;Agriculture fran\u00e7ais.<\/strong><\/p>\n<p>Le Label Rouge est accord\u00e9 \u00e0 un produit de qualit\u00e9 sup\u00e9rieure en particulier sur le plan gustatif.<\/p>\n<p>Label Rouge et origine \u00c9cosse, une double reconnaissance garantissant au consommateur le meilleur des saveurs de l&rsquo;Ecosse.<\/p>\n<h2>\n\t\t\tUne r\u00e9f\u00e9rence de qualit\u00e9\t<\/h2>\n\t<p><strong>Le cahier des charges du saumon Label Rouge N\u00b0LA 33\/90<\/strong>\u00a0d\u00e9finit l&rsquo;ensemble des exigences permettant d&rsquo;atteindre le niveau de qualit\u00e9 sup\u00e9rieure.<\/p>\n<p>Les \u00e9l\u00e9ments suivants concourent notamment \u00e0 la qualit\u00e9 exceptionnelle du Saumon \u00e9cossais Label Rouge :<\/p>\n<ul>\n<li>Une croissance lente des poissons respectant leur rythme naturel (entre 8 et 16 mois en eau douce, puis entre 10 et 24 mois en mer)<\/li>\n<li>Des conditions d&rsquo;\u00e9levage favorisant la fermet\u00e9 de la chair.<\/li>\n<li>Une teneur en mati\u00e8res grasses dans la chair maitris\u00e9e<\/li>\n<li>Un syst\u00e8me d&rsquo;identification garantissant une tra\u00e7abilit\u00e9 totale et une fra\u00eecheur absolue<\/li>\n<li>Le respect du bien-\u00eatre du poisson, de l&rsquo;environnement et de sa durabilit\u00e9<\/li>\n<li>Une origine \u00c9cosse garantie<\/li>\n<li>Des contr\u00f4les effectu\u00e9s \u00e0 tous les stades de la production par un organisme ind\u00e9pendant accr\u00e9dit\u00e9<\/li>\n<\/ul>\n\t\t\t\t<img decoding=\"async\" src=\"https:\/\/saumonecossais.com\/fr\/wp-content\/uploads\/2019\/12\/page-selr-etiquette.jpg\" alt=\"\u00e9tiquette du Saumon \u00c9cossais Label Rouge\" itemprop=\"image\" height=\"550\" width=\"500\" title=\"\u00e9tiquette du Saumon \u00c9cossais Label Rouge\" onerror=\"this.style.display='none'\" loading=\"lazy\" \/>\n\t\t\t\t<img decoding=\"async\" src=\"https:\/\/saumonecossais.com\/fr\/wp-content\/uploads\/2019\/11\/logo-label-rouge.png\" alt=\"Label rouge\" itemprop=\"image\" height=\"159\" width=\"196\" title=\"Label rouge\" onerror=\"this.style.display='none'\" loading=\"lazy\" \/>\n<h2>\n\t\t\tQu&rsquo;est-ce que le Label Rouge ?\t<\/h2>\n\t<p>Le Label Rouge est une reconnaissance officielle de la qualit\u00e9 sup\u00e9rieure d&rsquo;un produit agricole ou d&rsquo;une denr\u00e9e alimentaire par rapport aux autres produits similaires.<\/p>\n<p>Cette reconnaissance s&rsquo;obtient par l&rsquo;homologation d&rsquo;un cahier des charges tr\u00e8s strict mis en place par un groupe de producteurs.<\/p>\n<p>L&rsquo;homologation est prononc\u00e9e par arr\u00eat\u00e9 du Minist\u00e8re charg\u00e9 de l&rsquo;Agriculture et de l&rsquo;Alimentation sur avis de l&rsquo;<a href=\"http:\/\/www.inao.gouv.fr\/\" target=\"_blank\" rel=\"noopener\">Institut National de l&rsquo;Origine et de la Qualit\u00e9<\/a>\u00a0(INAO). L&rsquo;INAO est l&rsquo;organisme public fran\u00e7ais en charge des signes de qualit\u00e9 et d&rsquo;origine pour les produits alimentaires.<\/p>\n<p>Scottish Quality Salmon Ltd est l&rsquo;ODG (Organisme de D\u00e9fense et de Gestion) d\u00e9tenteur du Label Rouge N\u00b0 LA 33\/90. Le respect du cahier des charges est contr\u00f4l\u00e9 par un organisme certificateur ind\u00e9pendant, <a href=\"http:\/\/www.foodcertint.com\/\" target=\"_blank\" rel=\"noopener\">Acoura &#8211; Food Certification International Ltd<\/a>.<\/p>\n\t\t\t<a href=\"https:\/\/saumonecossais.com\/fr\/benefices-sante\/\" title=\"Cliquez ici\" target=\"_self\"   role=\"button\" aria-label=\"D\u00e9couvrir les b\u00e9n\u00e9fices sant\u00e9\">\n\t\t\t\t\t\t\tD\u00e9couvrir les b\u00e9n\u00e9fices sant\u00e9\n\t\t<\/a>\n\t\t\t\t<img decoding=\"async\" src=\"https:\/\/saumonecossais.com\/fr\/wp-content\/uploads\/2024\/05\/carte-page-selr-2024-x2.png\" alt=\"carte-page-selr-2024-x2\" itemprop=\"image\" height=\"1200\" width=\"1136\" title=\"carte-page-selr-2024-x2\" onerror=\"this.style.display='none'\" loading=\"lazy\" \/>\n<h2>\n\t\t\tUne tra\u00e7abilit\u00e9 absolue\t<\/h2>\n\t<strong>Une tra\u00e7abilit\u00e9 absolue de l&rsquo;\u0153uf \u00e0 l&rsquo;\u00e9tal<\/strong><br \/>\nL&rsquo;origine de chaque saumon Label Rouge est identifiable au moyen d&rsquo;une bague num\u00e9rot\u00e9e de fa\u00e7on s\u00e9quentielle fournie par l&rsquo;organisme certificateur.\n<p>Cette bague fix\u00e9e \u00e0 l&rsquo;ou\u00efe du poisson comporte les mentions suivantes :<\/p>\n<ul>\n<li>Le logo Label Rouge,<\/li>\n<li>Le num\u00e9ro d&rsquo;homologation,<\/li>\n<li>Un num\u00e9ro d&rsquo;identification individuelle,<\/li>\n<li>Une \u00ab\u00a0date limite de consommation\u00a0\u00bb,<\/li>\n<li>Les coordonn\u00e9es de l&rsquo;organisme certificateur.<\/li>\n<\/ul>\n<p>De plus, chaque caisse porte une \u00e9tiquette num\u00e9rot\u00e9e de fa\u00e7on s\u00e9quentielle, \u00e9galement fournie par l&rsquo;organisme certificateur.<\/p>\n<p>Pour les d\u00e9coupes pr\u00e9emball\u00e9es destin\u00e9es \u00e0 la vente au d\u00e9tail, les \u00e9tablissements de transformation agr\u00e9\u00e9s apposent une \u00e9tiquette comportant un num\u00e9ro s\u00e9quentiel unique.<\/p>\n\t\t\t<a href=\"https:\/\/saumonecossais.com\/fr\/provenance\/\" title=\"Cliquez ici\" target=\"_self\"   role=\"button\" aria-label=\"En savoir plus sur la provenance\">\n\t\t\t\t\t\t\tEn savoir plus sur la provenance\n\t\t<\/a>\n<h2  id=\"igp\">\n\t\t\tUne origine \u00ab \u00c9cosse \u00bb reconnue et prot\u00e9g\u00e9e\t<\/h2>\n\tLe saumon d&rsquo;\u00c9cosse b\u00e9n\u00e9ficie d&rsquo;une Indication G\u00e9ographique Prot\u00e9g\u00e9e (IGP) attribu\u00e9e par la Commission Europ\u00e9enne et confirm\u00e9e en D\u00e9cembre 2025.<br \/>\nL&rsquo;IGP est accord\u00e9e \u00e0 un produit ayant un lien fort avec son origine g\u00e9ographique.<br \/>\nElle s&rsquo;applique aux Highlands et Islands, depuis la r\u00e9gion c\u00f4ti\u00e8re de l&rsquo;\u00c9cosse aux Iles de l&rsquo;ouest,<br \/>\n\u00e0 Orkney et aux \u00eeles Shetland.<br \/>\nLabel Rouge et IGP sont donc la double reconnaissance de la qualit\u00e9 sup\u00e9rieure<br \/>\net de l&rsquo;origine du Saumon<br \/>\n\u00e9cossais Label Rouge.\n\t\t\t\t<img decoding=\"async\" src=\"https:\/\/saumonecossais.com\/fr\/wp-content\/uploads\/2025\/12\/selr-igpeu-2025.png\" alt=\"selr-igpeu-2025\" itemprop=\"image\" height=\"356\" width=\"356\" title=\"selr-igpeu-2025\" onerror=\"this.style.display='none'\" loading=\"lazy\" \/>\n\n","protected":false},"excerpt":{"rendered":"<p>&nbsp; Qualit\u00e9 exceptionnelle Label Rouge Tra\u00e7abillit\u00e9 UK Protected Geographic Origin Le Saumon \u00e9cossais Label Rouge Toutes les saveurs de l&rsquo;\u00c9cosse Le saumon \u00e9cossais a \u00e9t\u00e9 en 1992 le premier poisson et le premier produit \u00e9tranger \u00e0 obtenir le prestigieux Label Rouge attribu\u00e9 par le Minist\u00e8re de l&rsquo;Agriculture fran\u00e7ais. Le Label Rouge est accord\u00e9 \u00e0 un&hellip;<\/p>\n","protected":false},"author":1,"featured_media":0,"parent":0,"menu_order":0,"comment_status":"closed","ping_status":"closed","template":"","meta":{"footnotes":""},"class_list":["post-17","page","type-page","status-publish","hentry"],"yoast_head":"<!-- This site is optimized with the Yoast SEO plugin v27.3 - https:\/\/yoast.com\/product\/yoast-seo-wordpress\/ -->\n<title>Qualit\u00e9 et origine garanties - Saumon \u00c9cossais Label Rouge<\/title>\n<meta name=\"description\" content=\"D\u00e9couvrez le Saumon \u00c9cossais Label Rouge, une r\u00e9f\u00e9rence de qualit\u00e9 reconnue pour son label et son IGP. Origine et tra\u00e7abilti\u00e9 garanties !\" \/>\n<meta name=\"robots\" content=\"index, follow, max-snippet:-1, max-image-preview:large, max-video-preview:-1\" \/>\n<link rel=\"canonical\" href=\"https:\/\/saumonecossais.com\/fr\/qualite\/\" \/>\n<meta property=\"og:locale\" content=\"fr_FR\" \/>\n<meta property=\"og:type\" content=\"article\" \/>\n<meta property=\"og:title\" content=\"Qualit\u00e9 et origine garanties - Saumon \u00c9cossais Label Rouge\" \/>\n<meta property=\"og:description\" content=\"D\u00e9couvrez le Saumon \u00c9cossais Label Rouge, une r\u00e9f\u00e9rence de qualit\u00e9 reconnue pour son label et son IGP. Origine et tra\u00e7abilti\u00e9 garanties !\" \/>\n<meta property=\"og:url\" content=\"https:\/\/saumonecossais.com\/fr\/qualite\/\" \/>\n<meta property=\"og:site_name\" content=\"Saumon \u00c9cossais Label Rouge\" \/>\n<meta property=\"article:modified_time\" content=\"2025-12-02T17:00:41+00:00\" \/>\n<meta property=\"og:image\" content=\"https:\/\/saumonecossais.com\/fr\/wp-content\/plugins\/bb-plugin\/img\/pixel.png\" \/>\n<meta name=\"twitter:card\" content=\"summary_large_image\" \/>\n<meta name=\"twitter:label1\" content=\"Dur\u00e9e de lecture estim\u00e9e\" \/>\n\t<meta name=\"twitter:data1\" content=\"4 minutes\" \/>\n<script type=\"application\/ld+json\" class=\"yoast-schema-graph\">{\"@context\":\"https:\\\/\\\/schema.org\",\"@graph\":[{\"@type\":\"WebPage\",\"@id\":\"https:\\\/\\\/saumonecossais.com\\\/fr\\\/qualite\\\/\",\"url\":\"https:\\\/\\\/saumonecossais.com\\\/fr\\\/qualite\\\/\",\"name\":\"Qualit\u00e9 et origine garanties - Saumon \u00c9cossais Label Rouge\",\"isPartOf\":{\"@id\":\"https:\\\/\\\/saumonecossais.com\\\/fr\\\/#website\"},\"primaryImageOfPage\":{\"@id\":\"https:\\\/\\\/saumonecossais.com\\\/fr\\\/qualite\\\/#primaryimage\"},\"image\":{\"@id\":\"https:\\\/\\\/saumonecossais.com\\\/fr\\\/qualite\\\/#primaryimage\"},\"thumbnailUrl\":\"https:\\\/\\\/saumonecossais.com\\\/fr\\\/wp-content\\\/plugins\\\/bb-plugin\\\/img\\\/pixel.png\",\"datePublished\":\"2019-08-22T15:10:46+00:00\",\"dateModified\":\"2025-12-02T17:00:41+00:00\",\"description\":\"D\u00e9couvrez le Saumon \u00c9cossais Label Rouge, une r\u00e9f\u00e9rence de qualit\u00e9 reconnue pour son label et son IGP. Origine et tra\u00e7abilti\u00e9 garanties !\",\"breadcrumb\":{\"@id\":\"https:\\\/\\\/saumonecossais.com\\\/fr\\\/qualite\\\/#breadcrumb\"},\"inLanguage\":\"fr-FR\",\"potentialAction\":[{\"@type\":\"ReadAction\",\"target\":[\"https:\\\/\\\/saumonecossais.com\\\/fr\\\/qualite\\\/\"]}]},{\"@type\":\"ImageObject\",\"inLanguage\":\"fr-FR\",\"@id\":\"https:\\\/\\\/saumonecossais.com\\\/fr\\\/qualite\\\/#primaryimage\",\"url\":\"https:\\\/\\\/saumonecossais.com\\\/fr\\\/wp-content\\\/plugins\\\/bb-plugin\\\/img\\\/pixel.png\",\"contentUrl\":\"https:\\\/\\\/saumonecossais.com\\\/fr\\\/wp-content\\\/plugins\\\/bb-plugin\\\/img\\\/pixel.png\"},{\"@type\":\"BreadcrumbList\",\"@id\":\"https:\\\/\\\/saumonecossais.com\\\/fr\\\/qualite\\\/#breadcrumb\",\"itemListElement\":[{\"@type\":\"ListItem\",\"position\":1,\"name\":\"Accueil\",\"item\":\"https:\\\/\\\/saumonecossais.com\\\/fr\\\/\"},{\"@type\":\"ListItem\",\"position\":2,\"name\":\"Qualit\u00e9\"}]},{\"@type\":\"WebSite\",\"@id\":\"https:\\\/\\\/saumonecossais.com\\\/fr\\\/#website\",\"url\":\"https:\\\/\\\/saumonecossais.com\\\/fr\\\/\",\"name\":\"Saumon \u00c9cossais Label Rouge\",\"description\":\"Qualit\u00e9 et origine garanties\",\"publisher\":{\"@id\":\"https:\\\/\\\/saumonecossais.com\\\/fr\\\/#organization\"},\"alternateName\":\"SELR\",\"potentialAction\":[{\"@type\":\"SearchAction\",\"target\":{\"@type\":\"EntryPoint\",\"urlTemplate\":\"https:\\\/\\\/saumonecossais.com\\\/fr\\\/?s={search_term_string}\"},\"query-input\":{\"@type\":\"PropertyValueSpecification\",\"valueRequired\":true,\"valueName\":\"search_term_string\"}}],\"inLanguage\":\"fr-FR\"},{\"@type\":\"Organization\",\"@id\":\"https:\\\/\\\/saumonecossais.com\\\/fr\\\/#organization\",\"name\":\"Saumon \u00c9cossais Label Rouge\",\"alternateName\":\"SELR\",\"url\":\"https:\\\/\\\/saumonecossais.com\\\/fr\\\/\",\"logo\":{\"@type\":\"ImageObject\",\"inLanguage\":\"fr-FR\",\"@id\":\"https:\\\/\\\/saumonecossais.com\\\/fr\\\/#\\\/schema\\\/logo\\\/image\\\/\",\"url\":\"https:\\\/\\\/saumonecossais.com\\\/fr\\\/wp-content\\\/uploads\\\/2024\\\/06\\\/SELR-logo.png\",\"contentUrl\":\"https:\\\/\\\/saumonecossais.com\\\/fr\\\/wp-content\\\/uploads\\\/2024\\\/06\\\/SELR-logo.png\",\"width\":696,\"height\":696,\"caption\":\"Saumon \u00c9cossais Label Rouge\"},\"image\":{\"@id\":\"https:\\\/\\\/saumonecossais.com\\\/fr\\\/#\\\/schema\\\/logo\\\/image\\\/\"}}]}<\/script>\n<!-- \/ Yoast SEO plugin. -->","yoast_head_json":{"title":"Qualit\u00e9 et origine garanties - Saumon \u00c9cossais Label Rouge","description":"D\u00e9couvrez le Saumon \u00c9cossais Label Rouge, une r\u00e9f\u00e9rence de qualit\u00e9 reconnue pour son label et son IGP. Origine et tra\u00e7abilti\u00e9 garanties !","robots":{"index":"index","follow":"follow","max-snippet":"max-snippet:-1","max-image-preview":"max-image-preview:large","max-video-preview":"max-video-preview:-1"},"canonical":"https:\/\/saumonecossais.com\/fr\/qualite\/","og_locale":"fr_FR","og_type":"article","og_title":"Qualit\u00e9 et origine garanties - Saumon \u00c9cossais Label Rouge","og_description":"D\u00e9couvrez le Saumon \u00c9cossais Label Rouge, une r\u00e9f\u00e9rence de qualit\u00e9 reconnue pour son label et son IGP. Origine et tra\u00e7abilti\u00e9 garanties !","og_url":"https:\/\/saumonecossais.com\/fr\/qualite\/","og_site_name":"Saumon \u00c9cossais Label Rouge","article_modified_time":"2025-12-02T17:00:41+00:00","og_image":[{"url":"https:\/\/saumonecossais.com\/fr\/wp-content\/plugins\/bb-plugin\/img\/pixel.png","type":"","width":"","height":""}],"twitter_card":"summary_large_image","twitter_misc":{"Dur\u00e9e de lecture estim\u00e9e":"4 minutes"},"schema":{"@context":"https:\/\/schema.org","@graph":[{"@type":"WebPage","@id":"https:\/\/saumonecossais.com\/fr\/qualite\/","url":"https:\/\/saumonecossais.com\/fr\/qualite\/","name":"Qualit\u00e9 et origine garanties - Saumon \u00c9cossais Label Rouge","isPartOf":{"@id":"https:\/\/saumonecossais.com\/fr\/#website"},"primaryImageOfPage":{"@id":"https:\/\/saumonecossais.com\/fr\/qualite\/#primaryimage"},"image":{"@id":"https:\/\/saumonecossais.com\/fr\/qualite\/#primaryimage"},"thumbnailUrl":"https:\/\/saumonecossais.com\/fr\/wp-content\/plugins\/bb-plugin\/img\/pixel.png","datePublished":"2019-08-22T15:10:46+00:00","dateModified":"2025-12-02T17:00:41+00:00","description":"D\u00e9couvrez le Saumon \u00c9cossais Label Rouge, une r\u00e9f\u00e9rence de qualit\u00e9 reconnue pour son label et son IGP. Origine et tra\u00e7abilti\u00e9 garanties !","breadcrumb":{"@id":"https:\/\/saumonecossais.com\/fr\/qualite\/#breadcrumb"},"inLanguage":"fr-FR","potentialAction":[{"@type":"ReadAction","target":["https:\/\/saumonecossais.com\/fr\/qualite\/"]}]},{"@type":"ImageObject","inLanguage":"fr-FR","@id":"https:\/\/saumonecossais.com\/fr\/qualite\/#primaryimage","url":"https:\/\/saumonecossais.com\/fr\/wp-content\/plugins\/bb-plugin\/img\/pixel.png","contentUrl":"https:\/\/saumonecossais.com\/fr\/wp-content\/plugins\/bb-plugin\/img\/pixel.png"},{"@type":"BreadcrumbList","@id":"https:\/\/saumonecossais.com\/fr\/qualite\/#breadcrumb","itemListElement":[{"@type":"ListItem","position":1,"name":"Accueil","item":"https:\/\/saumonecossais.com\/fr\/"},{"@type":"ListItem","position":2,"name":"Qualit\u00e9"}]},{"@type":"WebSite","@id":"https:\/\/saumonecossais.com\/fr\/#website","url":"https:\/\/saumonecossais.com\/fr\/","name":"Saumon \u00c9cossais Label Rouge","description":"Qualit\u00e9 et origine garanties","publisher":{"@id":"https:\/\/saumonecossais.com\/fr\/#organization"},"alternateName":"SELR","potentialAction":[{"@type":"SearchAction","target":{"@type":"EntryPoint","urlTemplate":"https:\/\/saumonecossais.com\/fr\/?s={search_term_string}"},"query-input":{"@type":"PropertyValueSpecification","valueRequired":true,"valueName":"search_term_string"}}],"inLanguage":"fr-FR"},{"@type":"Organization","@id":"https:\/\/saumonecossais.com\/fr\/#organization","name":"Saumon \u00c9cossais Label Rouge","alternateName":"SELR","url":"https:\/\/saumonecossais.com\/fr\/","logo":{"@type":"ImageObject","inLanguage":"fr-FR","@id":"https:\/\/saumonecossais.com\/fr\/#\/schema\/logo\/image\/","url":"https:\/\/saumonecossais.com\/fr\/wp-content\/uploads\/2024\/06\/SELR-logo.png","contentUrl":"https:\/\/saumonecossais.com\/fr\/wp-content\/uploads\/2024\/06\/SELR-logo.png","width":696,"height":696,"caption":"Saumon \u00c9cossais Label Rouge"},"image":{"@id":"https:\/\/saumonecossais.com\/fr\/#\/schema\/logo\/image\/"}}]}},"_links":{"self":[{"href":"https:\/\/saumonecossais.com\/fr\/wp-json\/wp\/v2\/pages\/17","targetHints":{"allow":["GET"]}}],"collection":[{"href":"https:\/\/saumonecossais.com\/fr\/wp-json\/wp\/v2\/pages"}],"about":[{"href":"https:\/\/saumonecossais.com\/fr\/wp-json\/wp\/v2\/types\/page"}],"author":[{"embeddable":true,"href":"https:\/\/saumonecossais.com\/fr\/wp-json\/wp\/v2\/users\/1"}],"replies":[{"embeddable":true,"href":"https:\/\/saumonecossais.com\/fr\/wp-json\/wp\/v2\/comments?post=17"}],"version-history":[{"count":2,"href":"https:\/\/saumonecossais.com\/fr\/wp-json\/wp\/v2\/pages\/17\/revisions"}],"predecessor-version":[{"id":5470,"href":"https:\/\/saumonecossais.com\/fr\/wp-json\/wp\/v2\/pages\/17\/revisions\/5470"}],"wp:attachment":[{"href":"https:\/\/saumonecossais.com\/fr\/wp-json\/wp\/v2\/media?parent=17"}],"curies":[{"name":"wp","href":"https:\/\/api.w.org\/{rel}","templated":true}]}}