{"id":1389,"date":"2019-11-28T15:01:31","date_gmt":"2019-11-28T14:01:31","guid":{"rendered":"https:\/\/saumonecossais.com\/fr\/?page_id=1389"},"modified":"2025-06-16T10:51:53","modified_gmt":"2025-06-16T08:51:53","slug":"contactez-nous","status":"publish","type":"page","link":"https:\/\/saumonecossais.com\/fr\/contactez-nous\/","title":{"rendered":"Contactez-nous"},"content":{"rendered":"\n<h2>\n\t\t\tContactez-nous\t<\/h2>\n\t<p>Vous souhaitez un renseignement ou trouver un poissonnier du Clan pr\u00e8s de chez vous, envoyez-nous un message via le formulaire ci-dessous.<\/p>\n\t<p><strong>France<\/strong><\/p>\n<em>Organisme de Defense et de Gestion (ODG)<\/em><br \/>\n<em>du Saumon \u00e9cossais Label Rouge<\/em>\n<p>Scottish Quality Salmon Ltd<\/p>\n<p>Email : &#x63;&#x6f;&#110;&#116;a&#x63;&#x74;&#x40;&#115;au&#x6d;&#x6f;&#110;&#101;c&#x6f;&#x73;&#x73;&#97;is&#x2e;&#x63;&#111;&#109;<\/p>\n\t<p><strong>Ecosse<\/strong><\/p>\n<p><em>Scottish Quality Salmon Ltd\u00a0<\/em><\/p>\n<p>C\/O Shepherd and Wedderburn Llp Floor 3, 1 West Regent Street, Glasgow, Scotland, G2 1RW<\/p>\n<p>Email : &#101;&#x6e;&#x71;u&#105;&#x72;i&#101;&#x73;&#64;&#115;&#x63;o&#116;&#x74;&#x69;&#115;&#x68;&#x73;a&#108;&#x6d;o&#110;&#x2e;c&#111;&#x2e;&#x75;&#107;\u00a0<\/p>\n\t\t\t\t<img decoding=\"async\" src=\"https:\/\/saumonecossais.com\/fr\/wp-content\/uploads\/2019\/12\/carte-ecosse-france.png\" alt=\"Carte montrant le lien entre l&#039;\u00e9cosse et la France\" itemprop=\"image\" height=\"600\" width=\"514\" title=\"Carte montrant le lien entre l&#039;\u00e9cosse et la France\" onerror=\"this.style.display='none'\" loading='lazy' \/>\n\n","protected":false},"excerpt":{"rendered":"<p>Contactez-nous Vous souhaitez un renseignement ou trouver un poissonnier du Clan pr\u00e8s de chez vous, envoyez-nous un message via le formulaire ci-dessous. France Organisme de Defense et de Gestion (ODG) du Saumon \u00e9cossais Label Rouge Scottish Quality Salmon Ltd Email : &#99;&#x6f;&#x6e;t&#97;&#x63;t&#64;&#x73;&#x61;&#117;&#x6d;&#x6f;n&#101;&#x63;o&#115;&#x73;&#x61;&#105;&#x73;&#x2e;c&#111;&#x6d; Ecosse Scottish Quality Salmon Ltd\u00a0 C\/O Shepherd and Wedderburn Llp Floor 3, 1&hellip;<\/p>\n","protected":false},"author":1,"featured_media":0,"parent":0,"menu_order":0,"comment_status":"closed","ping_status":"closed","template":"","meta":{"footnotes":""},"class_list":["post-1389","page","type-page","status-publish","hentry"],"yoast_head":"<!-- This site is optimized with the Yoast SEO plugin v27.3 - https:\/\/yoast.com\/product\/yoast-seo-wordpress\/ -->\n<title>Contactez-nous - Saumon \u00c9cossais Label Rouge<\/title>\n<meta name=\"description\" content=\"Vous avez une question sur le Saumon Ecossais Label Rouge ? N&#039;h\u00e9sitez pas \u00e0 nous contacter par t\u00e9l\u00e9phone, email ou formulaire.\" \/>\n<meta name=\"robots\" content=\"index, follow, max-snippet:-1, max-image-preview:large, max-video-preview:-1\" \/>\n<link rel=\"canonical\" href=\"https:\/\/saumonecossais.com\/fr\/contactez-nous\/\" \/>\n<meta property=\"og:locale\" content=\"fr_FR\" \/>\n<meta property=\"og:type\" content=\"article\" \/>\n<meta property=\"og:title\" content=\"Contactez-nous - Saumon \u00c9cossais Label Rouge\" \/>\n<meta property=\"og:description\" content=\"Vous avez une question sur le Saumon Ecossais Label Rouge ? N&#039;h\u00e9sitez pas \u00e0 nous contacter par t\u00e9l\u00e9phone, email ou formulaire.\" \/>\n<meta property=\"og:url\" content=\"https:\/\/saumonecossais.com\/fr\/contactez-nous\/\" \/>\n<meta property=\"og:site_name\" content=\"Saumon \u00c9cossais Label Rouge\" \/>\n<meta property=\"article:modified_time\" content=\"2025-06-16T08:51:53+00:00\" \/>\n<meta property=\"og:image\" content=\"https:\/\/saumonecossais.com\/fr\/wp-content\/uploads\/2019\/12\/carte-ecosse-france.png\" \/>\n<meta name=\"twitter:card\" content=\"summary_large_image\" \/>\n<meta name=\"twitter:label1\" content=\"Dur\u00e9e de lecture estim\u00e9e\" \/>\n\t<meta name=\"twitter:data1\" content=\"1 minute\" \/>\n<script type=\"application\/ld+json\" class=\"yoast-schema-graph\">{\"@context\":\"https:\\\/\\\/schema.org\",\"@graph\":[{\"@type\":\"WebPage\",\"@id\":\"https:\\\/\\\/saumonecossais.com\\\/fr\\\/contactez-nous\\\/\",\"url\":\"https:\\\/\\\/saumonecossais.com\\\/fr\\\/contactez-nous\\\/\",\"name\":\"Contactez-nous - Saumon \u00c9cossais Label Rouge\",\"isPartOf\":{\"@id\":\"https:\\\/\\\/saumonecossais.com\\\/fr\\\/#website\"},\"primaryImageOfPage\":{\"@id\":\"https:\\\/\\\/saumonecossais.com\\\/fr\\\/contactez-nous\\\/#primaryimage\"},\"image\":{\"@id\":\"https:\\\/\\\/saumonecossais.com\\\/fr\\\/contactez-nous\\\/#primaryimage\"},\"thumbnailUrl\":\"https:\\\/\\\/saumonecossais.com\\\/fr\\\/wp-content\\\/uploads\\\/2019\\\/12\\\/carte-ecosse-france.png\",\"datePublished\":\"2019-11-28T14:01:31+00:00\",\"dateModified\":\"2025-06-16T08:51:53+00:00\",\"description\":\"Vous avez une question sur le Saumon Ecossais Label Rouge ? N'h\u00e9sitez pas \u00e0 nous contacter par t\u00e9l\u00e9phone, email ou formulaire.\",\"breadcrumb\":{\"@id\":\"https:\\\/\\\/saumonecossais.com\\\/fr\\\/contactez-nous\\\/#breadcrumb\"},\"inLanguage\":\"fr-FR\",\"potentialAction\":[{\"@type\":\"ReadAction\",\"target\":[\"https:\\\/\\\/saumonecossais.com\\\/fr\\\/contactez-nous\\\/\"]}]},{\"@type\":\"ImageObject\",\"inLanguage\":\"fr-FR\",\"@id\":\"https:\\\/\\\/saumonecossais.com\\\/fr\\\/contactez-nous\\\/#primaryimage\",\"url\":\"https:\\\/\\\/saumonecossais.com\\\/fr\\\/wp-content\\\/uploads\\\/2019\\\/12\\\/carte-ecosse-france.png\",\"contentUrl\":\"https:\\\/\\\/saumonecossais.com\\\/fr\\\/wp-content\\\/uploads\\\/2019\\\/12\\\/carte-ecosse-france.png\",\"width\":514,\"height\":600,\"caption\":\"Carte montrant le lien entre l'\u00e9cosse et la France\"},{\"@type\":\"BreadcrumbList\",\"@id\":\"https:\\\/\\\/saumonecossais.com\\\/fr\\\/contactez-nous\\\/#breadcrumb\",\"itemListElement\":[{\"@type\":\"ListItem\",\"position\":1,\"name\":\"Accueil\",\"item\":\"https:\\\/\\\/saumonecossais.com\\\/fr\\\/\"},{\"@type\":\"ListItem\",\"position\":2,\"name\":\"Contactez-nous\"}]},{\"@type\":\"WebSite\",\"@id\":\"https:\\\/\\\/saumonecossais.com\\\/fr\\\/#website\",\"url\":\"https:\\\/\\\/saumonecossais.com\\\/fr\\\/\",\"name\":\"Saumon \u00c9cossais Label Rouge\",\"description\":\"Qualit\u00e9 et origine garanties\",\"publisher\":{\"@id\":\"https:\\\/\\\/saumonecossais.com\\\/fr\\\/#organization\"},\"alternateName\":\"SELR\",\"potentialAction\":[{\"@type\":\"SearchAction\",\"target\":{\"@type\":\"EntryPoint\",\"urlTemplate\":\"https:\\\/\\\/saumonecossais.com\\\/fr\\\/?s={search_term_string}\"},\"query-input\":{\"@type\":\"PropertyValueSpecification\",\"valueRequired\":true,\"valueName\":\"search_term_string\"}}],\"inLanguage\":\"fr-FR\"},{\"@type\":\"Organization\",\"@id\":\"https:\\\/\\\/saumonecossais.com\\\/fr\\\/#organization\",\"name\":\"Saumon \u00c9cossais Label Rouge\",\"alternateName\":\"SELR\",\"url\":\"https:\\\/\\\/saumonecossais.com\\\/fr\\\/\",\"logo\":{\"@type\":\"ImageObject\",\"inLanguage\":\"fr-FR\",\"@id\":\"https:\\\/\\\/saumonecossais.com\\\/fr\\\/#\\\/schema\\\/logo\\\/image\\\/\",\"url\":\"https:\\\/\\\/saumonecossais.com\\\/fr\\\/wp-content\\\/uploads\\\/2024\\\/06\\\/SELR-logo.png\",\"contentUrl\":\"https:\\\/\\\/saumonecossais.com\\\/fr\\\/wp-content\\\/uploads\\\/2024\\\/06\\\/SELR-logo.png\",\"width\":696,\"height\":696,\"caption\":\"Saumon \u00c9cossais Label Rouge\"},\"image\":{\"@id\":\"https:\\\/\\\/saumonecossais.com\\\/fr\\\/#\\\/schema\\\/logo\\\/image\\\/\"}}]}<\/script>\n<!-- \/ Yoast SEO plugin. -->","yoast_head_json":{"title":"Contactez-nous - Saumon \u00c9cossais Label Rouge","description":"Vous avez une question sur le Saumon Ecossais Label Rouge ? N'h\u00e9sitez pas \u00e0 nous contacter par t\u00e9l\u00e9phone, email ou formulaire.","robots":{"index":"index","follow":"follow","max-snippet":"max-snippet:-1","max-image-preview":"max-image-preview:large","max-video-preview":"max-video-preview:-1"},"canonical":"https:\/\/saumonecossais.com\/fr\/contactez-nous\/","og_locale":"fr_FR","og_type":"article","og_title":"Contactez-nous - Saumon \u00c9cossais Label Rouge","og_description":"Vous avez une question sur le Saumon Ecossais Label Rouge ? N'h\u00e9sitez pas \u00e0 nous contacter par t\u00e9l\u00e9phone, email ou formulaire.","og_url":"https:\/\/saumonecossais.com\/fr\/contactez-nous\/","og_site_name":"Saumon \u00c9cossais Label Rouge","article_modified_time":"2025-06-16T08:51:53+00:00","og_image":[{"url":"https:\/\/saumonecossais.com\/fr\/wp-content\/uploads\/2019\/12\/carte-ecosse-france.png","type":"","width":"","height":""}],"twitter_card":"summary_large_image","twitter_misc":{"Dur\u00e9e de lecture estim\u00e9e":"1 minute"},"schema":{"@context":"https:\/\/schema.org","@graph":[{"@type":"WebPage","@id":"https:\/\/saumonecossais.com\/fr\/contactez-nous\/","url":"https:\/\/saumonecossais.com\/fr\/contactez-nous\/","name":"Contactez-nous - Saumon \u00c9cossais Label Rouge","isPartOf":{"@id":"https:\/\/saumonecossais.com\/fr\/#website"},"primaryImageOfPage":{"@id":"https:\/\/saumonecossais.com\/fr\/contactez-nous\/#primaryimage"},"image":{"@id":"https:\/\/saumonecossais.com\/fr\/contactez-nous\/#primaryimage"},"thumbnailUrl":"https:\/\/saumonecossais.com\/fr\/wp-content\/uploads\/2019\/12\/carte-ecosse-france.png","datePublished":"2019-11-28T14:01:31+00:00","dateModified":"2025-06-16T08:51:53+00:00","description":"Vous avez une question sur le Saumon Ecossais Label Rouge ? N'h\u00e9sitez pas \u00e0 nous contacter par t\u00e9l\u00e9phone, email ou formulaire.","breadcrumb":{"@id":"https:\/\/saumonecossais.com\/fr\/contactez-nous\/#breadcrumb"},"inLanguage":"fr-FR","potentialAction":[{"@type":"ReadAction","target":["https:\/\/saumonecossais.com\/fr\/contactez-nous\/"]}]},{"@type":"ImageObject","inLanguage":"fr-FR","@id":"https:\/\/saumonecossais.com\/fr\/contactez-nous\/#primaryimage","url":"https:\/\/saumonecossais.com\/fr\/wp-content\/uploads\/2019\/12\/carte-ecosse-france.png","contentUrl":"https:\/\/saumonecossais.com\/fr\/wp-content\/uploads\/2019\/12\/carte-ecosse-france.png","width":514,"height":600,"caption":"Carte montrant le lien entre l'\u00e9cosse et la France"},{"@type":"BreadcrumbList","@id":"https:\/\/saumonecossais.com\/fr\/contactez-nous\/#breadcrumb","itemListElement":[{"@type":"ListItem","position":1,"name":"Accueil","item":"https:\/\/saumonecossais.com\/fr\/"},{"@type":"ListItem","position":2,"name":"Contactez-nous"}]},{"@type":"WebSite","@id":"https:\/\/saumonecossais.com\/fr\/#website","url":"https:\/\/saumonecossais.com\/fr\/","name":"Saumon \u00c9cossais Label Rouge","description":"Qualit\u00e9 et origine garanties","publisher":{"@id":"https:\/\/saumonecossais.com\/fr\/#organization"},"alternateName":"SELR","potentialAction":[{"@type":"SearchAction","target":{"@type":"EntryPoint","urlTemplate":"https:\/\/saumonecossais.com\/fr\/?s={search_term_string}"},"query-input":{"@type":"PropertyValueSpecification","valueRequired":true,"valueName":"search_term_string"}}],"inLanguage":"fr-FR"},{"@type":"Organization","@id":"https:\/\/saumonecossais.com\/fr\/#organization","name":"Saumon \u00c9cossais Label Rouge","alternateName":"SELR","url":"https:\/\/saumonecossais.com\/fr\/","logo":{"@type":"ImageObject","inLanguage":"fr-FR","@id":"https:\/\/saumonecossais.com\/fr\/#\/schema\/logo\/image\/","url":"https:\/\/saumonecossais.com\/fr\/wp-content\/uploads\/2024\/06\/SELR-logo.png","contentUrl":"https:\/\/saumonecossais.com\/fr\/wp-content\/uploads\/2024\/06\/SELR-logo.png","width":696,"height":696,"caption":"Saumon \u00c9cossais Label Rouge"},"image":{"@id":"https:\/\/saumonecossais.com\/fr\/#\/schema\/logo\/image\/"}}]}},"_links":{"self":[{"href":"https:\/\/saumonecossais.com\/fr\/wp-json\/wp\/v2\/pages\/1389","targetHints":{"allow":["GET"]}}],"collection":[{"href":"https:\/\/saumonecossais.com\/fr\/wp-json\/wp\/v2\/pages"}],"about":[{"href":"https:\/\/saumonecossais.com\/fr\/wp-json\/wp\/v2\/types\/page"}],"author":[{"embeddable":true,"href":"https:\/\/saumonecossais.com\/fr\/wp-json\/wp\/v2\/users\/1"}],"replies":[{"embeddable":true,"href":"https:\/\/saumonecossais.com\/fr\/wp-json\/wp\/v2\/comments?post=1389"}],"version-history":[{"count":3,"href":"https:\/\/saumonecossais.com\/fr\/wp-json\/wp\/v2\/pages\/1389\/revisions"}],"predecessor-version":[{"id":5374,"href":"https:\/\/saumonecossais.com\/fr\/wp-json\/wp\/v2\/pages\/1389\/revisions\/5374"}],"wp:attachment":[{"href":"https:\/\/saumonecossais.com\/fr\/wp-json\/wp\/v2\/media?parent=1389"}],"curies":[{"name":"wp","href":"https:\/\/api.w.org\/{rel}","templated":true}]}}