{"id":3,"date":"2019-08-02T13:49:51","date_gmt":"2019-08-02T11:49:51","guid":{"rendered":"https:\/\/saumonecossais.com\/en\/?page_id=3"},"modified":"2024-06-18T09:40:12","modified_gmt":"2024-06-18T07:40:12","slug":"privacy-policy","status":"publish","type":"page","link":"https:\/\/saumonecossais.com\/en\/privacy-policy\/","title":{"rendered":"Privacy policy"},"content":{"rendered":"\n<h2>\n\t\tPolitique de confidentialit\u00e9 et politique relative aux cookies\n\t<\/h2>\n\t<p>Cette Politique de confidentialit\u00e9 et relative aux cookies \u00e9tablit les conditions g\u00e9n\u00e9rales sous lesquelles Le Saumon \u00c9cossais Label Rouge, dont le si\u00e8ge est 8 Melville Crescent &#8211; Edinburgh EH3 7JA Scotland, UK, responsable du traitement des donn\u00e9es aux fins de la politique de confidentialit\u00e9 et relatives aux cookies (ci-apr\u00e8s, conjointement \u00ab nous \u00bb ou les \u00ab responsables du traitement \u00bb), traite les donn\u00e9es personnelles que vous nous fournissez en utilisant le site Internet du Saumon \u00c9cossais Label Rouge (ci-apr\u00e8s le \u00ab site Internet \u00bb) ou l&#8217;application mobile, \u00e0 savoir l&#8217;application informatique destin\u00e9e \u00e0 \u00eatre utilis\u00e9e sur smartphones, tablettes ou autres appareils mobiles (ci-apr\u00e8s, l&#8217;\u00abApplication\u00bb) ou d&#8217;autres applications, logiciels, m\u00e9dias num\u00e9riques, moyens de stockage ou fonctionnalit\u00e9s li\u00e9es \u00e0 la marque commerciale Saumon \u00c9cossais Label Rouge\u00a0en France (ci-apr\u00e8s conjointement, la \u00ab Plateforme \u00bb).<\/p>\n<p>En utilisant la Plateforme, chaque fois que vous nous fournissez ou que nous sommes oblig\u00e9s d&#8217;acc\u00e9der \u00e0 tout type d&#8217;informations qui, en raison des caract\u00e9ristiques de ces derni\u00e8res, nous permettent de vous identifier, \u00e0 savoir potentiellement et sans exhaustivit\u00e9 : vos pr\u00e9nom, nom, adresse e-mail, adresse de facturation ou de livraison, num\u00e9ro de t\u00e9l\u00e9phone, type d&#8217;appareil (ci-apr\u00e8s, \u00ab Donn\u00e9es personnelles \u00bb), que ce soit \u00e0 des fins de navigation, d&#8217;achat de nos produits ou d&#8217;utilisation de nos services ou fonctionnalit\u00e9s, vous serez soumis \u00e0 la Politique de confidentialit\u00e9 et relative aux Cookies, aux Conditions g\u00e9n\u00e9rales d&#8217;achat et d&#8217;utilisation, ainsi qu&#8217;aux autres documents cit\u00e9s aux pr\u00e9sentes (ci-apr\u00e8s conjointement, les \u00ab Conditions g\u00e9n\u00e9rales \u00bb), qui s&#8217;appliquent \u00e0 tout moment et doivent \u00eatre consult\u00e9es pour vous assurer que vous les acceptez.<\/p>\n<p><strong>1. Collecte des donn\u00e9es personnelles et finalit\u00e9s de traitement<\/strong><\/p>\n<p>Sachez qu&#8217;avant d&#8217;utiliser l&#8217;un de nos services ou l&#8217;une de nos fonctionnalit\u00e9s vous devez lire cette politique de confidentialit\u00e9 et relative aux Cookies, ainsi que la section sp\u00e9cifique des conditions g\u00e9n\u00e9rales sur le service ou la fonctionnalit\u00e9 concern\u00e9e. Dans chaque section, vous pourrez voir s&#8217;il existe des conditions d&#8217;utilisation sp\u00e9cifiques, ou si un traitement sp\u00e9cifique de vos donn\u00e9es personnelles est n\u00e9cessaire.<\/p>\n<p>Ne pas fournir certaines informations obligatoires peut emp\u00eacher votre inscription en tant qu&#8217;utilisateur ou l&#8217;utilisation de certaines fonctionnalit\u00e9s ou de certains services disponibles via la plateforme.<\/p>\n<p>L&#8217;utilisateur (vous) assure par la pr\u00e9sente que les donn\u00e9es personnelles fournies sont v\u00e9ridiques et exactes, tout en acceptant de communiquer tout changement ou modification \u00e0 cet \u00e9gard. Si vous nous fournissez les donn\u00e9es personnelles de tiers, vous serez responsable de les informer et d&#8217;obtenir leur accord concernant la transmission de ces informations aux fins indiqu\u00e9es dans les sections correspondantes de cette politique de confidentialit\u00e9 et relative aux Cookies. Toute perte ou tout dommage caus\u00e9 \u00e0 la Plateforme, aux responsables du traitement ou \u00e0 tout tiers suite \u00e0 la communication d&#8217;informations erron\u00e9es, inexactes ou incompl\u00e8tes sur les formulaires d&#8217;inscription rel\u00e8vera uniquement de la responsabilit\u00e9 de l&#8217;utilisateur.<\/p>\n<p>Les responsables du traitement, selon le cas, utiliseront les donn\u00e9es personnelles aux fins suivantes :<\/p>\n<p>1.1 G\u00e9rer votre inscription en tant qu&#8217;utilisateur de la plateforme. Les donn\u00e9es personnelles que vous nous fournissez seront utilis\u00e9es afin de vous identifier en tant qu&#8217;utilisateur de la plateforme et vous donner acc\u00e8s aux diff\u00e9rents produits, services et fonctionnalit\u00e9s qui pourraient \u00eatre disponibles pour les utilisateurs enregistr\u00e9s.<\/p>\n<p>1.2 Vous contacter par e-mail, t\u00e9l\u00e9phone, SMS ou autres formes \u00e9quivalentes de communication \u00e9lectronique, telles que des \u00ab push notifications \u00bb de l&#8217;application, etc. concernant des mises \u00e0 jour ou des messages d&#8217;information sur les fonctionnalit\u00e9s, produits ou services souscrits, y compris des mises \u00e0 jour de s\u00e9curit\u00e9 de la plateforme, si leur installation s&#8217;av\u00e8re n\u00e9cessaire ou recommand\u00e9e.<\/p>\n<p>1.3 Traiter et g\u00e9rer vos demandes formul\u00e9es en utilisant les moyens de contact du service client\u00e8le disponibles en ce qui concerne la plateforme ou les magasins, showroom ou toute entit\u00e9 de distribution, ainsi que contr\u00f4ler la qualit\u00e9 de notre service.<\/p>\n<p>La dur\u00e9e de traitement des donn\u00e9es doit \u00eatre soit celle pr\u00e9vue par la loi ; soit une p\u00e9riode de trois ans \u00e0 compter de la fin de la relation commerciale avec le client ou le prospect ; soit jusqu&#8217;\u00e0 ce que l&#8217;objectif applicable \u00e0 une donn\u00e9e sp\u00e9cifique cesse d&#8217;exister. Par exemple, une donn\u00e9e relative \u00e0 vos commandes sera trait\u00e9e tant que le responsable du traitement pourra avoir besoin de la conserver conform\u00e9ment aux lois en vigueur, puis sera supprim\u00e9e une fois que cette finalit\u00e9 l\u00e9gitime cessera d&#8217;exister.<\/p>\n<p><strong>2. Abonnement \u00e0 la newsletter (dans le cas o\u00f9 cette fonctionnalit\u00e9 serait mise en place \u00e0 partir de ce site web)<\/strong><\/p>\n<p>Si vous vous abonnez \u00e0 notre lettre d&#8217;informations (newsletter), nous vous ferons parvenir des informations sur nos produits et services via diff\u00e9rents supports, tels que par e-mail, par tout autre moyen \u00e9lectronique \u00e9quivalent (comme les SMS, etc.) ainsi que par \u00ab push notifications \u00bb via l&#8217;application ou la plateforme si vous avez activ\u00e9 ces notifications sur vos appareils de consultation.<\/p>\n<p>L&#8217;abonnement \u00e0 notre lettre d&#8217;informations (newsletter) peut entra\u00eener l&#8217;utilisation des donn\u00e9es personnelles afin de personnaliser la communication li\u00e9e aux produits et services auxquels vous avez acc\u00e8s par e-mail, par SMS, ou par l&#8217;un de nos autres supports \u00e9lectroniques ou de ceux de tiers. Nous pouvons \u00e9galement vous fournir ces informations par \u00ab push notifications \u00bb depuis l&#8217;application ou la plateforme si vous avez activ\u00e9 ces derni\u00e8res sur vos appareils de consultation. Afin d&#8217;am\u00e9liorer le service que nous vous fournissons, nous vous informons par la pr\u00e9sente que les donn\u00e9es personnelles li\u00e9es \u00e0 vos achats en ligne ou en magasin, vos go\u00fbts et pr\u00e9f\u00e9rences, peuvent \u00eatre utilis\u00e9es par un service tiers \u00e0 des fins d&#8217;analyse, de cr\u00e9ation de profils d&#8217;utilisateurs, d&#8217;\u00e9tudes marketing et d&#8217;enqu\u00eates qualitatives, ainsi que d&#8217;am\u00e9lioration de nos interactions avec les clients.<\/p>\n<p>En cas de cookies relatifs \u00e0 la lettre d&#8217;informations, veuillez-vous r\u00e9f\u00e9rer \u00e0 la politique relative aux cookies pour plus d&#8217;informations.<\/p>\n<p>L&#8217;utilisateur est libre de donner son accord \u00e0 ces fins marketing. En cas de refus de traitement, l&#8217;utilisateur ne sera toutefois pas tenu inform\u00e9 de nos nouvelles.<\/p>\nEn cas de refus de profilage des donn\u00e9es, nous ne pourrions envoyer \u00e0 l&#8217;utilisateur de la publicit\u00e9 et\/ou de mani\u00e8re g\u00e9n\u00e9rale, des documents promotionnels et\/ou la lettre d&#8217;informations concernant ses propres besoins ou ses pr\u00e9f\u00e9rences. Si vous \u00eates un utilisateur enregistr\u00e9, vous pouvez modifier vos pr\u00e9f\u00e9rences concernant l&#8217;envoi de ces messages commerciaux dans la rubrique \u00ab Mon compte \u00bb le cas \u00e9ch\u00e9ant et si le site web le propose.<br \/>\nVous pouvez aussi vous d\u00e9sabonner \u00e0 tout moment de notre lettre d&#8217;informations en suivant les instructions fournies dans chacun de nos messages ou en nous contactant via les informations disponibles dans nos mentions l\u00e9gales\n\t<p><strong>3. Droits relatifs \u00e0 la protection des donn\u00e9es<\/strong><\/p>\n<p>Les responsables du traitement s&#8217;engagent \u00e0 respecter la confidentialit\u00e9 de vos donn\u00e9es personnelles et \u00e0 garantir l&#8217;exercice de vos droits. Conform\u00e9ment \u00e0 la loi fran\u00e7aise n\u00b0 78-17, en date du 6 janvier 1978 modifi\u00e9e, relative \u00e0 l&#8217;informatique, aux fichiers et aux libert\u00e9s, et conform\u00e9ment aux disposition de la disposition europ\u00e9enne RGPD du 25 mai 2018 ; vous pouvez exercer vos droits d&#8217;acc\u00e8s, de rectification, d&#8217;annulation et d&#8217;opposition en envoyant un courrier \u00e0 l&#8217;entreprise, en indiquant le motif de votre demande.<\/p>\n<p>Si vous d\u00e9cidez d&#8217;exercer ces droits, et si votre adresse e-mail fait partie des donn\u00e9es personnelles que vous avez fournies, nous vous demanderons de nous l&#8217;indiquer dans votre demande par \u00e9crit, en pr\u00e9cisant l&#8217;adresse e-mail pour laquelle vous souhaitez exercer vos droits d&#8217;acc\u00e8s, de rectification, d&#8217;annulation et d&#8217;opposition.<\/p>\n<p><strong>4. Autres utilisations n\u00e9cessaires de vos donn\u00e9es personnelles<\/strong><\/p>\n<p>Pour atteindre les objectifs indiqu\u00e9s dans cette politique de confidentialit\u00e9, il peut nous \u00eatre n\u00e9cessaire de transmettre ces donn\u00e9es personnelles \u00e0 des soci\u00e9t\u00e9s tierces \u00e0 des fins logistiques, de transport et de livraison, de lutte contre la fraude, statistiques, de confiance, financi\u00e8res, juridiques, judiciaires ou d&#8217;analyses marketing. Cette transmission des donnes personnelles exclut la cession ou la vente des donn\u00e9es personnelles \u00e0 des fins commerciales.<\/p>\n<p>\u00c0 des fins d&#8217;efficacit\u00e9 de service, lesdits partenaires et prestataires peuvent \u00eatre bas\u00e9s aux \u00c9tats-Unis ou dans d&#8217;autres pays ou territoires situ\u00e9s en dehors de l&#8217;Espace \u00e9conomique europ\u00e9en qui n&#8217;offrent pas le m\u00eame niveau de protection des donn\u00e9es que celui de votre pays ou, le cas \u00e9ch\u00e9ant, que celui de l&#8217;Union europ\u00e9enne.<\/p>\n<p>En acceptant cette politique de confidentialit\u00e9 et relative aux cookies, vous nous autorisez express\u00e9ment \u00e0 traiter et partager vos donn\u00e9es personnelles avec les soci\u00e9t\u00e9s susmentionn\u00e9es et\/ou \u00e0 transf\u00e9rer vos donn\u00e9es personnelles aux partenaires et prestataires de services correspondants situ\u00e9s en dehors de l&#8217;Espace \u00e9conomique europ\u00e9en aux fins d\u00e9crites dans le pr\u00e9sent document.<\/p>\n<p><strong>5. Informations sur les cookies<\/strong><\/p>\n<p>Sur cette Plateforme, nous utilisons des cookies qui sont de petits fichiers contenant des informations sur votre navigation sur cette plateforme, dans le seul but d&#8217;y faciliter votre navigation. Veuillez lire nos Informations relatives aux cookies pour en savoir plus sur les cookies que nous utilisons, leurs finalit\u00e9s et autres informations importantes.<\/p>\n<p>Informations relatives aux cookies<\/p>\nQu&#8217;est-ce qu&#8217;un Cookie ?<br \/>\nUn cookie est un petit fichier de texte qu&#8217;un site Internet stocke sur votre PC, votre t\u00e9l\u00e9phone ou tout autre dispositif afin de recueillir des donn\u00e9es concernant votre navigation sur ce site. Les cookies sont n\u00e9cessaires pour faciliter la navigation et la rendre plus agr\u00e9able. Ils ne causent aucun dommage \u00e0 votre ordinateur.\n<p>Bien que la pr\u00e9sente politique utilise le terme g\u00e9n\u00e9ral de \u00ab Cookies \u00bb en tant que m\u00e9thode principale de stockage d&#8217;informations utilis\u00e9e sur ce site Internet, l&#8217;espace de \u00ab stockage local \u00bb du navigateur est \u00e9galement utilis\u00e9 aux m\u00eames fins que les Cookies. Toutes les informations contenues dans la pr\u00e9sente section s&#8217;appliquent \u00e9galement \u00e0 cet espace de \u00ab stockage local \u00bb.<\/p>\n\u00c0 quelles fins les cookies sont-elles utilis\u00e9es sur ce site Internet ?<br \/>\nLes Cookies sont une partie essentielle du mode de fonctionnement de notre site Internet. Nos cookies ont pour objectif principal d&#8217;optimiser votre exp\u00e9rience de navigation. Ils permettent par exemple de retenir vos pr\u00e9f\u00e9rences le cas \u00e9ch\u00e9ant (langue, pays, etc.) pendant la navigation et lors d&#8217;acc\u00e8s ult\u00e9rieurs.\n<p>Les donn\u00e9es recueillies par le biais des Cookies nous permettent d&#8217;am\u00e9liorer notre site, en effectuant des estimations relatives aux nombres et aux mod\u00e8les d&#8217;utilisation, en adaptant le site aux int\u00e9r\u00eats de chaque utilisateur, en acc\u00e9l\u00e9rant les recherches, etc.<\/p>\n<p>Nous pouvons occasionnellement, avec votre accord pr\u00e9alable, utiliser des cookies, tags ou autres dispositifs similaires afin d&#8217;obtenir des informations nous permettant de vous montrer, soit depuis notre site Internet, ou \u00e0 partir de sites Internet de tiers ou par tout autre moyen, des annonces publicitaires cibl\u00e9es en fonction de vos habitudes de navigation.<\/p>\n\u00c0 quelles fins les Cookies ne sont-elles pas utilis\u00e9es sur ce site Internet ?<br \/>\nNous ne stockons pas dans les Cookies que nous utilisons d&#8217;informations personnelles sensibles, telles que votre adresse, votre mot de passe, les donn\u00e9es de votre carte de cr\u00e9dit ou de d\u00e9bit, etc.\nQui utilise les donn\u00e9es stock\u00e9es dans les Cookies ?<br \/>\nLes informations stock\u00e9es dans les Cookies \u00e0 partir de notre site Internet sont utilis\u00e9es exclusivement par nos services, \u00e0 l&#8217;exception des cookies appel\u00e9s ci-apr\u00e8s \u00ab cookies de tiers \u00bb, lesquels sont utilis\u00e9s et g\u00e9r\u00e9s par des entit\u00e9s externes afin de nous fournir les services que nous leur avons sollicit\u00e9s dans le but d&#8217;am\u00e9liorer nos prestations et l&#8217;exp\u00e9rience de navigation de l&#8217;utilisateur. Les \u00ab cookies de tiers \u00bb ont essentiellement vocation \u00e0 nous fournir des statistiques d&#8217;acc\u00e8s et \u00e0 garantir les op\u00e9rations de paiement r\u00e9alis\u00e9es.\nComment \u00e9viter l&#8217;utilisation de Cookies sur ce site Internet ?<br \/>\nSi vous ne souhaitez pas utiliser de cookies sur ce site en tenant compte des limites susmentionn\u00e9es, vous devez, tout d&#8217;abord, d\u00e9sactiver l&#8217;utilisation de Cookies dans votre navigateur et ensuite supprimer les Cookies enregistr\u00e9s sur votre navigateur associ\u00e9 \u00e0 ce site Internet.<br \/>\nVous pouvez effectuer cette op\u00e9ration \u00e0 tout moment.\nComment d\u00e9sactiver et emp\u00eacher l&#8217;utilisation des Cookies ?<br \/>\nVous pouvez restreindre, bloquer ou supprimer les Cookies de ce site Internet \u00e0 tout moment en modifiant la configuration de votre navigateur comme indiqu\u00e9 ci-apr\u00e8s. Puisque les param\u00e8tres sont diff\u00e9rents d&#8217;un navigateur \u00e0 l&#8217;autre, la configuration des Cookies s&#8217;effectue habituellement dans les menus \u00ab Pr\u00e9f\u00e9rences \u00bb ou \u00ab Outils \u00bb. Pour de plus amples informations sur la configuration des Cookies dans votre navigateur, veuillez consulter le menu \u00ab Aide \u00bb de ce dernier. Merci de noter que nous ne pouvons pas garantir le bon fonctionnement de la plateforme dans le cas de la d\u00e9sactivation des cookies.\n\t\t\t<a href=\"https:\/\/saumonecossais.com\/en\/\" target=\"_self\" role=\"button\" aria-label=\"Retour \u00e0 l&#039;accueil\" rel=\"noopener\">\n\t\t\t\t\t\t\tRetour \u00e0 l&#8217;accueil\n\t\t<\/a>\n\n","protected":false},"excerpt":{"rendered":"<p>Politique de confidentialit\u00e9 et politique relative aux cookies Cette Politique de confidentialit\u00e9 et relative aux cookies \u00e9tablit les conditions g\u00e9n\u00e9rales sous lesquelles Le Saumon \u00c9cossais Label Rouge, dont le si\u00e8ge est 8 Melville Crescent &#8211; Edinburgh EH3 7JA Scotland, UK, responsable du traitement des donn\u00e9es aux fins de la politique de confidentialit\u00e9 et relatives aux&hellip;<\/p>\n","protected":false},"author":1,"featured_media":0,"parent":0,"menu_order":0,"comment_status":"closed","ping_status":"closed","template":"","meta":{"footnotes":""},"class_list":["post-3","page","type-page","status-publish","hentry"],"yoast_head":"<!-- This site is optimized with the Yoast SEO plugin v27.3 - https:\/\/yoast.com\/product\/yoast-seo-wordpress\/ -->\n<title>Privacy policy - Label Rouge Scottish Salmon<\/title>\n<meta name=\"description\" content=\"The Red Label Scottish Salmon Privacy Policy must provide information on the collection and processing...\" \/>\n<meta name=\"robots\" content=\"index, follow, max-snippet:-1, max-image-preview:large, max-video-preview:-1\" \/>\n<link rel=\"canonical\" href=\"https:\/\/saumonecossais.com\/en\/privacy-policy\/\" \/>\n<meta property=\"og:locale\" content=\"en_GB\" \/>\n<meta property=\"og:type\" content=\"article\" \/>\n<meta property=\"og:title\" content=\"Privacy policy - Label Rouge Scottish Salmon\" \/>\n<meta property=\"og:description\" content=\"The Red Label Scottish Salmon Privacy Policy must provide information on the collection and processing...\" \/>\n<meta property=\"og:url\" content=\"https:\/\/saumonecossais.com\/en\/privacy-policy\/\" \/>\n<meta property=\"og:site_name\" content=\"Label Rouge Scottish Salmon\" \/>\n<meta property=\"article:modified_time\" content=\"2024-06-18T07:40:12+00:00\" \/>\n<meta property=\"og:image\" content=\"https:\/\/saumonecossais.com\/en\/wp-content\/uploads\/2024\/06\/SELR.png\" \/>\n\t<meta property=\"og:image:width\" content=\"1200\" \/>\n\t<meta property=\"og:image:height\" content=\"675\" \/>\n\t<meta property=\"og:image:type\" content=\"image\/png\" \/>\n<meta name=\"twitter:card\" content=\"summary_large_image\" \/>\n<meta name=\"twitter:label1\" content=\"Estimated reading time\" \/>\n\t<meta name=\"twitter:data1\" content=\"11 minutes\" \/>\n<script type=\"application\/ld+json\" class=\"yoast-schema-graph\">{\"@context\":\"https:\\\/\\\/schema.org\",\"@graph\":[{\"@type\":\"WebPage\",\"@id\":\"https:\\\/\\\/saumonecossais.com\\\/en\\\/privacy-policy\\\/\",\"url\":\"https:\\\/\\\/saumonecossais.com\\\/en\\\/privacy-policy\\\/\",\"name\":\"Privacy policy - Label Rouge Scottish Salmon\",\"isPartOf\":{\"@id\":\"https:\\\/\\\/saumonecossais.com\\\/en\\\/#website\"},\"datePublished\":\"2019-08-02T11:49:51+00:00\",\"dateModified\":\"2024-06-18T07:40:12+00:00\",\"description\":\"The Red Label Scottish Salmon Privacy Policy must provide information on the collection and processing...\",\"breadcrumb\":{\"@id\":\"https:\\\/\\\/saumonecossais.com\\\/en\\\/privacy-policy\\\/#breadcrumb\"},\"inLanguage\":\"en-GB\",\"potentialAction\":[{\"@type\":\"ReadAction\",\"target\":[\"https:\\\/\\\/saumonecossais.com\\\/en\\\/privacy-policy\\\/\"]}]},{\"@type\":\"BreadcrumbList\",\"@id\":\"https:\\\/\\\/saumonecossais.com\\\/en\\\/privacy-policy\\\/#breadcrumb\",\"itemListElement\":[{\"@type\":\"ListItem\",\"position\":1,\"name\":\"Home\",\"item\":\"https:\\\/\\\/saumonecossais.com\\\/en\\\/\"},{\"@type\":\"ListItem\",\"position\":2,\"name\":\"Privacy policy\"}]},{\"@type\":\"WebSite\",\"@id\":\"https:\\\/\\\/saumonecossais.com\\\/en\\\/#website\",\"url\":\"https:\\\/\\\/saumonecossais.com\\\/en\\\/\",\"name\":\"Label Rouge Scottish Salmon\",\"description\":\"Exceptional flavour\",\"publisher\":{\"@id\":\"https:\\\/\\\/saumonecossais.com\\\/en\\\/#organization\"},\"alternateName\":\"SELR\",\"potentialAction\":[{\"@type\":\"SearchAction\",\"target\":{\"@type\":\"EntryPoint\",\"urlTemplate\":\"https:\\\/\\\/saumonecossais.com\\\/en\\\/?s={search_term_string}\"},\"query-input\":{\"@type\":\"PropertyValueSpecification\",\"valueRequired\":true,\"valueName\":\"search_term_string\"}}],\"inLanguage\":\"en-GB\"},{\"@type\":\"Organization\",\"@id\":\"https:\\\/\\\/saumonecossais.com\\\/en\\\/#organization\",\"name\":\"Label Rouge Scottish Salmon\",\"alternateName\":\"Label Rouge Scottish Salmon\",\"url\":\"https:\\\/\\\/saumonecossais.com\\\/en\\\/\",\"logo\":{\"@type\":\"ImageObject\",\"inLanguage\":\"en-GB\",\"@id\":\"https:\\\/\\\/saumonecossais.com\\\/en\\\/#\\\/schema\\\/logo\\\/image\\\/\",\"url\":\"https:\\\/\\\/saumonecossais.com\\\/en\\\/wp-content\\\/uploads\\\/2024\\\/06\\\/SELR-logo.png\",\"contentUrl\":\"https:\\\/\\\/saumonecossais.com\\\/en\\\/wp-content\\\/uploads\\\/2024\\\/06\\\/SELR-logo.png\",\"width\":696,\"height\":696,\"caption\":\"Label Rouge Scottish Salmon\"},\"image\":{\"@id\":\"https:\\\/\\\/saumonecossais.com\\\/en\\\/#\\\/schema\\\/logo\\\/image\\\/\"}}]}<\/script>\n<!-- \/ Yoast SEO plugin. -->","yoast_head_json":{"title":"Privacy policy - Label Rouge Scottish Salmon","description":"The Red Label Scottish Salmon Privacy Policy must provide information on the collection and processing...","robots":{"index":"index","follow":"follow","max-snippet":"max-snippet:-1","max-image-preview":"max-image-preview:large","max-video-preview":"max-video-preview:-1"},"canonical":"https:\/\/saumonecossais.com\/en\/privacy-policy\/","og_locale":"en_GB","og_type":"article","og_title":"Privacy policy - Label Rouge Scottish Salmon","og_description":"The Red Label Scottish Salmon Privacy Policy must provide information on the collection and processing...","og_url":"https:\/\/saumonecossais.com\/en\/privacy-policy\/","og_site_name":"Label Rouge Scottish Salmon","article_modified_time":"2024-06-18T07:40:12+00:00","og_image":[{"width":1200,"height":675,"url":"https:\/\/saumonecossais.com\/en\/wp-content\/uploads\/2024\/06\/SELR.png","type":"image\/png"}],"twitter_card":"summary_large_image","twitter_misc":{"Estimated reading time":"11 minutes"},"schema":{"@context":"https:\/\/schema.org","@graph":[{"@type":"WebPage","@id":"https:\/\/saumonecossais.com\/en\/privacy-policy\/","url":"https:\/\/saumonecossais.com\/en\/privacy-policy\/","name":"Privacy policy - Label Rouge Scottish Salmon","isPartOf":{"@id":"https:\/\/saumonecossais.com\/en\/#website"},"datePublished":"2019-08-02T11:49:51+00:00","dateModified":"2024-06-18T07:40:12+00:00","description":"The Red Label Scottish Salmon Privacy Policy must provide information on the collection and processing...","breadcrumb":{"@id":"https:\/\/saumonecossais.com\/en\/privacy-policy\/#breadcrumb"},"inLanguage":"en-GB","potentialAction":[{"@type":"ReadAction","target":["https:\/\/saumonecossais.com\/en\/privacy-policy\/"]}]},{"@type":"BreadcrumbList","@id":"https:\/\/saumonecossais.com\/en\/privacy-policy\/#breadcrumb","itemListElement":[{"@type":"ListItem","position":1,"name":"Home","item":"https:\/\/saumonecossais.com\/en\/"},{"@type":"ListItem","position":2,"name":"Privacy policy"}]},{"@type":"WebSite","@id":"https:\/\/saumonecossais.com\/en\/#website","url":"https:\/\/saumonecossais.com\/en\/","name":"Label Rouge Scottish Salmon","description":"Exceptional flavour","publisher":{"@id":"https:\/\/saumonecossais.com\/en\/#organization"},"alternateName":"SELR","potentialAction":[{"@type":"SearchAction","target":{"@type":"EntryPoint","urlTemplate":"https:\/\/saumonecossais.com\/en\/?s={search_term_string}"},"query-input":{"@type":"PropertyValueSpecification","valueRequired":true,"valueName":"search_term_string"}}],"inLanguage":"en-GB"},{"@type":"Organization","@id":"https:\/\/saumonecossais.com\/en\/#organization","name":"Label Rouge Scottish Salmon","alternateName":"Label Rouge Scottish Salmon","url":"https:\/\/saumonecossais.com\/en\/","logo":{"@type":"ImageObject","inLanguage":"en-GB","@id":"https:\/\/saumonecossais.com\/en\/#\/schema\/logo\/image\/","url":"https:\/\/saumonecossais.com\/en\/wp-content\/uploads\/2024\/06\/SELR-logo.png","contentUrl":"https:\/\/saumonecossais.com\/en\/wp-content\/uploads\/2024\/06\/SELR-logo.png","width":696,"height":696,"caption":"Label Rouge Scottish Salmon"},"image":{"@id":"https:\/\/saumonecossais.com\/en\/#\/schema\/logo\/image\/"}}]}},"_links":{"self":[{"href":"https:\/\/saumonecossais.com\/en\/wp-json\/wp\/v2\/pages\/3","targetHints":{"allow":["GET"]}}],"collection":[{"href":"https:\/\/saumonecossais.com\/en\/wp-json\/wp\/v2\/pages"}],"about":[{"href":"https:\/\/saumonecossais.com\/en\/wp-json\/wp\/v2\/types\/page"}],"author":[{"embeddable":true,"href":"https:\/\/saumonecossais.com\/en\/wp-json\/wp\/v2\/users\/1"}],"replies":[{"embeddable":true,"href":"https:\/\/saumonecossais.com\/en\/wp-json\/wp\/v2\/comments?post=3"}],"version-history":[{"count":0,"href":"https:\/\/saumonecossais.com\/en\/wp-json\/wp\/v2\/pages\/3\/revisions"}],"wp:attachment":[{"href":"https:\/\/saumonecossais.com\/en\/wp-json\/wp\/v2\/media?parent=3"}],"curies":[{"name":"wp","href":"https:\/\/api.w.org\/{rel}","templated":true}]}}