{"id":2186,"date":"2020-02-05T14:12:06","date_gmt":"2020-02-05T13:12:06","guid":{"rendered":"https:\/\/saumonecossais.com\/en\/?page_id=2186"},"modified":"2025-02-07T16:44:24","modified_gmt":"2025-02-07T15:44:24","slug":"provenance","status":"publish","type":"page","link":"https:\/\/saumonecossais.com\/en\/provenance\/","title":{"rendered":"Provenance"},"content":{"rendered":"\n\n\t<ul>\n<li><a href=\"#contree-sauvage\">A wild land<\/a><\/li>\n\n<li><a href=\"#developpement-durable\">Sustainable development<\/a><\/li>\n\n<li><a href=\"#bien-etre\">Salmon welfare<\/a><\/li>\n\n<li><a href=\"#reglementation\">Regulation<\/a><\/li>\n<\/ul>\n\t<h1>Label Rouge Scottish Salmon Provenance<\/h1>\n\t<p>In the beginning, the purity of a natural landscape<\/p>\n<h2>\n\t\tA wild land\n\t<\/h2>\n\t<p><strong>Highlands and Islands<\/strong><\/p>\n<p>Scotland is a beautiful country.\u00a0 A trip to the Highlands and Islands is all you need to be convinced.\u00a0 Here, the pristine sea is all around, but a few hundred metres from the coast you will also discover magnificent mountains with towering summits.<\/p>\n<p>&nbsp;<\/p>\n<p>This region, where the climate is wild and inhospitable for mankind, is the ideal location for farming Salmo salar or Atlantic salmon and, in particular, Label Rouge Scottish salmon.<\/p>\n<p>Water from the falls and rivers descending from the mountain peaks provides the perfect environment for young salmon to grow in freshwater until they are transferred to sea.<\/p>\n<p>&nbsp;<\/p>\n<p>Then follow the marine lochs.\u00a0 This dynamic environment, tossed by tides and currents, will encourage the salmon to swim constantly, developing firm flesh and low fat levels, two significant elements of the superior quality of Label Rouge Scottish salmon.<\/p>\n\t\t\t\t<img loading=\"lazy\" decoding=\"async\" src=\"https:\/\/saumonecossais.com\/en\/wp-content\/uploads\/2020\/02\/picto-page-provenance-03.jpg\" alt=\"Saumon \u00e9cossais label rouge au coeur du d\u00e9veloppement durable\" itemprop=\"image\" height=\"200\" width=\"200\" title=\"Saumon \u00e9cossais label rouge au coeur du d\u00e9veloppement durable\" onerror=\"this.style.display='none'\"  \/>\n<h2>\n\t\tSustainable development\n\t<\/h2>\n\t<p><strong>Environmental conservation, a vital part of sustainable development<\/strong><\/p>\n<p>For many remote, rural localities, sustainable salmon farming is of vital importance.\u00a0 As responsible operators, Label Rouge Scottish salmon farmers support the development of these regions and are committed to sustainable growth and environmental conservation.<\/p>\n<p>The future of salmon farming depends on each stage of production complying with the highest standards to prevent negative effects on the environment in which the fish grow and thrive.<\/p>\n<p>Modern farming techniques, alongside traditional production methods, ensure a balanced approach which guarantees superior quality.<\/p>\n<p>Learn more about aquaculture in Scotland: <a href=\"https:\/\/www.salmonscotland.co.uk\" target=\"_blank\" rel=\"noopener\">https:\/\/www.salmonscotland.co.uk<\/a><\/p>\n<h2>\n\t\tSalmon welfare\n\t<\/h2>\n\t<p><strong>A prime concern for the farmers<\/strong><\/p>\n<p>A significant focus of production is the welfare of the salmon, on which the health and quality of fish flesh depend.<\/p>\n<p>Stocking density in the pens is strictly restricted to a maximum of 20kg per cubic meter water. This low density allows the fish to move around with ease, reduces stress, contributes to good health and guarantees high flesh quality.<\/p>\n<p>Careful monitoring, a balanced diet to satisfy the natural requirements of the fish and, above all, an environment respectful of their needs ensure the sustainable production of a high quality salmon.<\/p>\n<p>Label Rouge salmon takes time to grow. The average lifespan of a Label Rouge Scottish salmon is two to three or four years. The fish can spend up to 16 months in freshwater before being transferred to seawater where they can remain for a period between 10 and 24 months, depending on the size of the fish when harvested.<\/p>\n<p>&nbsp;<\/p>\n\t<p><strong>Strictly controlled, high Quality feed<\/strong><\/p>\n<p>The Scottish salmon farming industry guarantees high quality, carefully monitored feed, composed entirely of products of marine origin, vegetable materials, minerals, vitamins.<\/p>\n<p>The feed is guaranteed GMO-free (&lt; 0.9%) and free from terrestrial animal proteins.<\/p>\n\t\t\t\t<img loading=\"lazy\" decoding=\"async\" src=\"https:\/\/saumonecossais.com\/en\/wp-content\/uploads\/2020\/02\/picto-page-provenance-04.jpg\" alt=\"Saumon \u00e9cossais label rouge est r\u00e9glement\u00e9\" itemprop=\"image\" height=\"200\" width=\"200\" title=\"Saumon \u00e9cossais label rouge est r\u00e9glement\u00e9\" onerror=\"this.style.display='none'\"  \/>\n<h2>\n\t\tRegulation\n\t<\/h2>\n\t<p><strong>The most strictly regulated aquaculture sector in the world<\/strong><\/p>\n<p>Aquaculture is subject to a wide range of national and European regulations which are continuously evolving to take account of technological progress and the changing expectations of the end user &#8211; the consumer.<\/p>\n<p>The Scottish salmon farming industry is the most strictly regulated aquaculture industry in the world, governed by over 50 regulations from ten different official bodies in the UK alone.<\/p>\n<p>Official authorisations are required at each stage of production and Label Rouge Scottish salmon producers must comply with the standards of the\u00a0<a href=\"http:\/\/www.thecodeofgoodpractice.co.uk\/\" target=\"_blank\" rel=\"noopener\">Code of Good Practice for Scottish Finfish Aquaculture<\/a>.<\/p>\n<p>&nbsp;<\/p>\n<p>&nbsp;<\/p>\n\n","protected":false},"excerpt":{"rendered":"<p>A wild land Sustainable development Salmon welfare Regulation Label Rouge Scottish Salmon Provenance In the beginning, the purity of a natural landscape A wild land Highlands and Islands Scotland is a beautiful country.\u00a0 A trip to the Highlands and Islands is all you need to be convinced.\u00a0 Here, the pristine sea is all around, but&hellip;<\/p>\n","protected":false},"author":1,"featured_media":0,"parent":0,"menu_order":0,"comment_status":"closed","ping_status":"closed","template":"","meta":{"footnotes":""},"class_list":["post-2186","page","type-page","status-publish","hentry"],"yoast_head":"<!-- This site is optimized with the Yoast SEO plugin v27.3 - https:\/\/yoast.com\/product\/yoast-seo-wordpress\/ -->\n<title>Provenance - Label Rouge Scottish Salmon<\/title>\n<meta name=\"description\" content=\"Discover all the information on the origin of Label Rouge Scottish Salmon and the origin of its exceptional quality.\" \/>\n<meta name=\"robots\" content=\"index, follow, max-snippet:-1, max-image-preview:large, max-video-preview:-1\" \/>\n<link rel=\"canonical\" href=\"https:\/\/saumonecossais.com\/en\/provenance\/\" \/>\n<meta property=\"og:locale\" content=\"en_GB\" \/>\n<meta property=\"og:type\" content=\"article\" \/>\n<meta property=\"og:title\" content=\"Provenance - Label Rouge Scottish Salmon\" \/>\n<meta property=\"og:description\" content=\"Discover all the information on the origin of Label Rouge Scottish Salmon and the origin of its exceptional quality.\" \/>\n<meta property=\"og:url\" content=\"https:\/\/saumonecossais.com\/en\/provenance\/\" \/>\n<meta property=\"og:site_name\" content=\"Label Rouge Scottish Salmon\" \/>\n<meta property=\"article:modified_time\" content=\"2025-02-07T15:44:24+00:00\" \/>\n<meta property=\"og:image\" content=\"https:\/\/saumonecossais.com\/en\/wp-content\/uploads\/2020\/02\/picto-page-provenance-03.jpg\" \/>\n<meta name=\"twitter:card\" content=\"summary_large_image\" \/>\n<meta name=\"twitter:label1\" content=\"Estimated reading time\" \/>\n\t<meta name=\"twitter:data1\" content=\"3 minutes\" \/>\n<script type=\"application\/ld+json\" class=\"yoast-schema-graph\">{\"@context\":\"https:\\\/\\\/schema.org\",\"@graph\":[{\"@type\":\"WebPage\",\"@id\":\"https:\\\/\\\/saumonecossais.com\\\/en\\\/provenance\\\/\",\"url\":\"https:\\\/\\\/saumonecossais.com\\\/en\\\/provenance\\\/\",\"name\":\"Provenance - Label Rouge Scottish Salmon\",\"isPartOf\":{\"@id\":\"https:\\\/\\\/saumonecossais.com\\\/en\\\/#website\"},\"primaryImageOfPage\":{\"@id\":\"https:\\\/\\\/saumonecossais.com\\\/en\\\/provenance\\\/#primaryimage\"},\"image\":{\"@id\":\"https:\\\/\\\/saumonecossais.com\\\/en\\\/provenance\\\/#primaryimage\"},\"thumbnailUrl\":\"https:\\\/\\\/saumonecossais.com\\\/en\\\/wp-content\\\/uploads\\\/2020\\\/02\\\/picto-page-provenance-03.jpg\",\"datePublished\":\"2020-02-05T13:12:06+00:00\",\"dateModified\":\"2025-02-07T15:44:24+00:00\",\"description\":\"Discover all the information on the origin of Label Rouge Scottish Salmon and the origin of its exceptional quality.\",\"breadcrumb\":{\"@id\":\"https:\\\/\\\/saumonecossais.com\\\/en\\\/provenance\\\/#breadcrumb\"},\"inLanguage\":\"en-GB\",\"potentialAction\":[{\"@type\":\"ReadAction\",\"target\":[\"https:\\\/\\\/saumonecossais.com\\\/en\\\/provenance\\\/\"]}]},{\"@type\":\"ImageObject\",\"inLanguage\":\"en-GB\",\"@id\":\"https:\\\/\\\/saumonecossais.com\\\/en\\\/provenance\\\/#primaryimage\",\"url\":\"https:\\\/\\\/saumonecossais.com\\\/en\\\/wp-content\\\/uploads\\\/2020\\\/02\\\/picto-page-provenance-03.jpg\",\"contentUrl\":\"https:\\\/\\\/saumonecossais.com\\\/en\\\/wp-content\\\/uploads\\\/2020\\\/02\\\/picto-page-provenance-03.jpg\",\"width\":200,\"height\":200,\"caption\":\"Saumon \u00e9cossais label rouge au coeur du d\u00e9veloppement durable\"},{\"@type\":\"BreadcrumbList\",\"@id\":\"https:\\\/\\\/saumonecossais.com\\\/en\\\/provenance\\\/#breadcrumb\",\"itemListElement\":[{\"@type\":\"ListItem\",\"position\":1,\"name\":\"Home\",\"item\":\"https:\\\/\\\/saumonecossais.com\\\/en\\\/\"},{\"@type\":\"ListItem\",\"position\":2,\"name\":\"Provenance\"}]},{\"@type\":\"WebSite\",\"@id\":\"https:\\\/\\\/saumonecossais.com\\\/en\\\/#website\",\"url\":\"https:\\\/\\\/saumonecossais.com\\\/en\\\/\",\"name\":\"Label Rouge Scottish Salmon\",\"description\":\"Exceptional flavour\",\"publisher\":{\"@id\":\"https:\\\/\\\/saumonecossais.com\\\/en\\\/#organization\"},\"alternateName\":\"SELR\",\"potentialAction\":[{\"@type\":\"SearchAction\",\"target\":{\"@type\":\"EntryPoint\",\"urlTemplate\":\"https:\\\/\\\/saumonecossais.com\\\/en\\\/?s={search_term_string}\"},\"query-input\":{\"@type\":\"PropertyValueSpecification\",\"valueRequired\":true,\"valueName\":\"search_term_string\"}}],\"inLanguage\":\"en-GB\"},{\"@type\":\"Organization\",\"@id\":\"https:\\\/\\\/saumonecossais.com\\\/en\\\/#organization\",\"name\":\"Label Rouge Scottish Salmon\",\"alternateName\":\"Label Rouge Scottish Salmon\",\"url\":\"https:\\\/\\\/saumonecossais.com\\\/en\\\/\",\"logo\":{\"@type\":\"ImageObject\",\"inLanguage\":\"en-GB\",\"@id\":\"https:\\\/\\\/saumonecossais.com\\\/en\\\/#\\\/schema\\\/logo\\\/image\\\/\",\"url\":\"https:\\\/\\\/saumonecossais.com\\\/en\\\/wp-content\\\/uploads\\\/2024\\\/06\\\/SELR-logo.png\",\"contentUrl\":\"https:\\\/\\\/saumonecossais.com\\\/en\\\/wp-content\\\/uploads\\\/2024\\\/06\\\/SELR-logo.png\",\"width\":696,\"height\":696,\"caption\":\"Label Rouge Scottish Salmon\"},\"image\":{\"@id\":\"https:\\\/\\\/saumonecossais.com\\\/en\\\/#\\\/schema\\\/logo\\\/image\\\/\"}}]}<\/script>\n<!-- \/ Yoast SEO plugin. -->","yoast_head_json":{"title":"Provenance - Label Rouge Scottish Salmon","description":"Discover all the information on the origin of Label Rouge Scottish Salmon and the origin of its exceptional quality.","robots":{"index":"index","follow":"follow","max-snippet":"max-snippet:-1","max-image-preview":"max-image-preview:large","max-video-preview":"max-video-preview:-1"},"canonical":"https:\/\/saumonecossais.com\/en\/provenance\/","og_locale":"en_GB","og_type":"article","og_title":"Provenance - Label Rouge Scottish Salmon","og_description":"Discover all the information on the origin of Label Rouge Scottish Salmon and the origin of its exceptional quality.","og_url":"https:\/\/saumonecossais.com\/en\/provenance\/","og_site_name":"Label Rouge Scottish Salmon","article_modified_time":"2025-02-07T15:44:24+00:00","og_image":[{"url":"https:\/\/saumonecossais.com\/en\/wp-content\/uploads\/2020\/02\/picto-page-provenance-03.jpg","type":"","width":"","height":""}],"twitter_card":"summary_large_image","twitter_misc":{"Estimated reading time":"3 minutes"},"schema":{"@context":"https:\/\/schema.org","@graph":[{"@type":"WebPage","@id":"https:\/\/saumonecossais.com\/en\/provenance\/","url":"https:\/\/saumonecossais.com\/en\/provenance\/","name":"Provenance - Label Rouge Scottish Salmon","isPartOf":{"@id":"https:\/\/saumonecossais.com\/en\/#website"},"primaryImageOfPage":{"@id":"https:\/\/saumonecossais.com\/en\/provenance\/#primaryimage"},"image":{"@id":"https:\/\/saumonecossais.com\/en\/provenance\/#primaryimage"},"thumbnailUrl":"https:\/\/saumonecossais.com\/en\/wp-content\/uploads\/2020\/02\/picto-page-provenance-03.jpg","datePublished":"2020-02-05T13:12:06+00:00","dateModified":"2025-02-07T15:44:24+00:00","description":"Discover all the information on the origin of Label Rouge Scottish Salmon and the origin of its exceptional quality.","breadcrumb":{"@id":"https:\/\/saumonecossais.com\/en\/provenance\/#breadcrumb"},"inLanguage":"en-GB","potentialAction":[{"@type":"ReadAction","target":["https:\/\/saumonecossais.com\/en\/provenance\/"]}]},{"@type":"ImageObject","inLanguage":"en-GB","@id":"https:\/\/saumonecossais.com\/en\/provenance\/#primaryimage","url":"https:\/\/saumonecossais.com\/en\/wp-content\/uploads\/2020\/02\/picto-page-provenance-03.jpg","contentUrl":"https:\/\/saumonecossais.com\/en\/wp-content\/uploads\/2020\/02\/picto-page-provenance-03.jpg","width":200,"height":200,"caption":"Saumon \u00e9cossais label rouge au coeur du d\u00e9veloppement durable"},{"@type":"BreadcrumbList","@id":"https:\/\/saumonecossais.com\/en\/provenance\/#breadcrumb","itemListElement":[{"@type":"ListItem","position":1,"name":"Home","item":"https:\/\/saumonecossais.com\/en\/"},{"@type":"ListItem","position":2,"name":"Provenance"}]},{"@type":"WebSite","@id":"https:\/\/saumonecossais.com\/en\/#website","url":"https:\/\/saumonecossais.com\/en\/","name":"Label Rouge Scottish Salmon","description":"Exceptional flavour","publisher":{"@id":"https:\/\/saumonecossais.com\/en\/#organization"},"alternateName":"SELR","potentialAction":[{"@type":"SearchAction","target":{"@type":"EntryPoint","urlTemplate":"https:\/\/saumonecossais.com\/en\/?s={search_term_string}"},"query-input":{"@type":"PropertyValueSpecification","valueRequired":true,"valueName":"search_term_string"}}],"inLanguage":"en-GB"},{"@type":"Organization","@id":"https:\/\/saumonecossais.com\/en\/#organization","name":"Label Rouge Scottish Salmon","alternateName":"Label Rouge Scottish Salmon","url":"https:\/\/saumonecossais.com\/en\/","logo":{"@type":"ImageObject","inLanguage":"en-GB","@id":"https:\/\/saumonecossais.com\/en\/#\/schema\/logo\/image\/","url":"https:\/\/saumonecossais.com\/en\/wp-content\/uploads\/2024\/06\/SELR-logo.png","contentUrl":"https:\/\/saumonecossais.com\/en\/wp-content\/uploads\/2024\/06\/SELR-logo.png","width":696,"height":696,"caption":"Label Rouge Scottish Salmon"},"image":{"@id":"https:\/\/saumonecossais.com\/en\/#\/schema\/logo\/image\/"}}]}},"_links":{"self":[{"href":"https:\/\/saumonecossais.com\/en\/wp-json\/wp\/v2\/pages\/2186","targetHints":{"allow":["GET"]}}],"collection":[{"href":"https:\/\/saumonecossais.com\/en\/wp-json\/wp\/v2\/pages"}],"about":[{"href":"https:\/\/saumonecossais.com\/en\/wp-json\/wp\/v2\/types\/page"}],"author":[{"embeddable":true,"href":"https:\/\/saumonecossais.com\/en\/wp-json\/wp\/v2\/users\/1"}],"replies":[{"embeddable":true,"href":"https:\/\/saumonecossais.com\/en\/wp-json\/wp\/v2\/comments?post=2186"}],"version-history":[{"count":0,"href":"https:\/\/saumonecossais.com\/en\/wp-json\/wp\/v2\/pages\/2186\/revisions"}],"wp:attachment":[{"href":"https:\/\/saumonecossais.com\/en\/wp-json\/wp\/v2\/media?parent=2186"}],"curies":[{"name":"wp","href":"https:\/\/api.w.org\/{rel}","templated":true}]}}