{"id":7,"date":"2019-08-22T16:49:13","date_gmt":"2019-08-22T14:49:13","guid":{"rendered":"https:\/\/saumon.agence71.com\/?page_id=7"},"modified":"2026-03-23T15:41:28","modified_gmt":"2026-03-23T14:41:28","slug":"willkommen","status":"publish","type":"page","link":"https:\/\/saumonecossais.com\/de\/","title":{"rendered":"Willkommen"},"content":{"rendered":"\n\n\t\t<ul>\n\t\t\t\t<li>\n\t\t\t<img decoding=\"async\" loading=\"false\" src=\"https:\/\/saumonecossais.com\/de\/wp-content\/uploads\/2024\/08\/selr-responsive-de-1.jpg\" alt=\"\" \/>\t\t\t\n\t\t\t\t<img loading=\"lazy\" decoding=\"async\" title=\"logo label rouge\" src=\"https:\/\/saumonecossais.com\/de\/wp-content\/uploads\/2024\/08\/logo-label-rouge.png\" alt=\" logo label rouge\" width=\"271\" height=\"196\" \/><br \/>\nSchottischer Lachs<br \/>\nLabel Rouge<br \/>\nEin unvergleichlicher Geschmack\u00a0\n\t\t<\/li>\n\t\t\t<li>\n\t\t\t<img decoding=\"async\" loading=\"false\" src=\"https:\/\/saumonecossais.com\/de\/wp-content\/uploads\/2024\/08\/selr-responsive-de-2.jpg\" alt=\"\" \/>\t\t\t\n\t\t\t\t<img loading=\"lazy\" decoding=\"async\" title=\"logo label rouge\" src=\"https:\/\/saumonecossais.com\/de\/wp-content\/uploads\/2024\/08\/logo-label-rouge.png\" alt=\" logo label rouge\" width=\"271\" height=\"196\" \/><br \/>\nSchottischer Lachs<br \/>\nLabel Rouge<br \/>\nGeboren und aufgewachsen in Schottland\n\t\t<\/li>\n\t\t\t<li>\n\t\t\t<img decoding=\"async\" loading=\"false\" src=\"https:\/\/saumonecossais.com\/de\/wp-content\/uploads\/2024\/08\/selr-responsive-de-3.jpg\" alt=\"\" \/>\t\t\t\n\t\t\t\t<img loading=\"lazy\" decoding=\"async\" title=\"logo label rouge\" src=\"https:\/\/saumonecossais.com\/de\/wp-content\/uploads\/2024\/08\/logo-label-rouge.png\" alt=\" logo label rouge\" width=\"271\" height=\"196\" \/><br \/>\nSchottischer Lachs<br \/>\nLabel Rouge<br \/>\nEin Ma\u00dfstab f\u00fcr gute Qualit\u00e4t\n\t\t<\/li>\n\t\t<\/ul>\n<figure itemscope itemtype=\"https:\/\/schema.org\/ImageObject\">\n\t\t\t\t<img decoding=\"async\" src=\"https:\/\/saumonecossais.com\/de\/wp-content\/uploads\/2024\/04\/logo-salmon-scottish.png\" alt=\"logo salmon scottish\" height=\"568\" width=\"520\" title=\"logo salmon scottish\" onerror=\"this.style.display='none'\" loading=\"lazy\" \/>\n\t<\/figure>\n\t\t\t<a href=\"https:\/\/saumonecossais.com\/de\/qualitat\/#label-rouge\" title=\"Frische und R\u00fcckverfolgbarkeit\" target=\"_self\"   role=\"button\" aria-label=\" Frische und R\u00fcckverfolgbarkeit\">\n\t\t\t\t\t\t\t Frische und R\u00fcckverfolgbarkeit\n\t\t<\/a>\n\t\t\t<a href=\"https:\/\/saumonecossais.com\/de\/herkunft\/\" title=\"Herkunft\" target=\"_self\"   role=\"button\" aria-label=\"Herkunft\">\n\t\t\t\t\t\t\tHerkunft\n\t\t<\/a>\n<h3>\n\t\t\tZ\u00fcchter <br \/>&#038; Lieferanten \t<\/h3>\n\t\t\t<a href=\"https:\/\/saumonecossais.com\/de\/frischer-ganzer-lachs\/\" title=\"Mehr erfahren\" target=\"_self\"   role=\"button\" aria-label=\"Mehr erfahren \">\n\t\t\t\t\t\t\tMehr erfahren \n\t\t<\/a>\n\n","protected":false},"excerpt":{"rendered":"<p>Schottischer Lachs Label Rouge Ein unvergleichlicher Geschmack\u00a0 Schottischer Lachs Label Rouge Geboren und aufgewachsen in Schottland Schottischer Lachs Label Rouge Ein Ma\u00dfstab f\u00fcr gute Qualit\u00e4t Frische und R\u00fcckverfolgbarkeit Herkunft Z\u00fcchter &#038; Lieferanten Mehr erfahren<\/p>\n","protected":false},"author":1,"featured_media":0,"parent":0,"menu_order":0,"comment_status":"closed","ping_status":"closed","template":"","meta":{"footnotes":""},"class_list":["post-7","page","type-page","status-publish","hentry"],"yoast_head":"<!-- This site is optimized with the Yoast SEO plugin v27.3 - https:\/\/yoast.com\/product\/yoast-seo-wordpress\/ -->\n<title>Willkommen - Schottischer Lachs Label Rouge<\/title>\n<meta name=\"description\" content=\"Entdecken Sie den schottischen Lachs mit dem Label Rouge, den ersten Fisch, der das prestigetr\u00e4chtige Label Rouge erhalten hat. Garantierte Qualit\u00e4t und Herkunft.\" \/>\n<meta name=\"robots\" content=\"index, follow, max-snippet:-1, max-image-preview:large, max-video-preview:-1\" \/>\n<link rel=\"canonical\" href=\"https:\/\/saumonecossais.com\/de\/\" \/>\n<meta property=\"og:locale\" content=\"de_DE\" \/>\n<meta property=\"og:type\" content=\"article\" \/>\n<meta property=\"og:title\" content=\"Willkommen - Schottischer Lachs Label Rouge\" \/>\n<meta property=\"og:description\" content=\"Entdecken Sie den schottischen Lachs mit dem Label Rouge, den ersten Fisch, der das prestigetr\u00e4chtige Label Rouge erhalten hat. Garantierte Qualit\u00e4t und Herkunft.\" \/>\n<meta property=\"og:url\" content=\"https:\/\/saumonecossais.com\/de\/\" \/>\n<meta property=\"og:site_name\" content=\"Schottischer Lachs Label Rouge\" \/>\n<meta property=\"article:modified_time\" content=\"2026-03-23T14:41:28+00:00\" \/>\n<meta property=\"og:image\" content=\"https:\/\/saumonecossais.com\/de\/wp-content\/uploads\/2024\/08\/selr-responsive-de-1.jpg\" \/>\n<meta name=\"twitter:card\" content=\"summary_large_image\" \/>\n<meta name=\"twitter:label1\" content=\"Gesch\u00e4tzte Lesezeit\" \/>\n\t<meta name=\"twitter:data1\" content=\"2\u00a0Minuten\" \/>\n<script type=\"application\/ld+json\" class=\"yoast-schema-graph\">{\"@context\":\"https:\\\/\\\/schema.org\",\"@graph\":[{\"@type\":\"WebPage\",\"@id\":\"https:\\\/\\\/saumonecossais.com\\\/de\\\/\",\"url\":\"https:\\\/\\\/saumonecossais.com\\\/de\\\/\",\"name\":\"Willkommen - Schottischer Lachs Label Rouge\",\"isPartOf\":{\"@id\":\"https:\\\/\\\/saumonecossais.com\\\/de\\\/#website\"},\"primaryImageOfPage\":{\"@id\":\"https:\\\/\\\/saumonecossais.com\\\/de\\\/#primaryimage\"},\"image\":{\"@id\":\"https:\\\/\\\/saumonecossais.com\\\/de\\\/#primaryimage\"},\"thumbnailUrl\":\"https:\\\/\\\/saumonecossais.com\\\/de\\\/wp-content\\\/uploads\\\/2024\\\/08\\\/selr-responsive-de-1.jpg\",\"datePublished\":\"2019-08-22T14:49:13+00:00\",\"dateModified\":\"2026-03-23T14:41:28+00:00\",\"description\":\"Entdecken Sie den schottischen Lachs mit dem Label Rouge, den ersten Fisch, der das prestigetr\u00e4chtige Label Rouge erhalten hat. Garantierte Qualit\u00e4t und Herkunft.\",\"breadcrumb\":{\"@id\":\"https:\\\/\\\/saumonecossais.com\\\/de\\\/#breadcrumb\"},\"inLanguage\":\"de\",\"potentialAction\":[{\"@type\":\"ReadAction\",\"target\":[\"https:\\\/\\\/saumonecossais.com\\\/de\\\/\"]}]},{\"@type\":\"ImageObject\",\"inLanguage\":\"de\",\"@id\":\"https:\\\/\\\/saumonecossais.com\\\/de\\\/#primaryimage\",\"url\":\"https:\\\/\\\/saumonecossais.com\\\/de\\\/wp-content\\\/uploads\\\/2024\\\/08\\\/selr-responsive-de-1.jpg\",\"contentUrl\":\"https:\\\/\\\/saumonecossais.com\\\/de\\\/wp-content\\\/uploads\\\/2024\\\/08\\\/selr-responsive-de-1.jpg\",\"width\":828,\"height\":1484},{\"@type\":\"BreadcrumbList\",\"@id\":\"https:\\\/\\\/saumonecossais.com\\\/de\\\/#breadcrumb\",\"itemListElement\":[{\"@type\":\"ListItem\",\"position\":1,\"name\":\"Accueil\",\"item\":\"https:\\\/\\\/saumonecossais.com\\\/de\\\/\"},{\"@type\":\"ListItem\",\"position\":2,\"name\":\"Willkommen\"}]},{\"@type\":\"WebSite\",\"@id\":\"https:\\\/\\\/saumonecossais.com\\\/de\\\/#website\",\"url\":\"https:\\\/\\\/saumonecossais.com\\\/de\\\/\",\"name\":\"Schottischer Lachs Label Rouge\",\"description\":\"Ein unvergleichlicher Geschmack\",\"publisher\":{\"@id\":\"https:\\\/\\\/saumonecossais.com\\\/de\\\/#organization\"},\"alternateName\":\"Schottischer Lachs Label Rouge\",\"potentialAction\":[{\"@type\":\"SearchAction\",\"target\":{\"@type\":\"EntryPoint\",\"urlTemplate\":\"https:\\\/\\\/saumonecossais.com\\\/de\\\/?s={search_term_string}\"},\"query-input\":{\"@type\":\"PropertyValueSpecification\",\"valueRequired\":true,\"valueName\":\"search_term_string\"}}],\"inLanguage\":\"de\"},{\"@type\":\"Organization\",\"@id\":\"https:\\\/\\\/saumonecossais.com\\\/de\\\/#organization\",\"name\":\"Schottischer Lachs Label Rouge\",\"alternateName\":\"Schottischer Lachs Label Rouge\",\"url\":\"https:\\\/\\\/saumonecossais.com\\\/de\\\/\",\"logo\":{\"@type\":\"ImageObject\",\"inLanguage\":\"de\",\"@id\":\"https:\\\/\\\/saumonecossais.com\\\/de\\\/#\\\/schema\\\/logo\\\/image\\\/\",\"url\":\"https:\\\/\\\/saumonecossais.com\\\/de\\\/wp-content\\\/uploads\\\/2024\\\/06\\\/SELR-logo.png\",\"contentUrl\":\"https:\\\/\\\/saumonecossais.com\\\/de\\\/wp-content\\\/uploads\\\/2024\\\/06\\\/SELR-logo.png\",\"width\":696,\"height\":696,\"caption\":\"Schottischer Lachs Label Rouge\"},\"image\":{\"@id\":\"https:\\\/\\\/saumonecossais.com\\\/de\\\/#\\\/schema\\\/logo\\\/image\\\/\"}}]}<\/script>\n<!-- \/ Yoast SEO plugin. -->","yoast_head_json":{"title":"Willkommen - Schottischer Lachs Label Rouge","description":"Entdecken Sie den schottischen Lachs mit dem Label Rouge, den ersten Fisch, der das prestigetr\u00e4chtige Label Rouge erhalten hat. Garantierte Qualit\u00e4t und Herkunft.","robots":{"index":"index","follow":"follow","max-snippet":"max-snippet:-1","max-image-preview":"max-image-preview:large","max-video-preview":"max-video-preview:-1"},"canonical":"https:\/\/saumonecossais.com\/de\/","og_locale":"de_DE","og_type":"article","og_title":"Willkommen - Schottischer Lachs Label Rouge","og_description":"Entdecken Sie den schottischen Lachs mit dem Label Rouge, den ersten Fisch, der das prestigetr\u00e4chtige Label Rouge erhalten hat. Garantierte Qualit\u00e4t und Herkunft.","og_url":"https:\/\/saumonecossais.com\/de\/","og_site_name":"Schottischer Lachs Label Rouge","article_modified_time":"2026-03-23T14:41:28+00:00","og_image":[{"url":"https:\/\/saumonecossais.com\/de\/wp-content\/uploads\/2024\/08\/selr-responsive-de-1.jpg","type":"","width":"","height":""}],"twitter_card":"summary_large_image","twitter_misc":{"Gesch\u00e4tzte Lesezeit":"2\u00a0Minuten"},"schema":{"@context":"https:\/\/schema.org","@graph":[{"@type":"WebPage","@id":"https:\/\/saumonecossais.com\/de\/","url":"https:\/\/saumonecossais.com\/de\/","name":"Willkommen - Schottischer Lachs Label Rouge","isPartOf":{"@id":"https:\/\/saumonecossais.com\/de\/#website"},"primaryImageOfPage":{"@id":"https:\/\/saumonecossais.com\/de\/#primaryimage"},"image":{"@id":"https:\/\/saumonecossais.com\/de\/#primaryimage"},"thumbnailUrl":"https:\/\/saumonecossais.com\/de\/wp-content\/uploads\/2024\/08\/selr-responsive-de-1.jpg","datePublished":"2019-08-22T14:49:13+00:00","dateModified":"2026-03-23T14:41:28+00:00","description":"Entdecken Sie den schottischen Lachs mit dem Label Rouge, den ersten Fisch, der das prestigetr\u00e4chtige Label Rouge erhalten hat. Garantierte Qualit\u00e4t und Herkunft.","breadcrumb":{"@id":"https:\/\/saumonecossais.com\/de\/#breadcrumb"},"inLanguage":"de","potentialAction":[{"@type":"ReadAction","target":["https:\/\/saumonecossais.com\/de\/"]}]},{"@type":"ImageObject","inLanguage":"de","@id":"https:\/\/saumonecossais.com\/de\/#primaryimage","url":"https:\/\/saumonecossais.com\/de\/wp-content\/uploads\/2024\/08\/selr-responsive-de-1.jpg","contentUrl":"https:\/\/saumonecossais.com\/de\/wp-content\/uploads\/2024\/08\/selr-responsive-de-1.jpg","width":828,"height":1484},{"@type":"BreadcrumbList","@id":"https:\/\/saumonecossais.com\/de\/#breadcrumb","itemListElement":[{"@type":"ListItem","position":1,"name":"Accueil","item":"https:\/\/saumonecossais.com\/de\/"},{"@type":"ListItem","position":2,"name":"Willkommen"}]},{"@type":"WebSite","@id":"https:\/\/saumonecossais.com\/de\/#website","url":"https:\/\/saumonecossais.com\/de\/","name":"Schottischer Lachs Label Rouge","description":"Ein unvergleichlicher Geschmack","publisher":{"@id":"https:\/\/saumonecossais.com\/de\/#organization"},"alternateName":"Schottischer Lachs Label Rouge","potentialAction":[{"@type":"SearchAction","target":{"@type":"EntryPoint","urlTemplate":"https:\/\/saumonecossais.com\/de\/?s={search_term_string}"},"query-input":{"@type":"PropertyValueSpecification","valueRequired":true,"valueName":"search_term_string"}}],"inLanguage":"de"},{"@type":"Organization","@id":"https:\/\/saumonecossais.com\/de\/#organization","name":"Schottischer Lachs Label Rouge","alternateName":"Schottischer Lachs Label Rouge","url":"https:\/\/saumonecossais.com\/de\/","logo":{"@type":"ImageObject","inLanguage":"de","@id":"https:\/\/saumonecossais.com\/de\/#\/schema\/logo\/image\/","url":"https:\/\/saumonecossais.com\/de\/wp-content\/uploads\/2024\/06\/SELR-logo.png","contentUrl":"https:\/\/saumonecossais.com\/de\/wp-content\/uploads\/2024\/06\/SELR-logo.png","width":696,"height":696,"caption":"Schottischer Lachs Label Rouge"},"image":{"@id":"https:\/\/saumonecossais.com\/de\/#\/schema\/logo\/image\/"}}]}},"_links":{"self":[{"href":"https:\/\/saumonecossais.com\/de\/wp-json\/wp\/v2\/pages\/7","targetHints":{"allow":["GET"]}}],"collection":[{"href":"https:\/\/saumonecossais.com\/de\/wp-json\/wp\/v2\/pages"}],"about":[{"href":"https:\/\/saumonecossais.com\/de\/wp-json\/wp\/v2\/types\/page"}],"author":[{"embeddable":true,"href":"https:\/\/saumonecossais.com\/de\/wp-json\/wp\/v2\/users\/1"}],"replies":[{"embeddable":true,"href":"https:\/\/saumonecossais.com\/de\/wp-json\/wp\/v2\/comments?post=7"}],"version-history":[{"count":6,"href":"https:\/\/saumonecossais.com\/de\/wp-json\/wp\/v2\/pages\/7\/revisions"}],"predecessor-version":[{"id":5419,"href":"https:\/\/saumonecossais.com\/de\/wp-json\/wp\/v2\/pages\/7\/revisions\/5419"}],"wp:attachment":[{"href":"https:\/\/saumonecossais.com\/de\/wp-json\/wp\/v2\/media?parent=7"}],"curies":[{"name":"wp","href":"https:\/\/api.w.org\/{rel}","templated":true}]}}