{"id":2545,"date":"2020-02-13T13:54:16","date_gmt":"2020-02-13T12:54:16","guid":{"rendered":"https:\/\/saumonecossais.com\/de\/?page_id=2545"},"modified":"2025-02-07T16:47:30","modified_gmt":"2025-02-07T15:47:30","slug":"gesundheitsnutzen","status":"publish","type":"page","link":"https:\/\/saumonecossais.com\/de\/gesundheitsnutzen\/","title":{"rendered":"GESUNDHEITSNUTZEN"},"content":{"rendered":"\n\n\t<h1>Eine Quelle wertvoller N\u00e4hrstoffe f\u00fcr<br \/>\nunsere Gesundheit<\/h1>\n\t<p><strong>Eine nat\u00fcrliche Quelle von Elementen, die gut f\u00fcr den K\u00f6rper sind<\/strong><\/p>\n\t<p>Wer regelm\u00e4\u00dfig Fisch isst, g\u00f6nnt sich eine gute Versorgung mit N\u00e4hrstoffen, die f\u00fcr wichtige K\u00f6rperfunktionen unverzichtbar sind. Hierzu z\u00e4hlen insbesondere:<\/p>\n<ul>\n<li>Proteine, unentbehrlich f\u00fcr unseren Organismus<\/li>\n<li>Spurenelemente wie Zink, Kupfer, Iod, Selen und Fluor, die eine wichtige Rolle f\u00fcr das Gehirn und das Nervensystem spielen<\/li>\n<li>Vitamin A und D sowie Vitamine der B-Gruppe, die f\u00fcr das Wachstum ben\u00f6tigt werde<\/li>\n<li>Mineralien wie Phosphor<\/li>\n<\/ul>\n<p>Ein Fisch wie schottischer Lachs Label Rouge leistet damit einen wertvollen Beitrag zu einer gesunden Ern\u00e4hrung und ist noch dazu eine echte Delikatesse &#8211; dank des unvergleichlichen Geschmacks, f\u00fcr den Label-Rouge-Produkte seit vielen Jahren bekannt sind.<\/p>\n\t\t\t\t<img loading=\"lazy\" decoding=\"async\" src=\"https:\/\/saumonecossais.com\/de\/wp-content\/uploads\/2020\/02\/picto_benefice_sante.jpg\" alt=\"La consommation de Saumon Ecossais Label Rouge est bon pour la sant\u00e9 gr\u00e2ce aux Omega 3 qu&#039;il d\u00e9tient\" itemprop=\"image\" height=\"283\" width=\"400\" title=\"La consommation de Saumon Ecossais Label Rouge est bon pour la sant\u00e9 gr\u00e2ce aux Omega 3 qu&#039;il d\u00e9tient\" onerror=\"this.style.display='none'\"  \/>\n<h2>\n\t\tReich an Omega 3\n\t<\/h2>\n\t<strong>Ein hervorragender nat\u00fcrlicher Lieferant<br \/>\nvon Omega-3-Fetts\u00e4uren<\/strong>\n<p>Fettreiche Fische wie Lachs haben einen besonders hohen Gehalt an mehrfach unges\u00e4ttigten Fetts\u00e4uren wie die der Omega-3-Gruppe, die sich durch ihre gesundheitsf\u00f6rdernden Eigenschaften auszeichnen.<\/p>\n<p>So sind Fetts\u00e4uren wichtige Bausteine f\u00fcr die Entwicklung und Funktion der Netzhaut, des Gehirns und des Nervensystems. Belegt ist auch ihre sch\u00fctzende Wirkung f\u00fcr das Herz-Kreislauf-System.<\/p>\n<p>Der menschliche K\u00f6rper selbst ist nicht in der Lage, Omega-3-Fetts\u00e4uren in ausreichender Menge zu produzieren. Deshalb ist es so wichtig, diese \u00fcber die Nahrung aufzunehmen. Fettreiche Fische wie Lachs sind ein hervorragender nat\u00fcrlicher Omega-3-Lieferant.<\/p>\n<p>Aus diesem Grund raten Fachbeh\u00f6rden ersten Rangs wie die\u00a0<a href=\"http:\/\/www.anses.fr\/\" target=\"_blank\" rel=\"noopener\">Anses<\/a>\u00b9 und ihr britisches Pendant, die FSA\u00b2, aber auch die Deutsche Gesellschaft f\u00fcr Ern\u00e4hrung zum regelm\u00e4\u00dfigen Verzehr von Fettfischen wie Lachs.<\/p>\n\t<p><em>\u00b9 Anses : <\/em>Franz\u00f6sische Agentur f\u00fcr Lebensmittelsicherheit, Umweltschutz und Arbeitsschutz<\/p>\n<p>\u00b2 Food Standard Agency. Bei der britischen FSA handelt es sich um eine unabh\u00e4ngige staatliche Beh\u00f6rde, deren Rolle es ist, den \u00f6ffentlichen Gesundheitsschutz zu gew\u00e4hrleisten und die Interessen der Verbraucher im Lebensmittelbereich zu sch\u00fctzen<\/p>\n\n","protected":false},"excerpt":{"rendered":"<p>Eine Quelle wertvoller N\u00e4hrstoffe f\u00fcr unsere Gesundheit Eine nat\u00fcrliche Quelle von Elementen, die gut f\u00fcr den K\u00f6rper sind Wer regelm\u00e4\u00dfig Fisch isst, g\u00f6nnt sich eine gute Versorgung mit N\u00e4hrstoffen, die f\u00fcr wichtige K\u00f6rperfunktionen unverzichtbar sind. Hierzu z\u00e4hlen insbesondere: Proteine, unentbehrlich f\u00fcr unseren Organismus Spurenelemente wie Zink, Kupfer, Iod, Selen und Fluor, die eine wichtige Rolle&hellip;<\/p>\n","protected":false},"author":1,"featured_media":0,"parent":0,"menu_order":0,"comment_status":"closed","ping_status":"closed","template":"","meta":{"footnotes":""},"class_list":["post-2545","page","type-page","status-publish","hentry"],"yoast_head":"<!-- This site is optimized with the Yoast SEO plugin v27.4 - https:\/\/yoast.com\/product\/yoast-seo-wordpress\/ -->\n<title>GESUNDHEITSNUTZEN - Schottischer Lachs Label Rouge<\/title>\n<meta name=\"description\" content=\"Entdecken Sie die gesundheitlichen Vorteile des Verzehrs von schottischem Lachs von Label Rouge. Omega 3 und andere Elemente, die gut f\u00fcr den K\u00f6rper sind.\" \/>\n<meta name=\"robots\" content=\"index, follow, max-snippet:-1, max-image-preview:large, max-video-preview:-1\" \/>\n<link rel=\"canonical\" href=\"https:\/\/saumonecossais.com\/de\/gesundheitsnutzen\/\" \/>\n<meta property=\"og:locale\" content=\"de_DE\" \/>\n<meta property=\"og:type\" content=\"article\" \/>\n<meta property=\"og:title\" content=\"GESUNDHEITSNUTZEN - Schottischer Lachs Label Rouge\" \/>\n<meta property=\"og:description\" content=\"Entdecken Sie die gesundheitlichen Vorteile des Verzehrs von schottischem Lachs von Label Rouge. Omega 3 und andere Elemente, die gut f\u00fcr den K\u00f6rper sind.\" \/>\n<meta property=\"og:url\" content=\"https:\/\/saumonecossais.com\/de\/gesundheitsnutzen\/\" \/>\n<meta property=\"og:site_name\" content=\"Schottischer Lachs Label Rouge\" \/>\n<meta property=\"article:modified_time\" content=\"2025-02-07T15:47:30+00:00\" \/>\n<meta property=\"og:image\" content=\"https:\/\/saumonecossais.com\/de\/wp-content\/uploads\/2020\/02\/picto_benefice_sante.jpg\" \/>\n<meta name=\"twitter:card\" content=\"summary_large_image\" \/>\n<meta name=\"twitter:label1\" content=\"Gesch\u00e4tzte Lesezeit\" \/>\n\t<meta name=\"twitter:data1\" content=\"2\u00a0Minuten\" \/>\n<script type=\"application\/ld+json\" class=\"yoast-schema-graph\">{\"@context\":\"https:\\\/\\\/schema.org\",\"@graph\":[{\"@type\":\"WebPage\",\"@id\":\"https:\\\/\\\/saumonecossais.com\\\/de\\\/gesundheitsnutzen\\\/\",\"url\":\"https:\\\/\\\/saumonecossais.com\\\/de\\\/gesundheitsnutzen\\\/\",\"name\":\"GESUNDHEITSNUTZEN - Schottischer Lachs Label Rouge\",\"isPartOf\":{\"@id\":\"https:\\\/\\\/saumonecossais.com\\\/de\\\/#website\"},\"primaryImageOfPage\":{\"@id\":\"https:\\\/\\\/saumonecossais.com\\\/de\\\/gesundheitsnutzen\\\/#primaryimage\"},\"image\":{\"@id\":\"https:\\\/\\\/saumonecossais.com\\\/de\\\/gesundheitsnutzen\\\/#primaryimage\"},\"thumbnailUrl\":\"https:\\\/\\\/saumonecossais.com\\\/de\\\/wp-content\\\/uploads\\\/2020\\\/02\\\/picto_benefice_sante.jpg\",\"datePublished\":\"2020-02-13T12:54:16+00:00\",\"dateModified\":\"2025-02-07T15:47:30+00:00\",\"description\":\"Entdecken Sie die gesundheitlichen Vorteile des Verzehrs von schottischem Lachs von Label Rouge. Omega 3 und andere Elemente, die gut f\u00fcr den K\u00f6rper sind.\",\"breadcrumb\":{\"@id\":\"https:\\\/\\\/saumonecossais.com\\\/de\\\/gesundheitsnutzen\\\/#breadcrumb\"},\"inLanguage\":\"de\",\"potentialAction\":[{\"@type\":\"ReadAction\",\"target\":[\"https:\\\/\\\/saumonecossais.com\\\/de\\\/gesundheitsnutzen\\\/\"]}]},{\"@type\":\"ImageObject\",\"inLanguage\":\"de\",\"@id\":\"https:\\\/\\\/saumonecossais.com\\\/de\\\/gesundheitsnutzen\\\/#primaryimage\",\"url\":\"https:\\\/\\\/saumonecossais.com\\\/de\\\/wp-content\\\/uploads\\\/2020\\\/02\\\/picto_benefice_sante.jpg\",\"contentUrl\":\"https:\\\/\\\/saumonecossais.com\\\/de\\\/wp-content\\\/uploads\\\/2020\\\/02\\\/picto_benefice_sante.jpg\",\"width\":400,\"height\":283,\"caption\":\"La consommation de Saumon Ecossais Label Rouge est bon pour la sant\u00e9 gr\u00e2ce aux Omega 3 qu'il d\u00e9tient\"},{\"@type\":\"BreadcrumbList\",\"@id\":\"https:\\\/\\\/saumonecossais.com\\\/de\\\/gesundheitsnutzen\\\/#breadcrumb\",\"itemListElement\":[{\"@type\":\"ListItem\",\"position\":1,\"name\":\"Accueil\",\"item\":\"https:\\\/\\\/saumonecossais.com\\\/de\\\/\"},{\"@type\":\"ListItem\",\"position\":2,\"name\":\"GESUNDHEITSNUTZEN\"}]},{\"@type\":\"WebSite\",\"@id\":\"https:\\\/\\\/saumonecossais.com\\\/de\\\/#website\",\"url\":\"https:\\\/\\\/saumonecossais.com\\\/de\\\/\",\"name\":\"Schottischer Lachs Label Rouge\",\"description\":\"Ein unvergleichlicher Geschmack\",\"publisher\":{\"@id\":\"https:\\\/\\\/saumonecossais.com\\\/de\\\/#organization\"},\"alternateName\":\"Schottischer Lachs Label Rouge\",\"potentialAction\":[{\"@type\":\"SearchAction\",\"target\":{\"@type\":\"EntryPoint\",\"urlTemplate\":\"https:\\\/\\\/saumonecossais.com\\\/de\\\/?s={search_term_string}\"},\"query-input\":{\"@type\":\"PropertyValueSpecification\",\"valueRequired\":true,\"valueName\":\"search_term_string\"}}],\"inLanguage\":\"de\"},{\"@type\":\"Organization\",\"@id\":\"https:\\\/\\\/saumonecossais.com\\\/de\\\/#organization\",\"name\":\"Schottischer Lachs Label Rouge\",\"alternateName\":\"Schottischer Lachs Label Rouge\",\"url\":\"https:\\\/\\\/saumonecossais.com\\\/de\\\/\",\"logo\":{\"@type\":\"ImageObject\",\"inLanguage\":\"de\",\"@id\":\"https:\\\/\\\/saumonecossais.com\\\/de\\\/#\\\/schema\\\/logo\\\/image\\\/\",\"url\":\"https:\\\/\\\/saumonecossais.com\\\/de\\\/wp-content\\\/uploads\\\/2024\\\/06\\\/SELR-logo.png\",\"contentUrl\":\"https:\\\/\\\/saumonecossais.com\\\/de\\\/wp-content\\\/uploads\\\/2024\\\/06\\\/SELR-logo.png\",\"width\":696,\"height\":696,\"caption\":\"Schottischer Lachs Label Rouge\"},\"image\":{\"@id\":\"https:\\\/\\\/saumonecossais.com\\\/de\\\/#\\\/schema\\\/logo\\\/image\\\/\"}}]}<\/script>\n<!-- \/ Yoast SEO plugin. -->","yoast_head_json":{"title":"GESUNDHEITSNUTZEN - Schottischer Lachs Label Rouge","description":"Entdecken Sie die gesundheitlichen Vorteile des Verzehrs von schottischem Lachs von Label Rouge. Omega 3 und andere Elemente, die gut f\u00fcr den K\u00f6rper sind.","robots":{"index":"index","follow":"follow","max-snippet":"max-snippet:-1","max-image-preview":"max-image-preview:large","max-video-preview":"max-video-preview:-1"},"canonical":"https:\/\/saumonecossais.com\/de\/gesundheitsnutzen\/","og_locale":"de_DE","og_type":"article","og_title":"GESUNDHEITSNUTZEN - Schottischer Lachs Label Rouge","og_description":"Entdecken Sie die gesundheitlichen Vorteile des Verzehrs von schottischem Lachs von Label Rouge. Omega 3 und andere Elemente, die gut f\u00fcr den K\u00f6rper sind.","og_url":"https:\/\/saumonecossais.com\/de\/gesundheitsnutzen\/","og_site_name":"Schottischer Lachs Label Rouge","article_modified_time":"2025-02-07T15:47:30+00:00","og_image":[{"url":"https:\/\/saumonecossais.com\/de\/wp-content\/uploads\/2020\/02\/picto_benefice_sante.jpg","type":"","width":"","height":""}],"twitter_card":"summary_large_image","twitter_misc":{"Gesch\u00e4tzte Lesezeit":"2\u00a0Minuten"},"schema":{"@context":"https:\/\/schema.org","@graph":[{"@type":"WebPage","@id":"https:\/\/saumonecossais.com\/de\/gesundheitsnutzen\/","url":"https:\/\/saumonecossais.com\/de\/gesundheitsnutzen\/","name":"GESUNDHEITSNUTZEN - Schottischer Lachs Label Rouge","isPartOf":{"@id":"https:\/\/saumonecossais.com\/de\/#website"},"primaryImageOfPage":{"@id":"https:\/\/saumonecossais.com\/de\/gesundheitsnutzen\/#primaryimage"},"image":{"@id":"https:\/\/saumonecossais.com\/de\/gesundheitsnutzen\/#primaryimage"},"thumbnailUrl":"https:\/\/saumonecossais.com\/de\/wp-content\/uploads\/2020\/02\/picto_benefice_sante.jpg","datePublished":"2020-02-13T12:54:16+00:00","dateModified":"2025-02-07T15:47:30+00:00","description":"Entdecken Sie die gesundheitlichen Vorteile des Verzehrs von schottischem Lachs von Label Rouge. Omega 3 und andere Elemente, die gut f\u00fcr den K\u00f6rper sind.","breadcrumb":{"@id":"https:\/\/saumonecossais.com\/de\/gesundheitsnutzen\/#breadcrumb"},"inLanguage":"de","potentialAction":[{"@type":"ReadAction","target":["https:\/\/saumonecossais.com\/de\/gesundheitsnutzen\/"]}]},{"@type":"ImageObject","inLanguage":"de","@id":"https:\/\/saumonecossais.com\/de\/gesundheitsnutzen\/#primaryimage","url":"https:\/\/saumonecossais.com\/de\/wp-content\/uploads\/2020\/02\/picto_benefice_sante.jpg","contentUrl":"https:\/\/saumonecossais.com\/de\/wp-content\/uploads\/2020\/02\/picto_benefice_sante.jpg","width":400,"height":283,"caption":"La consommation de Saumon Ecossais Label Rouge est bon pour la sant\u00e9 gr\u00e2ce aux Omega 3 qu'il d\u00e9tient"},{"@type":"BreadcrumbList","@id":"https:\/\/saumonecossais.com\/de\/gesundheitsnutzen\/#breadcrumb","itemListElement":[{"@type":"ListItem","position":1,"name":"Accueil","item":"https:\/\/saumonecossais.com\/de\/"},{"@type":"ListItem","position":2,"name":"GESUNDHEITSNUTZEN"}]},{"@type":"WebSite","@id":"https:\/\/saumonecossais.com\/de\/#website","url":"https:\/\/saumonecossais.com\/de\/","name":"Schottischer Lachs Label Rouge","description":"Ein unvergleichlicher Geschmack","publisher":{"@id":"https:\/\/saumonecossais.com\/de\/#organization"},"alternateName":"Schottischer Lachs Label Rouge","potentialAction":[{"@type":"SearchAction","target":{"@type":"EntryPoint","urlTemplate":"https:\/\/saumonecossais.com\/de\/?s={search_term_string}"},"query-input":{"@type":"PropertyValueSpecification","valueRequired":true,"valueName":"search_term_string"}}],"inLanguage":"de"},{"@type":"Organization","@id":"https:\/\/saumonecossais.com\/de\/#organization","name":"Schottischer Lachs Label Rouge","alternateName":"Schottischer Lachs Label Rouge","url":"https:\/\/saumonecossais.com\/de\/","logo":{"@type":"ImageObject","inLanguage":"de","@id":"https:\/\/saumonecossais.com\/de\/#\/schema\/logo\/image\/","url":"https:\/\/saumonecossais.com\/de\/wp-content\/uploads\/2024\/06\/SELR-logo.png","contentUrl":"https:\/\/saumonecossais.com\/de\/wp-content\/uploads\/2024\/06\/SELR-logo.png","width":696,"height":696,"caption":"Schottischer Lachs Label Rouge"},"image":{"@id":"https:\/\/saumonecossais.com\/de\/#\/schema\/logo\/image\/"}}]}},"_links":{"self":[{"href":"https:\/\/saumonecossais.com\/de\/wp-json\/wp\/v2\/pages\/2545","targetHints":{"allow":["GET"]}}],"collection":[{"href":"https:\/\/saumonecossais.com\/de\/wp-json\/wp\/v2\/pages"}],"about":[{"href":"https:\/\/saumonecossais.com\/de\/wp-json\/wp\/v2\/types\/page"}],"author":[{"embeddable":true,"href":"https:\/\/saumonecossais.com\/de\/wp-json\/wp\/v2\/users\/1"}],"replies":[{"embeddable":true,"href":"https:\/\/saumonecossais.com\/de\/wp-json\/wp\/v2\/comments?post=2545"}],"version-history":[{"count":0,"href":"https:\/\/saumonecossais.com\/de\/wp-json\/wp\/v2\/pages\/2545\/revisions"}],"wp:attachment":[{"href":"https:\/\/saumonecossais.com\/de\/wp-json\/wp\/v2\/media?parent=2545"}],"curies":[{"name":"wp","href":"https:\/\/api.w.org\/{rel}","templated":true}]}}