{"id":2237,"date":"2020-02-06T12:12:02","date_gmt":"2020-02-06T11:12:02","guid":{"rendered":"https:\/\/saumonecossais.com\/de\/?page_id=2237"},"modified":"2025-04-30T11:27:14","modified_gmt":"2025-04-30T09:27:14","slug":"frischer-ganzer-lachs","status":"publish","type":"page","link":"https:\/\/saumonecossais.com\/de\/frischer-ganzer-lachs\/","title":{"rendered":"Frischer ganzer Lachs"},"content":{"rendered":"\n\n\t<h1>Die Produzenten von schottischem Lachs mit dem roten G\u00fctezeichen frisch im Ganzen<\/h1>\n\t<p>Sie \u00fcbernehmen alle Schritte der Aufzucht von schottischem Lachs Label Rouge, vom Ei bis zum ganzen Fisch in Handelsgr\u00f6\u00dfe :<\/p>\n\t\t\t\t<img loading=\"lazy\" decoding=\"async\" src=\"https:\/\/saumonecossais.com\/de\/wp-content\/uploads\/2024\/06\/0193-Bakkafrost-Scotland-Logo_RGB.png\" alt=\"0193 Bakkafrost Scotland Logo_RGB\" itemprop=\"image\" height=\"479\" width=\"624\" title=\"0193 Bakkafrost Scotland Logo_RGB\" onerror=\"this.style.display='none'\"  \/>\n\t<p><strong>Bakkafrost Scotland<\/strong><\/p>\n\t<p><strong>\u00c9cosse<\/strong><\/p>\nCommunications\u00a0and Business\u00a0Development:<br \/>\n<strong>Su Cox <\/strong><br \/>\n<a title=\"mailto:Su.Cox@bakkafrost.com\" contenteditable=\"false\" href=\"mailto:Su.Cox@bakkafrost.com\">Su.Cox@bakkafrost.com<\/a>\n<p>Sales :<\/p>\n<p>Claire Encrenaz<\/p>\n<p><a title=\"mailto:claire.encrenaz@bakkafrost.com\" contenteditable=\"false\" href=\"mailto:claire.encrenaz@bakkafrost.com\">claire.encrenaz@bakkafrost.com<\/a><\/p>\n<p>T\u00e9l. : +44 (0)131 718 8500<\/p>\n<p><a id=\"LPlnk689713\" title=\"https:\/\/www.bakkafrostscotland.com\/\" contenteditable=\"false\" href=\"https:\/\/www.bakkafrostscotland.com\/\" target=\"_blank\" rel=\"noopener\"><strong>www.bakkafrostscotland.com<\/strong><\/a><\/p>\n\t\t\t\t<img loading=\"lazy\" decoding=\"async\" src=\"https:\/\/saumonecossais.com\/de\/wp-content\/uploads\/2019\/12\/Logo-COOKE.png\" alt=\"Cooke aquaculture scotland fournisseur de Saumon Ecossais Label Rouge\" itemprop=\"image\" height=\"70\" width=\"152\" title=\"Cooke aquaculture scotland fournisseur de Saumon Ecossais Label Rouge\" onerror=\"this.style.display='none'\"  \/>\n\t<p><strong>Cooke Aquaculture Scotland<\/strong><\/p>\n\t<p><strong>\u00c9cosse<\/strong><\/p>\n<strong>Laura MAILER<\/strong><br \/>\n<a href=\"mailto:laura.mailer@cookeaqua.com\">laura.mailer@cookeaqua.com<\/a>\n\nT\u00e9l. : +44(0)1698 534 630<br \/>\n<a href=\"https:\/\/www.cookeaquaculturescotland.com\">www.cookeaquaculturescotland.com<\/a>\n\t\t\t\t<img loading=\"lazy\" decoding=\"async\" src=\"https:\/\/saumonecossais.com\/de\/wp-content\/uploads\/2021\/12\/LochDuart_Teal_Horizontal_Logo_RGB-1.png\" alt=\"LochDuart_Teal_Horizontal_Logo_RGB\" itemprop=\"image\" height=\"40\" width=\"180\" title=\"LochDuart_Teal_Horizontal_Logo_RGB\" onerror=\"this.style.display='none'\"  \/>\n\t<p><strong>Loch Duart<\/strong><\/p>\n\t<p><strong>\u00c9cosse<\/strong><\/p>\n<p><strong>Chris Orr<\/strong><\/p>\n<p><a title=\"mailto:chris.orr@lochduart.com\" contenteditable=\"false\" href=\"mailto:chris.orr@lochduart.com\">chris.orr@lochduart.com<\/a><\/p>\n<strong>Marie McAleese<\/strong><br \/>\n<a href=\"mailto:janeanne@lochduart.com\">marie@lochduart.com<\/a>\nT\u00e9l. : +44 (0)1674 660161<br \/>\n<a href=\"https:\/\/www.lochduart.com\">www.lochduart.com<\/a>\n\t<p><strong>France<\/strong><\/p>\n<p><strong>Jenny Gall<\/strong><\/p>\n<p><a href=\"mailto:jenny@lochduart.com\">jenny@lochduart.com<\/a><\/p>\nT\u00e9l. : +33 (0)253358150<br \/>\nPort. : +33 (0)658788045\n\t\t\t\t<img loading=\"lazy\" decoding=\"async\" src=\"https:\/\/saumonecossais.com\/de\/wp-content\/uploads\/2019\/12\/MOWI-JPG-BD-v2.jpg\" alt=\"Mowiscotland fournisseur de saumon \u00e9cossais label Rouge\" itemprop=\"image\" height=\"60\" width=\"116\" title=\"Mowiscotland fournisseur de saumon \u00e9cossais label Rouge\" onerror=\"this.style.display='none'\"  \/>\n\t<p><strong>Mowi Scotland<\/strong><\/p>\n\t<p><strong>\u00c9cosse<\/strong><\/p>\n<strong>Scott Nolan<\/strong><br \/>\n<a title=\"mailto:scott.nolan@mowi.com\" contenteditable=\"false\" href=\"mailto:scott.nolan@mowi.com\">scott.nolan@mowi.com<\/a>\nT\u00e9l. : +44(0)1383 221 301<br \/>\n<a href=\"https:\/\/www.mowiscotland.co.uk\">www.mowiscotland.co.uk<\/a>\n\t<p><strong>France<\/strong><\/p>\n<strong>Fernando Lenne <\/strong><br \/>\n<a href=\"mailto: Fernando.Lenne@mowi.com\"> Fernando.Lenne@mowi.com <\/a>\n<p>T\u00e9l. : +33 (0)321874985<\/p>\n\t\t\t\t<img loading=\"lazy\" decoding=\"async\" src=\"https:\/\/saumonecossais.com\/de\/wp-content\/uploads\/2019\/12\/LOGO-Scottish-Seafarms.jpg\" alt=\"Scottish Sea Farms fournisseur de saumon \u00e9cossais label Rouge\" itemprop=\"image\" height=\"60\" width=\"154\" title=\"Scottish Sea Farms fournisseur de saumon \u00e9cossais label Rouge\" onerror=\"this.style.display='none'\"  \/>\n\t<p><strong>Scottish Sea Farms<\/strong><\/p>\n\t<p><strong>\u00c9cosse<\/strong><\/p>\n<strong> C\u00e9line Kimpflin <\/strong><br \/>\n<a href=\"mailto: Celine.Kimpflin@scottishseafarms.com\"> Celine.Kimpflin@scottishseafarms.com <\/a>\nT\u00e9l. : +44 (0)1786 445541<br \/>\nFax : +44 (0)1786 450164<br \/>\n<a href=\"https:\/\/www.scottishseafarms.com\/\"> www.scottishseafarms.com<\/a>\n\n","protected":false},"excerpt":{"rendered":"<p>Die Produzenten von schottischem Lachs mit dem roten G\u00fctezeichen frisch im Ganzen Sie \u00fcbernehmen alle Schritte der Aufzucht von schottischem Lachs Label Rouge, vom Ei bis zum ganzen Fisch in Handelsgr\u00f6\u00dfe : Bakkafrost Scotland \u00c9cosse Communications\u00a0and Business\u00a0Development: Su Cox Su.Cox@bakkafrost.com Sales : Claire Encrenaz claire.encrenaz@bakkafrost.com T\u00e9l. : +44 (0)131 718 8500 www.bakkafrostscotland.com Cooke Aquaculture Scotland&hellip;<\/p>\n","protected":false},"author":1,"featured_media":0,"parent":0,"menu_order":0,"comment_status":"closed","ping_status":"closed","template":"","meta":{"footnotes":""},"class_list":["post-2237","page","type-page","status-publish","hentry"],"yoast_head":"<!-- This site is optimized with the Yoast SEO plugin v27.4 - https:\/\/yoast.com\/product\/yoast-seo-wordpress\/ -->\n<title>Frischer ganzer Lachs - Schottischer Lachs Label Rouge<\/title>\n<meta name=\"description\" content=\"Entdecken Sie die schottischen und franz\u00f6sischen Lieferanten von frischem, ganzem schottischem Label-Rouge-Lachs und deren Kontaktdaten, um mehr zu erfahren.\" \/>\n<meta name=\"robots\" content=\"index, follow, max-snippet:-1, max-image-preview:large, max-video-preview:-1\" \/>\n<link rel=\"canonical\" href=\"https:\/\/saumonecossais.com\/de\/frischer-ganzer-lachs\/\" \/>\n<meta property=\"og:locale\" content=\"de_DE\" \/>\n<meta property=\"og:type\" content=\"article\" \/>\n<meta property=\"og:title\" content=\"Frischer ganzer Lachs - Schottischer Lachs Label Rouge\" \/>\n<meta property=\"og:description\" content=\"Entdecken Sie die schottischen und franz\u00f6sischen Lieferanten von frischem, ganzem schottischem Label-Rouge-Lachs und deren Kontaktdaten, um mehr zu erfahren.\" \/>\n<meta property=\"og:url\" content=\"https:\/\/saumonecossais.com\/de\/frischer-ganzer-lachs\/\" \/>\n<meta property=\"og:site_name\" content=\"Schottischer Lachs Label Rouge\" \/>\n<meta property=\"article:modified_time\" content=\"2025-04-30T09:27:14+00:00\" \/>\n<meta property=\"og:image\" content=\"https:\/\/saumonecossais.com\/de\/wp-content\/uploads\/2024\/06\/0193-Bakkafrost-Scotland-Logo_RGB.png\" \/>\n<meta name=\"twitter:card\" content=\"summary_large_image\" \/>\n<meta name=\"twitter:label1\" content=\"Gesch\u00e4tzte Lesezeit\" \/>\n\t<meta name=\"twitter:data1\" content=\"2\u00a0Minuten\" \/>\n<script type=\"application\/ld+json\" class=\"yoast-schema-graph\">{\"@context\":\"https:\\\/\\\/schema.org\",\"@graph\":[{\"@type\":\"WebPage\",\"@id\":\"https:\\\/\\\/saumonecossais.com\\\/de\\\/frischer-ganzer-lachs\\\/\",\"url\":\"https:\\\/\\\/saumonecossais.com\\\/de\\\/frischer-ganzer-lachs\\\/\",\"name\":\"Frischer ganzer Lachs - Schottischer Lachs Label Rouge\",\"isPartOf\":{\"@id\":\"https:\\\/\\\/saumonecossais.com\\\/de\\\/#website\"},\"primaryImageOfPage\":{\"@id\":\"https:\\\/\\\/saumonecossais.com\\\/de\\\/frischer-ganzer-lachs\\\/#primaryimage\"},\"image\":{\"@id\":\"https:\\\/\\\/saumonecossais.com\\\/de\\\/frischer-ganzer-lachs\\\/#primaryimage\"},\"thumbnailUrl\":\"https:\\\/\\\/saumonecossais.com\\\/de\\\/wp-content\\\/uploads\\\/2024\\\/06\\\/0193-Bakkafrost-Scotland-Logo_RGB.png\",\"datePublished\":\"2020-02-06T11:12:02+00:00\",\"dateModified\":\"2025-04-30T09:27:14+00:00\",\"description\":\"Entdecken Sie die schottischen und franz\u00f6sischen Lieferanten von frischem, ganzem schottischem Label-Rouge-Lachs und deren Kontaktdaten, um mehr zu erfahren.\",\"breadcrumb\":{\"@id\":\"https:\\\/\\\/saumonecossais.com\\\/de\\\/frischer-ganzer-lachs\\\/#breadcrumb\"},\"inLanguage\":\"de\",\"potentialAction\":[{\"@type\":\"ReadAction\",\"target\":[\"https:\\\/\\\/saumonecossais.com\\\/de\\\/frischer-ganzer-lachs\\\/\"]}]},{\"@type\":\"ImageObject\",\"inLanguage\":\"de\",\"@id\":\"https:\\\/\\\/saumonecossais.com\\\/de\\\/frischer-ganzer-lachs\\\/#primaryimage\",\"url\":\"https:\\\/\\\/saumonecossais.com\\\/de\\\/wp-content\\\/uploads\\\/2024\\\/06\\\/0193-Bakkafrost-Scotland-Logo_RGB.png\",\"contentUrl\":\"https:\\\/\\\/saumonecossais.com\\\/de\\\/wp-content\\\/uploads\\\/2024\\\/06\\\/0193-Bakkafrost-Scotland-Logo_RGB.png\",\"width\":624,\"height\":479},{\"@type\":\"BreadcrumbList\",\"@id\":\"https:\\\/\\\/saumonecossais.com\\\/de\\\/frischer-ganzer-lachs\\\/#breadcrumb\",\"itemListElement\":[{\"@type\":\"ListItem\",\"position\":1,\"name\":\"Accueil\",\"item\":\"https:\\\/\\\/saumonecossais.com\\\/de\\\/\"},{\"@type\":\"ListItem\",\"position\":2,\"name\":\"Frischer ganzer Lachs\"}]},{\"@type\":\"WebSite\",\"@id\":\"https:\\\/\\\/saumonecossais.com\\\/de\\\/#website\",\"url\":\"https:\\\/\\\/saumonecossais.com\\\/de\\\/\",\"name\":\"Schottischer Lachs Label Rouge\",\"description\":\"Ein unvergleichlicher Geschmack\",\"publisher\":{\"@id\":\"https:\\\/\\\/saumonecossais.com\\\/de\\\/#organization\"},\"alternateName\":\"Schottischer Lachs Label Rouge\",\"potentialAction\":[{\"@type\":\"SearchAction\",\"target\":{\"@type\":\"EntryPoint\",\"urlTemplate\":\"https:\\\/\\\/saumonecossais.com\\\/de\\\/?s={search_term_string}\"},\"query-input\":{\"@type\":\"PropertyValueSpecification\",\"valueRequired\":true,\"valueName\":\"search_term_string\"}}],\"inLanguage\":\"de\"},{\"@type\":\"Organization\",\"@id\":\"https:\\\/\\\/saumonecossais.com\\\/de\\\/#organization\",\"name\":\"Schottischer Lachs Label Rouge\",\"alternateName\":\"Schottischer Lachs Label Rouge\",\"url\":\"https:\\\/\\\/saumonecossais.com\\\/de\\\/\",\"logo\":{\"@type\":\"ImageObject\",\"inLanguage\":\"de\",\"@id\":\"https:\\\/\\\/saumonecossais.com\\\/de\\\/#\\\/schema\\\/logo\\\/image\\\/\",\"url\":\"https:\\\/\\\/saumonecossais.com\\\/de\\\/wp-content\\\/uploads\\\/2024\\\/06\\\/SELR-logo.png\",\"contentUrl\":\"https:\\\/\\\/saumonecossais.com\\\/de\\\/wp-content\\\/uploads\\\/2024\\\/06\\\/SELR-logo.png\",\"width\":696,\"height\":696,\"caption\":\"Schottischer Lachs Label Rouge\"},\"image\":{\"@id\":\"https:\\\/\\\/saumonecossais.com\\\/de\\\/#\\\/schema\\\/logo\\\/image\\\/\"}}]}<\/script>\n<!-- \/ Yoast SEO plugin. -->","yoast_head_json":{"title":"Frischer ganzer Lachs - Schottischer Lachs Label Rouge","description":"Entdecken Sie die schottischen und franz\u00f6sischen Lieferanten von frischem, ganzem schottischem Label-Rouge-Lachs und deren Kontaktdaten, um mehr zu erfahren.","robots":{"index":"index","follow":"follow","max-snippet":"max-snippet:-1","max-image-preview":"max-image-preview:large","max-video-preview":"max-video-preview:-1"},"canonical":"https:\/\/saumonecossais.com\/de\/frischer-ganzer-lachs\/","og_locale":"de_DE","og_type":"article","og_title":"Frischer ganzer Lachs - Schottischer Lachs Label Rouge","og_description":"Entdecken Sie die schottischen und franz\u00f6sischen Lieferanten von frischem, ganzem schottischem Label-Rouge-Lachs und deren Kontaktdaten, um mehr zu erfahren.","og_url":"https:\/\/saumonecossais.com\/de\/frischer-ganzer-lachs\/","og_site_name":"Schottischer Lachs Label Rouge","article_modified_time":"2025-04-30T09:27:14+00:00","og_image":[{"url":"https:\/\/saumonecossais.com\/de\/wp-content\/uploads\/2024\/06\/0193-Bakkafrost-Scotland-Logo_RGB.png","type":"","width":"","height":""}],"twitter_card":"summary_large_image","twitter_misc":{"Gesch\u00e4tzte Lesezeit":"2\u00a0Minuten"},"schema":{"@context":"https:\/\/schema.org","@graph":[{"@type":"WebPage","@id":"https:\/\/saumonecossais.com\/de\/frischer-ganzer-lachs\/","url":"https:\/\/saumonecossais.com\/de\/frischer-ganzer-lachs\/","name":"Frischer ganzer Lachs - Schottischer Lachs Label Rouge","isPartOf":{"@id":"https:\/\/saumonecossais.com\/de\/#website"},"primaryImageOfPage":{"@id":"https:\/\/saumonecossais.com\/de\/frischer-ganzer-lachs\/#primaryimage"},"image":{"@id":"https:\/\/saumonecossais.com\/de\/frischer-ganzer-lachs\/#primaryimage"},"thumbnailUrl":"https:\/\/saumonecossais.com\/de\/wp-content\/uploads\/2024\/06\/0193-Bakkafrost-Scotland-Logo_RGB.png","datePublished":"2020-02-06T11:12:02+00:00","dateModified":"2025-04-30T09:27:14+00:00","description":"Entdecken Sie die schottischen und franz\u00f6sischen Lieferanten von frischem, ganzem schottischem Label-Rouge-Lachs und deren Kontaktdaten, um mehr zu erfahren.","breadcrumb":{"@id":"https:\/\/saumonecossais.com\/de\/frischer-ganzer-lachs\/#breadcrumb"},"inLanguage":"de","potentialAction":[{"@type":"ReadAction","target":["https:\/\/saumonecossais.com\/de\/frischer-ganzer-lachs\/"]}]},{"@type":"ImageObject","inLanguage":"de","@id":"https:\/\/saumonecossais.com\/de\/frischer-ganzer-lachs\/#primaryimage","url":"https:\/\/saumonecossais.com\/de\/wp-content\/uploads\/2024\/06\/0193-Bakkafrost-Scotland-Logo_RGB.png","contentUrl":"https:\/\/saumonecossais.com\/de\/wp-content\/uploads\/2024\/06\/0193-Bakkafrost-Scotland-Logo_RGB.png","width":624,"height":479},{"@type":"BreadcrumbList","@id":"https:\/\/saumonecossais.com\/de\/frischer-ganzer-lachs\/#breadcrumb","itemListElement":[{"@type":"ListItem","position":1,"name":"Accueil","item":"https:\/\/saumonecossais.com\/de\/"},{"@type":"ListItem","position":2,"name":"Frischer ganzer Lachs"}]},{"@type":"WebSite","@id":"https:\/\/saumonecossais.com\/de\/#website","url":"https:\/\/saumonecossais.com\/de\/","name":"Schottischer Lachs Label Rouge","description":"Ein unvergleichlicher Geschmack","publisher":{"@id":"https:\/\/saumonecossais.com\/de\/#organization"},"alternateName":"Schottischer Lachs Label Rouge","potentialAction":[{"@type":"SearchAction","target":{"@type":"EntryPoint","urlTemplate":"https:\/\/saumonecossais.com\/de\/?s={search_term_string}"},"query-input":{"@type":"PropertyValueSpecification","valueRequired":true,"valueName":"search_term_string"}}],"inLanguage":"de"},{"@type":"Organization","@id":"https:\/\/saumonecossais.com\/de\/#organization","name":"Schottischer Lachs Label Rouge","alternateName":"Schottischer Lachs Label Rouge","url":"https:\/\/saumonecossais.com\/de\/","logo":{"@type":"ImageObject","inLanguage":"de","@id":"https:\/\/saumonecossais.com\/de\/#\/schema\/logo\/image\/","url":"https:\/\/saumonecossais.com\/de\/wp-content\/uploads\/2024\/06\/SELR-logo.png","contentUrl":"https:\/\/saumonecossais.com\/de\/wp-content\/uploads\/2024\/06\/SELR-logo.png","width":696,"height":696,"caption":"Schottischer Lachs Label Rouge"},"image":{"@id":"https:\/\/saumonecossais.com\/de\/#\/schema\/logo\/image\/"}}]}},"_links":{"self":[{"href":"https:\/\/saumonecossais.com\/de\/wp-json\/wp\/v2\/pages\/2237","targetHints":{"allow":["GET"]}}],"collection":[{"href":"https:\/\/saumonecossais.com\/de\/wp-json\/wp\/v2\/pages"}],"about":[{"href":"https:\/\/saumonecossais.com\/de\/wp-json\/wp\/v2\/types\/page"}],"author":[{"embeddable":true,"href":"https:\/\/saumonecossais.com\/de\/wp-json\/wp\/v2\/users\/1"}],"replies":[{"embeddable":true,"href":"https:\/\/saumonecossais.com\/de\/wp-json\/wp\/v2\/comments?post=2237"}],"version-history":[{"count":1,"href":"https:\/\/saumonecossais.com\/de\/wp-json\/wp\/v2\/pages\/2237\/revisions"}],"predecessor-version":[{"id":5369,"href":"https:\/\/saumonecossais.com\/de\/wp-json\/wp\/v2\/pages\/2237\/revisions\/5369"}],"wp:attachment":[{"href":"https:\/\/saumonecossais.com\/de\/wp-json\/wp\/v2\/media?parent=2237"}],"curies":[{"name":"wp","href":"https:\/\/api.w.org\/{rel}","templated":true}]}}